{"id":33068,"date":"2026-05-08T17:54:20","date_gmt":"2026-05-08T17:54:20","guid":{"rendered":"https:\/\/web.kifst.unist.hr\/knowledge-transfers\/"},"modified":"2026-05-08T17:54:24","modified_gmt":"2026-05-08T17:54:24","slug":"knowledge-transfers","status":"publish","type":"page","link":"https:\/\/web.kifst.unist.hr\/en\/cooperation\/knowledge-transfers\/","title":{"rendered":"Knowledge transfers"},"content":{"rendered":"\t\t<div data-elementor-type=\"wp-page\" data-elementor-id=\"33068\" class=\"elementor elementor-33068 elementor-33051\" data-elementor-post-type=\"page\">\n\t\t\t\t\t\t\t\t\t<section class=\"elementor-section elementor-top-section elementor-element elementor-element-a1fe2ad elementor-section-boxed elementor-section-height-default elementor-section-height-default\" data-id=\"a1fe2ad\" data-element_type=\"section\" data-settings=\"{&quot;jet_parallax_layout_list&quot;:[]}\">\n\t\t\t\t\t\t<div class=\"elementor-container elementor-column-gap-default\">\n\t\t\t\t\t<div class=\"elementor-column elementor-col-100 elementor-top-column elementor-element elementor-element-ea6b8b1\" data-id=\"ea6b8b1\" data-element_type=\"column\">\n\t\t\t<div class=\"elementor-widget-wrap elementor-element-populated\">\n\t\t\t\t\t\t\t\t<div class=\"elementor-element elementor-element-fe4ac39 elementor-widget elementor-widget-text-editor\" data-id=\"fe4ac39\" data-element_type=\"widget\" data-widget_type=\"text-editor.default\">\n\t\t\t\t<div class=\"elementor-widget-container\">\n\t\t\t\t\t\t\t<p data-start=\"1237\" data-end=\"1578\">The knowledge transfer of the Faculty of Kinesiology, University of Split, includes projects, programs and activities through which the scientific, professional and teaching competencies of the Faculty are transferred to students, alumni, sports clubs, teaching bases, educational institutions, sports coaches, older people and the general public.<\/p>\n<p data-start=\"1580\" data-end=\"2007\">Through knowledge transfer projects, the Faculty connects scientific research, professional work, education and practical application in the fields of sports, health, physical activity, fitness training, motor development, sports heritage and identification of sports talents. In this way, the Faculty contributes to the development of sports and health in the community, strengthening cooperation with external stakeholders and increasing the social visibility of the kinesiology profession. <\/p>\t\t\t\t\t\t<\/div>\n\t\t\t\t<\/div>\n\t\t\t\t\t<\/div>\n\t\t<\/div>\n\t\t\t\t\t\t\t<\/div>\n\t\t<\/section>\n\t\t\t\t<section class=\"elementor-section elementor-top-section elementor-element elementor-element-2a3297c elementor-section-boxed elementor-section-height-default elementor-section-height-default\" data-id=\"2a3297c\" data-element_type=\"section\" data-settings=\"{&quot;jet_parallax_layout_list&quot;:[]}\">\n\t\t\t\t\t\t<div class=\"elementor-container elementor-column-gap-default\">\n\t\t\t\t\t<div class=\"elementor-column elementor-col-100 elementor-top-column elementor-element elementor-element-96b0346\" data-id=\"96b0346\" data-element_type=\"column\">\n\t\t\t<div class=\"elementor-widget-wrap elementor-element-populated\">\n\t\t\t\t\t\t\t\t<div class=\"elementor-element elementor-element-a030c2d elementor-widget elementor-widget-jet-accordion\" data-id=\"a030c2d\" data-element_type=\"widget\" data-widget_type=\"jet-accordion.default\">\n\t\t\t\t<div class=\"elementor-widget-container\">\n\t\t\t\t\t<div class=\"jet-accordion\" data-settings=\"{&quot;collapsible&quot;:false,&quot;ajaxTemplate&quot;:false,&quot;switchScrolling&quot;:false,&quot;switchScrollingOffset&quot;:0,&quot;switchScrollingDelay&quot;:500}\" role=\"tablist\">\n\t\t\t<div class=\"jet-accordion__inner\">\n\t\t\t\t<div class=\"jet-accordion__item jet-toggle jet-toggle-move-up-effect \">\n\t\t\t\t\t\t\t<div id=\"jet-toggle-control-1671\" class=\"jet-toggle__control elementor-menu-anchor\" data-toggle=\"1\" role=\"tab\" tabindex=\"0\" aria-controls=\"jet-toggle-content-1671\" aria-expanded=\"false\" data-template-id=\"false\">\n\t\t\t\t\t\t\t\t<div class=\"jet-toggle__label-icon jet-toggle-icon-position-left\"><span class=\"jet-toggle__icon icon-normal jet-tabs-icon\"><i class=\"fas fa-plus\"><\/i><\/span><span class=\"jet-toggle__icon icon-active jet-tabs-icon\"><i class=\"fas fa-minus\"><\/i><\/span><\/div><div class=\"jet-toggle__label-text\">Open space and closed years<\/div>\t\t\t\t\t\t\t<\/div>\n\t\t\t\t\t\t\t<div id=\"jet-toggle-content-1671\" class=\"jet-toggle__content\" data-toggle=\"1\" role=\"tabpanel\" data-template-id=\"false\">\n\t\t\t\t\t\t\t\t<div class=\"jet-toggle__content-inner\"><p data-start=\"820\" data-end=\"1205\"><strong data-start=\"828\" data-end=\"867\">The Open Space and Closed Years<\/strong> project focuses on recreation, physical exercise and health of older people. The project implements a recreational outdoor exercise program, three times a week throughout the year, in Mertojak Park. The project has been running for three years and is an example of the continuous application of kinesiology knowledge in the local community.  <\/p>\n<p data-start=\"1207\" data-end=\"1372\">The project manager is  <strong data-start=\"1231\" data-end=\"1269\">Prof. Dr. Nata\u0161a Zeni\u0107 Sekuli\u0107 <\/strong>, and the target groups are the general public and the elderly.<\/p>\n<\/div>\n\t\t\t\t\t\t\t<\/div>\n\t\t\t\t\t\t<\/div><div class=\"jet-accordion__item jet-toggle jet-toggle-move-up-effect \">\n\t\t\t\t\t\t\t<div id=\"jet-toggle-control-1672\" class=\"jet-toggle__control elementor-menu-anchor\" data-toggle=\"2\" role=\"tab\" tabindex=\"0\" aria-controls=\"jet-toggle-content-1672\" aria-expanded=\"false\" data-template-id=\"false\">\n\t\t\t\t\t\t\t\t<div class=\"jet-toggle__label-icon jet-toggle-icon-position-left\"><span class=\"jet-toggle__icon icon-normal jet-tabs-icon\"><i class=\"fas fa-plus\"><\/i><\/span><span class=\"jet-toggle__icon icon-active jet-tabs-icon\"><i class=\"fas fa-minus\"><\/i><\/span><\/div><div class=\"jet-toggle__label-text\">Health, Longevity and Sport (HeLoS)<\/div>\t\t\t\t\t\t\t<\/div>\n\t\t\t\t\t\t\t<div id=\"jet-toggle-content-1672\" class=\"jet-toggle__content\" data-toggle=\"2\" role=\"tabpanel\" data-template-id=\"false\">\n\t\t\t\t\t\t\t\t<div class=\"jet-toggle__content-inner\"><p data-start=\"1418\" data-end=\"1801\"><strong data-start=\"1426\" data-end=\"1468\">The Health, Longevity and Sport (HeLoS)<\/strong> project is an institutional project of the Faculty of Kinesiology in Split aimed at connecting scientific knowledge, digitalization of data collection and practical interventions to optimize health status, biological age and sports development. The project includes children, students, athletes, people with special needs and the general population. <\/p>\n<p data-start=\"1803\" data-end=\"2219\">The project applies kinesiological diagnostics, field research and modern technologies, including digital tools, cloud technology, machine learning and artificial intelligence. Special emphasis is placed on developing tools for monitoring health status, raising awareness of the importance of physical activity and a healthy lifestyle, and connecting different stakeholders in the field of kinesiology, health and sports. <\/p>\n<p data-start=\"2221\" data-end=\"2311\">The project manager is  <strong data-start=\"2242\" data-end=\"2272\">Prof. Dra\u017een \u010cular <\/strong>.<\/p>\n<\/div>\n\t\t\t\t\t\t\t<\/div>\n\t\t\t\t\t\t<\/div><div class=\"jet-accordion__item jet-toggle jet-toggle-move-up-effect \">\n\t\t\t\t\t\t\t<div id=\"jet-toggle-control-1673\" class=\"jet-toggle__control elementor-menu-anchor\" data-toggle=\"3\" role=\"tab\" tabindex=\"0\" aria-controls=\"jet-toggle-content-1673\" aria-expanded=\"false\" data-template-id=\"false\">\n\t\t\t\t\t\t\t\t<div class=\"jet-toggle__label-icon jet-toggle-icon-position-left\"><span class=\"jet-toggle__icon icon-normal jet-tabs-icon\"><i class=\"fas fa-plus\"><\/i><\/span><span class=\"jet-toggle__icon icon-active jet-tabs-icon\"><i class=\"fas fa-minus\"><\/i><\/span><\/div><div class=\"jet-toggle__label-text\">The future of Split's sports history<\/div>\t\t\t\t\t\t\t<\/div>\n\t\t\t\t\t\t\t<div id=\"jet-toggle-content-1673\" class=\"jet-toggle__content\" data-toggle=\"3\" role=\"tabpanel\" data-template-id=\"false\">\n\t\t\t\t\t\t\t\t<div class=\"jet-toggle__content-inner\"><p data-start=\"2355\" data-end=\"2634\"><strong data-start=\"2363\" data-end=\"2403\">The Future of Split Sports History<\/strong> project aims to preserve and promote the sports heritage of the city of Split. It is based on the need to more systematically preserve, research, and present the history of Split sports to students, alumni, educational institutions, professors, and the general public. <\/p>\n<p data-start=\"2636\" data-end=\"2799\">The project aims to raise awareness of the importance of the sports heritage of the city of Split and connect the Faculty with people and institutions that care about the history of Split sports.<\/p>\n<p data-start=\"2801\" data-end=\"2964\">The project manager is  <strong data-start=\"2822\" data-end=\"2856\">Prof. Dr. Hrvoje Karnin\u010di\u0107 <\/strong>, and the target groups are students, alumni, teaching bases and the general public.<\/p>\n<\/div>\n\t\t\t\t\t\t\t<\/div>\n\t\t\t\t\t\t<\/div><div class=\"jet-accordion__item jet-toggle jet-toggle-move-up-effect \">\n\t\t\t\t\t\t\t<div id=\"jet-toggle-control-1674\" class=\"jet-toggle__control elementor-menu-anchor\" data-toggle=\"4\" role=\"tab\" tabindex=\"0\" aria-controls=\"jet-toggle-content-1674\" aria-expanded=\"false\" data-template-id=\"false\">\n\t\t\t\t\t\t\t\t<div class=\"jet-toggle__label-icon jet-toggle-icon-position-left\"><span class=\"jet-toggle__icon icon-normal jet-tabs-icon\"><i class=\"fas fa-plus\"><\/i><\/span><span class=\"jet-toggle__icon icon-active jet-tabs-icon\"><i class=\"fas fa-minus\"><\/i><\/span><\/div><div class=\"jet-toggle__label-text\">Athletic activities to encourage motor excellence<\/div>\t\t\t\t\t\t\t<\/div>\n\t\t\t\t\t\t\t<div id=\"jet-toggle-content-1674\" class=\"jet-toggle__content\" data-toggle=\"4\" role=\"tabpanel\" data-template-id=\"false\">\n\t\t\t\t\t\t\t\t<div class=\"jet-toggle__content-inner\"><p data-start=\"3025\" data-end=\"3334\"><strong data-start=\"3033\" data-end=\"3090\">The Athletic Activities for Encouraging Motor Excellence<\/strong> project addresses the role of athletic activities in the development of motor skills and motor excellence. Special emphasis is placed on biotic motor skills, such as running, jumping, and throwing, which are the foundation of overall motor development. <\/p>\n<p data-start=\"3336\" data-end=\"3527\">The project analyzes training plans and programs and the ways in which properly structured athletic content can be used to encourage optimal progress in athletic disciplines.<\/p>\n<p data-start=\"3529\" data-end=\"3650\">The project manager is  <strong data-start=\"3550\" data-end=\"3580\">prof. Frane \u017duvela <\/strong>, and the target group is students.<\/p>\n<h3 data-section-id=\"oq6oc3\" data-start=\"3652\" data-end=\"3675\"> <\/h3>\n<\/div>\n\t\t\t\t\t\t\t<\/div>\n\t\t\t\t\t\t<\/div><div class=\"jet-accordion__item jet-toggle jet-toggle-move-up-effect \">\n\t\t\t\t\t\t\t<div id=\"jet-toggle-control-1675\" class=\"jet-toggle__control elementor-menu-anchor\" data-toggle=\"5\" role=\"tab\" tabindex=\"0\" aria-controls=\"jet-toggle-content-1675\" aria-expanded=\"false\" data-template-id=\"false\">\n\t\t\t\t\t\t\t\t<div class=\"jet-toggle__label-icon jet-toggle-icon-position-left\"><span class=\"jet-toggle__icon icon-normal jet-tabs-icon\"><i class=\"fas fa-plus\"><\/i><\/span><span class=\"jet-toggle__icon icon-active jet-tabs-icon\"><i class=\"fas fa-minus\"><\/i><\/span><\/div><div class=\"jet-toggle__label-text\">Sports mathematics<\/div>\t\t\t\t\t\t\t<\/div>\n\t\t\t\t\t\t\t<div id=\"jet-toggle-content-1675\" class=\"jet-toggle__content\" data-toggle=\"5\" role=\"tabpanel\" data-template-id=\"false\">\n\t\t\t\t\t\t\t\t<div class=\"jet-toggle__content-inner\"><p data-start=\"3677\" data-end=\"3998\"><strong data-start=\"3685\" data-end=\"3708\">The Sports Mathematics<\/strong> project aims to improve mathematics education through blended learning that connects theoretical tasks with practical motor activities. This approach integrates mathematical content into simple sports exercises, enabling children to learn actively and experientially. <\/p>\n<p data-start=\"4000\" data-end=\"4144\">This encourages understanding of the teaching material, increases motivation for learning, and simultaneously develops cognitive and motor skills.<\/p>\n<p data-start=\"4146\" data-end=\"4347\">The project leaders are  <strong data-start=\"4168\" data-end=\"4251\">Prof. Dr. Sc. Nenad Rogulj, Smiljana Le\u0161i\u0107 and Assoc. Prof. Dr. Sc. Marijana \u010cavala   <\/strong>, and the target groups are teachers, kinesiologists and students.<\/p>\n<\/div>\n\t\t\t\t\t\t\t<\/div>\n\t\t\t\t\t\t<\/div><div class=\"jet-accordion__item jet-toggle jet-toggle-move-up-effect \">\n\t\t\t\t\t\t\t<div id=\"jet-toggle-control-1676\" class=\"jet-toggle__control elementor-menu-anchor\" data-toggle=\"6\" role=\"tab\" tabindex=\"0\" aria-controls=\"jet-toggle-content-1676\" aria-expanded=\"false\" data-template-id=\"false\">\n\t\t\t\t\t\t\t\t<div class=\"jet-toggle__label-icon jet-toggle-icon-position-left\"><span class=\"jet-toggle__icon icon-normal jet-tabs-icon\"><i class=\"fas fa-plus\"><\/i><\/span><span class=\"jet-toggle__icon icon-active jet-tabs-icon\"><i class=\"fas fa-minus\"><\/i><\/span><\/div><div class=\"jet-toggle__label-text\">Fitness preparation of young athletes<\/div>\t\t\t\t\t\t\t<\/div>\n\t\t\t\t\t\t\t<div id=\"jet-toggle-content-1676\" class=\"jet-toggle__content\" data-toggle=\"6\" role=\"tabpanel\" data-template-id=\"false\">\n\t\t\t\t\t\t\t\t<div class=\"jet-toggle__content-inner\"><p data-start=\"4391\" data-end=\"4753\">The project <strong data-start=\"4399\" data-end=\"4439\">Fitness Preparation of Young Athletes<\/strong> is aimed at organizing various activities to educate students and alumni in the field of working with young athletes. The project responds to the need to further strengthen professional competencies in the field of fitness preparation of children and youth, which is represented to a limited extent in the regular study program. <\/p>\n<p data-start=\"4755\" data-end=\"4883\">The project manager is  <strong data-start=\"4776\" data-end=\"4804\">Assistant Professor \u0160ime Ver\u0161i\u0107, PhD  <\/strong>, and the target groups are students and alumni.<\/p>\n<\/div>\n\t\t\t\t\t\t\t<\/div>\n\t\t\t\t\t\t<\/div><div class=\"jet-accordion__item jet-toggle jet-toggle-move-up-effect \">\n\t\t\t\t\t\t\t<div id=\"jet-toggle-control-1677\" class=\"jet-toggle__control elementor-menu-anchor\" data-toggle=\"7\" role=\"tab\" tabindex=\"0\" aria-controls=\"jet-toggle-content-1677\" aria-expanded=\"false\" data-template-id=\"false\">\n\t\t\t\t\t\t\t\t<div class=\"jet-toggle__label-icon jet-toggle-icon-position-left\"><span class=\"jet-toggle__icon icon-normal jet-tabs-icon\"><i class=\"fas fa-plus\"><\/i><\/span><span class=\"jet-toggle__icon icon-active jet-tabs-icon\"><i class=\"fas fa-minus\"><\/i><\/span><\/div><div class=\"jet-toggle__label-text\">Methods of work, identification and selection in football<\/div>\t\t\t\t\t\t\t<\/div>\n\t\t\t\t\t\t\t<div id=\"jet-toggle-content-1677\" class=\"jet-toggle__content\" data-toggle=\"7\" role=\"tabpanel\" data-template-id=\"false\">\n\t\t\t\t\t\t\t\t<div class=\"jet-toggle__content-inner\"><p data-start=\"4941\" data-end=\"5283\">The project <strong data-start=\"4949\" data-end=\"5003\">Methods of work, identification and selection in football<\/strong> is focused on education in the field of coaching work with football players of different ages. The identification and selection of young football players is an integral part of the coaching work, and the selection of appropriate methods and content through different development phases is one of the key tasks in football practice. <\/p>\n<p data-start=\"5285\" data-end=\"5458\">The project presents theoretical and practical methods of work, identification and selection in football, with an emphasis on their application in working with football players of different ages.<\/p>\n<p data-start=\"5460\" data-end=\"5686\" data-is-last-node=\"\" data-is-only-node=\"\">The project leaders are  <strong data-start=\"5482\" data-end=\"5536\">Assistant Professor Ante Ra\u0111a and Professor Marko Erceg   <\/strong>, and the target groups are students, alumni and football coaches at the Football Association of Split-Dalmatia County.<\/p>\n<\/div>\n\t\t\t\t\t\t\t<\/div>\n\t\t\t\t\t\t<\/div>\t\t\t\t\t\t\t\t<\/div>\n\t\t<\/div>\n\t\t\t\t<\/div>\n\t\t\t\t<\/div>\n\t\t\t\t\t<\/div>\n\t\t<\/div>\n\t\t\t\t\t\t\t<\/div>\n\t\t<\/section>\n\t\t\t\t\t\t\t<\/div>\n\t\t","protected":false},"excerpt":{"rendered":"<p>The knowledge transfer of the Faculty of Kinesiology, University of Split, includes projects, programs and activities through which the scientific, professional and teaching competencies of the Faculty are transferred to students, alumni, sports clubs, teaching bases, educational institutions, sports coaches, older people and the general public. Through knowledge transfer projects, the Faculty connects scientific research,<\/p>\n","protected":false},"author":31,"featured_media":0,"parent":33075,"menu_order":0,"comment_status":"closed","ping_status":"closed","template":"elementor_theme","meta":{"footnotes":""},"acf":[],"_links":{"self":[{"href":"https:\/\/web.kifst.unist.hr\/en\/wp-json\/wp\/v2\/pages\/33068"}],"collection":[{"href":"https:\/\/web.kifst.unist.hr\/en\/wp-json\/wp\/v2\/pages"}],"about":[{"href":"https:\/\/web.kifst.unist.hr\/en\/wp-json\/wp\/v2\/types\/page"}],"author":[{"embeddable":true,"href":"https:\/\/web.kifst.unist.hr\/en\/wp-json\/wp\/v2\/users\/31"}],"replies":[{"embeddable":true,"href":"https:\/\/web.kifst.unist.hr\/en\/wp-json\/wp\/v2\/comments?post=33068"}],"version-history":[{"count":1,"href":"https:\/\/web.kifst.unist.hr\/en\/wp-json\/wp\/v2\/pages\/33068\/revisions"}],"predecessor-version":[{"id":33069,"href":"https:\/\/web.kifst.unist.hr\/en\/wp-json\/wp\/v2\/pages\/33068\/revisions\/33069"}],"up":[{"embeddable":true,"href":"https:\/\/web.kifst.unist.hr\/en\/wp-json\/wp\/v2\/pages\/33075"}],"wp:attachment":[{"href":"https:\/\/web.kifst.unist.hr\/en\/wp-json\/wp\/v2\/media?parent=33068"}],"curies":[{"name":"wp","href":"https:\/\/api.w.org\/{rel}","templated":true}]}}