{"id":32800,"date":"2026-05-07T20:22:10","date_gmt":"2026-05-07T20:22:10","guid":{"rendered":"https:\/\/web.kifst.unist.hr\/studying-at-kifst\/"},"modified":"2026-05-08T07:29:12","modified_gmt":"2026-05-08T07:29:12","slug":"studying-at-kifst","status":"publish","type":"page","link":"https:\/\/web.kifst.unist.hr\/en\/studying-at-kifst\/","title":{"rendered":"Study at KIFST"},"content":{"rendered":"\t\t<div data-elementor-type=\"wp-page\" data-elementor-id=\"32800\" class=\"elementor elementor-32800 elementor-26108\" data-elementor-post-type=\"page\">\n\t\t\t\t\t\t\t\t\t<section class=\"elementor-section elementor-top-section elementor-element elementor-element-1c05899 elementor-section-boxed elementor-section-height-default elementor-section-height-default\" data-id=\"1c05899\" data-element_type=\"section\" data-settings=\"{&quot;jet_parallax_layout_list&quot;:[]}\">\n\t\t\t\t\t\t<div class=\"elementor-container elementor-column-gap-default\">\n\t\t\t\t\t<div class=\"elementor-column elementor-col-100 elementor-top-column elementor-element elementor-element-e79c198\" data-id=\"e79c198\" data-element_type=\"column\">\n\t\t\t<div class=\"elementor-widget-wrap elementor-element-populated\">\n\t\t\t\t\t\t\t\t<div class=\"elementor-element elementor-element-3bc4b49 elementor-widget elementor-widget-text-editor\" data-id=\"3bc4b49\" data-element_type=\"widget\" data-widget_type=\"text-editor.default\">\n\t\t\t\t<div class=\"elementor-widget-container\">\n\t\t\t\t\t\t\t<p><strong>Study at the Faculty of Kinesiology<\/strong><\/p>\n<p>The Faculty of Kinesiology, University of Split offers university, professional and doctoral study programmes in the field of kinesiology, sport, physical exercise and health. The study programmes provide students with the knowledge, skills and competences required for work in sport, education, recreation, strength and conditioning, kinesiotherapy and other areas of applied kinesiology.<\/p>\n<p>The Faculty offers the following study programmes:<\/p>\n<ul>\n<li><strong>University undergraduate study<\/strong><\/li>\n<li><strong>University graduate study<\/strong><\/li>\n<li><strong>Professional undergraduate study<\/strong><\/li>\n<li><strong>Professional graduate study<\/strong><\/li>\n<li><strong>University Graduate Study International Basketball Coaching and Management<\/strong><\/li>\n<li><strong>Doctoral study<\/strong><\/li>\n<\/ul>\n<p>\u00a0<\/p>\n<p><em>All study programmes are delivered in Croatian, with the exception of the doctoral study programme, which may also be carried out in English.<\/em><\/p>\n<p><em>Citizens of EU member states apply under the same enrolment conditions as Croatian citizens. For applicants from non-EU countries, as well as Croatian citizens residing outside the Republic of Croatia, special enrolment quotas are available for university undergraduate and graduate study programmes<\/em><\/p>\n<p><strong>Information about enrolment and studies<\/strong><\/p>\n<p>Information about enrolment, study programmes, student rights and obligations, certificates, applications and other administrative matters is available through the Student Affairs Offices of the Faculty of Kinesiology, University of Split.<\/p>\n<ul>\n<li><strong>Student Affairs Office for full-time students<\/strong><\/li>\n<\/ul>\n<p style=\"padding-left: 40px;\">The Student Affairs Office for full-time students is responsible for administrative tasks related to full-time university undergraduate and graduate studies. Students may contact the Office for information and support regarding enrolment, course of study, student status, certificates and other study-related administrative matters.<\/p>\n<p style=\"padding-left: 40px;\">Marina Male\u0161, Head of Student Services for full-time students and Head of Student Services for doctoral studies<br \/>marina.males-at-kifst.eu<\/p>\n<ul>\n<li><strong>Student Affairs Office for Doctoral Studies<\/strong><\/li>\n<\/ul>\n<p style=\"padding-left: 40px;\">The Doctoral Student Affairs Office provides administrative and organisational support to doctoral students, including information on enrolment, course of study, student obligations, doctoral study procedures and completion of the study programme.<\/p>\n<p style=\"padding-left: 40px;\">Marina Male\u0161, Head of Student Services for Doctoral Studies<br \/>marina.males-at-kifst.eu<\/p>\n<ul>\n<li><strong>Student Affairs Office for Professional Studies<\/strong><\/li>\n<\/ul>\n<p style=\"padding-left: 40px;\">The Student Affairs Office for professional studies is responsible for administrative support for students of professional study programmes, including matters related to enrolment, student rights and obligations, certificates and other necessary documentation.<\/p>\n<p style=\"padding-left: 40px;\">Ljubica Perko Zakni\u0107, Head of Student Services for Part-time Studies<br \/>ljubica.perko-at-kifst.eu<\/p>\t\t\t\t\t\t<\/div>\n\t\t\t\t<\/div>\n\t\t\t\t\t<\/div>\n\t\t<\/div>\n\t\t\t\t\t\t\t<\/div>\n\t\t<\/section>\n\t\t\t\t<section class=\"elementor-section elementor-top-section elementor-element elementor-element-22dfa6c elementor-section-boxed elementor-section-height-default elementor-section-height-default\" data-id=\"22dfa6c\" data-element_type=\"section\" data-settings=\"{&quot;jet_parallax_layout_list&quot;:[]}\">\n\t\t\t\t\t\t<div class=\"elementor-container elementor-column-gap-default\">\n\t\t\t\t\t<div class=\"elementor-column elementor-col-100 elementor-top-column elementor-element elementor-element-4144d0d\" data-id=\"4144d0d\" data-element_type=\"column\">\n\t\t\t<div class=\"elementor-widget-wrap elementor-element-populated\">\n\t\t\t\t\t\t\t\t<div class=\"elementor-element elementor-element-1f55667 elementor-widget-divider--view-line elementor-widget elementor-widget-divider\" data-id=\"1f55667\" data-element_type=\"widget\" data-widget_type=\"divider.default\">\n\t\t\t\t<div class=\"elementor-widget-container\">\n\t\t\t\t\t<div class=\"elementor-divider\">\n\t\t\t<span class=\"elementor-divider-separator\">\n\t\t\t\t\t\t<\/span>\n\t\t<\/div>\n\t\t\t\t<\/div>\n\t\t\t\t<\/div>\n\t\t\t\t<div class=\"elementor-element elementor-element-fde29a2 elementor-widget elementor-widget-heading\" data-id=\"fde29a2\" data-element_type=\"widget\" data-widget_type=\"heading.default\">\n\t\t\t\t<div class=\"elementor-widget-container\">\n\t\t\t<h1 class=\"elementor-heading-title elementor-size-medium\">Health care<\/h1>\t\t<\/div>\n\t\t\t\t<\/div>\n\t\t\t\t<div class=\"elementor-element elementor-element-66c581a elementor-widget elementor-widget-text-editor\" data-id=\"66c581a\" data-element_type=\"widget\" data-widget_type=\"text-editor.default\">\n\t\t\t\t<div class=\"elementor-widget-container\">\n\t\t\t\t\t\t\t<p>Responsible physician for the Faculty of Kinesiology:<\/p>\n<p style=\"margin: 0cm; text-align: justify; line-height: 150%;\"><strong>Hajdi Krstulovi\u0107, Ph.D., specialist in med.<\/strong><\/p>\n<p style=\"margin: 0cm; text-align: justify; line-height: 150%;\">\u0110or\u0111ija Vidi\u0107, Bachelor of Nursing<\/p>\n<p style=\"margin: 0cm; text-align: justify; line-height: 150%;\">Ba\u010dvice branch, Bijankinijeva 13<\/p>\n<p style=\"margin: 0cm; text-align: justify; line-height: 150%;\">phone: 021\/315-684<\/p>\n<p style=\"margin: 0cm; text-align: justify; line-height: 150%;\"> <\/p>\t\t\t\t\t\t<\/div>\n\t\t\t\t<\/div>\n\t\t\t\t<div class=\"elementor-element elementor-element-be19683 elementor-widget-divider--view-line elementor-widget elementor-widget-divider\" data-id=\"be19683\" data-element_type=\"widget\" data-widget_type=\"divider.default\">\n\t\t\t\t<div class=\"elementor-widget-container\">\n\t\t\t\t\t<div class=\"elementor-divider\">\n\t\t\t<span class=\"elementor-divider-separator\">\n\t\t\t\t\t\t<\/span>\n\t\t<\/div>\n\t\t\t\t<\/div>\n\t\t\t\t<\/div>\n\t\t\t\t<div class=\"elementor-element elementor-element-ce926c1 elementor-widget elementor-widget-heading\" data-id=\"ce926c1\" data-element_type=\"widget\" data-widget_type=\"heading.default\">\n\t\t\t\t<div class=\"elementor-widget-container\">\n\t\t\t<h1 class=\"elementor-heading-title elementor-size-medium\">Psychological counseling<\/h1>\t\t<\/div>\n\t\t\t\t<\/div>\n\t\t\t\t<div class=\"elementor-element elementor-element-b3706d6 elementor-widget elementor-widget-text-editor\" data-id=\"b3706d6\" data-element_type=\"widget\" data-widget_type=\"text-editor.default\">\n\t\t\t\t<div class=\"elementor-widget-container\">\n\t\t\t\t\t\t\t<p>If you have any difficulties related to learning and behavior, you can contact us for counseling and help:<\/p>\n<ol>\n<li>To the responsible school medicine doctor every day in the morning at the phone number: +385 (0)21 315 684 or at the email address: <a href=\"mailto:skolska@nzjz-split.hr\">skolska@nzjz-split.hr<\/a><\/li>\n<li><span class=\"plavo\"><span style=\"color: windowtext;\">The Center for Psychological Counseling, University of Split<\/span><\/span><\/li>\n<\/ol>\n<p style=\"padding-left: 40px;\">The Psychological Counseling Center organizes counseling and educational activities aimed at offering help and support to students in resolving personal difficulties, increasing the efficiency of their studies and improving the quality of their lives. The activities mainly involve individual counseling of students who present with problems related to academic achievement and adjustment, difficulties in interpersonal relationships, negative emotional states, etc. <\/p>\n<p style=\"padding-left: 40px;\"><strong>Contact:<\/strong> phone: 021 541 951, <a href=\"mailto:savjetovanje@ffst.hr\">savjetovanje@ffst.hr<\/a><\/p>\t\t\t\t\t\t<\/div>\n\t\t\t\t<\/div>\n\t\t\t\t<div class=\"elementor-element elementor-element-622200c elementor-widget-divider--view-line elementor-widget elementor-widget-divider\" data-id=\"622200c\" data-element_type=\"widget\" data-widget_type=\"divider.default\">\n\t\t\t\t<div class=\"elementor-widget-container\">\n\t\t\t\t\t<div class=\"elementor-divider\">\n\t\t\t<span class=\"elementor-divider-separator\">\n\t\t\t\t\t\t<\/span>\n\t\t<\/div>\n\t\t\t\t<\/div>\n\t\t\t\t<\/div>\n\t\t\t\t<div class=\"elementor-element elementor-element-15abacb elementor-widget elementor-widget-heading\" data-id=\"15abacb\" data-element_type=\"widget\" data-widget_type=\"heading.default\">\n\t\t\t\t<div class=\"elementor-widget-container\">\n\t\t\t<h1 class=\"elementor-heading-title elementor-size-medium\">Students with disabilities<\/h1>\t\t<\/div>\n\t\t\t\t<\/div>\n\t\t\t\t<div class=\"elementor-element elementor-element-e441ad3 elementor-widget elementor-widget-text-editor\" data-id=\"e441ad3\" data-element_type=\"widget\" data-widget_type=\"text-editor.default\">\n\t\t\t\t<div class=\"elementor-widget-container\">\n\t\t\t\t\t\t\t<p>The Commissioner for Students with Disabilities is in charge of providing professional assistance to students with disabilities in connection with their studies and meeting the educational and social-psychological needs of these students. You can contact them for any questions.<br> All issues related to students with disabilities are regulated <a href=\"http:\/\/chrome-extension:\/\/efaidnbmnnnibpcajpcglclefindmkaj\/https:\/\/www.umas.unist.hr\/wp-content\/uploads\/2018\/03\/pravilnik-studenti-s-invaliditetom.pdf\" data-wplink-url-error=\"true\">by the Regulations on the Study of Students with Disabilities at the University of Split<\/a> , and the University of Split also has an established <a href=\"http:\/\/www.unist.hr\/studentska-savjetovalista\/savjetovaliste-za-studente-s-invaliditetom\">counseling center for students with disabilities<\/a> .<\/p>\n<p><strong>Ivan Bogdanovi\u0107, B.A. in Economics. <\/strong><br>expert associate for students with disabilities<br> Department for Student Standards and Sports, University of Split<br><a href=\"mailto:ivan.bogdanovic@unist.hr\">ivan.bogdanovic@unist.hr<\/a><\/p>\t\t\t\t\t\t<\/div>\n\t\t\t\t<\/div>\n\t\t\t\t<div class=\"elementor-element elementor-element-42dd12e elementor-widget-divider--view-line elementor-widget elementor-widget-divider\" data-id=\"42dd12e\" data-element_type=\"widget\" data-widget_type=\"divider.default\">\n\t\t\t\t<div class=\"elementor-widget-container\">\n\t\t\t\t\t<div class=\"elementor-divider\">\n\t\t\t<span class=\"elementor-divider-separator\">\n\t\t\t\t\t\t<\/span>\n\t\t<\/div>\n\t\t\t\t<\/div>\n\t\t\t\t<\/div>\n\t\t\t\t<div class=\"elementor-element elementor-element-8e12fe1 elementor-widget elementor-widget-heading\" data-id=\"8e12fe1\" data-element_type=\"widget\" data-widget_type=\"heading.default\">\n\t\t\t\t<div class=\"elementor-widget-container\">\n\t\t\t<h1 class=\"elementor-heading-title elementor-size-medium\">Student accident insurance<\/h1>\t\t<\/div>\n\t\t\t\t<\/div>\n\t\t\t\t<div class=\"elementor-element elementor-element-aab8991 elementor-widget elementor-widget-text-editor\" data-id=\"aab8991\" data-element_type=\"widget\" data-widget_type=\"text-editor.default\">\n\t\t\t\t<div class=\"elementor-widget-container\">\n\t\t\t\t\t\t\t<p>During their studies, all full-time students are insured against the consequences of an accident.<\/p>\n<p><a href=\"https:\/\/www.imperativres.com\/kifst\/wp-content\/uploads\/2024\/05\/POLICA-OSIGURANJA-REDOVNI-23-24.pdf\">REGULAR INSURANCE POLICY 23-24<\/a><\/p>\n<p><a href=\"https:\/\/www.imperativres.com\/kifst\/wp-content\/uploads\/2024\/05\/POLICA-OSIGURANJA-IZVANR.23-24.pdf\">INSURANCE POLICY EXTERNAL NO.23-24<\/a><\/p>\n<p><a href=\"https:\/\/www.imperativres.com\/kifst\/wp-content\/uploads\/2024\/05\/ZAHTJEV-I-PRIJAVA.pdf\">REQUEST AND APPLICATION<\/a><\/p>\n<p> <\/p>\t\t\t\t\t\t<\/div>\n\t\t\t\t<\/div>\n\t\t\t\t\t<\/div>\n\t\t<\/div>\n\t\t\t\t\t\t\t<\/div>\n\t\t<\/section>\n\t\t\t\t\t\t\t<\/div>\n\t\t","protected":false},"excerpt":{"rendered":"<p>Study at the Faculty of Kinesiology The Faculty of Kinesiology, University of Split offers university, professional and doctoral study programmes in the field of kinesiology, sport, physical exercise and health. The study programmes provide students with the knowledge, skills and competences required for work in sport, education, recreation, strength and conditioning, kinesiotherapy and other areas<\/p>\n","protected":false},"author":31,"featured_media":26485,"parent":0,"menu_order":0,"comment_status":"closed","ping_status":"closed","template":"elementor_theme","meta":{"footnotes":""},"acf":[],"_links":{"self":[{"href":"https:\/\/web.kifst.unist.hr\/en\/wp-json\/wp\/v2\/pages\/32800"}],"collection":[{"href":"https:\/\/web.kifst.unist.hr\/en\/wp-json\/wp\/v2\/pages"}],"about":[{"href":"https:\/\/web.kifst.unist.hr\/en\/wp-json\/wp\/v2\/types\/page"}],"author":[{"embeddable":true,"href":"https:\/\/web.kifst.unist.hr\/en\/wp-json\/wp\/v2\/users\/31"}],"replies":[{"embeddable":true,"href":"https:\/\/web.kifst.unist.hr\/en\/wp-json\/wp\/v2\/comments?post=32800"}],"version-history":[{"count":15,"href":"https:\/\/web.kifst.unist.hr\/en\/wp-json\/wp\/v2\/pages\/32800\/revisions"}],"predecessor-version":[{"id":32819,"href":"https:\/\/web.kifst.unist.hr\/en\/wp-json\/wp\/v2\/pages\/32800\/revisions\/32819"}],"wp:featuredmedia":[{"embeddable":true,"href":"https:\/\/web.kifst.unist.hr\/en\/wp-json\/wp\/v2\/media\/26485"}],"wp:attachment":[{"href":"https:\/\/web.kifst.unist.hr\/en\/wp-json\/wp\/v2\/media?parent=32800"}],"curies":[{"name":"wp","href":"https:\/\/api.w.org\/{rel}","templated":true}]}}