{"id":3261,"date":"2018-09-28T12:52:20","date_gmt":"2018-09-28T12:52:20","guid":{"rendered":"http:\/\/web.kifst.unist.hr\/en\/uprava-fakulteta\/"},"modified":"2026-05-08T07:25:55","modified_gmt":"2026-05-08T07:25:55","slug":"uprava-fakulteta","status":"publish","type":"page","link":"https:\/\/web.kifst.unist.hr\/en\/faculty\/general\/organization\/uprava-fakulteta\/","title":{"rendered":"Faculty Management"},"content":{"rendered":"\t\t<div data-elementor-type=\"wp-page\" data-elementor-id=\"3261\" class=\"elementor elementor-3261 elementor-136\" data-elementor-post-type=\"page\">\n\t\t\t\t\t\t\t\t\t<section class=\"elementor-section elementor-top-section elementor-element elementor-element-4e9578a elementor-section-boxed elementor-section-height-default elementor-section-height-default\" data-id=\"4e9578a\" data-element_type=\"section\" data-settings=\"{&quot;jet_parallax_layout_list&quot;:[]}\">\n\t\t\t\t\t\t<div class=\"elementor-container elementor-column-gap-default\">\n\t\t\t\t\t<div class=\"elementor-column elementor-col-100 elementor-top-column elementor-element elementor-element-1214705\" data-id=\"1214705\" data-element_type=\"column\">\n\t\t\t<div class=\"elementor-widget-wrap elementor-element-populated\">\n\t\t\t\t\t\t\t\t<div class=\"elementor-element elementor-element-2a1f159 elementor-widget elementor-widget-image\" data-id=\"2a1f159\" data-element_type=\"widget\" data-widget_type=\"image.default\">\n\t\t\t\t<div class=\"elementor-widget-container\">\n\t\t\t\t\t\t\t\t\t\t\t\t\t\t\t<img decoding=\"async\" loading=\"lazy\" width=\"800\" height=\"534\" src=\"https:\/\/web.kifst.unist.hr\/wp-content\/uploads\/2026\/03\/Uprava-u-togama-bez-grafita-1024x683.png\" class=\"attachment-large size-large wp-image-30953\" alt=\"\" srcset=\"https:\/\/web.kifst.unist.hr\/wp-content\/uploads\/2026\/03\/Uprava-u-togama-bez-grafita-1024x683.png 1024w, https:\/\/web.kifst.unist.hr\/wp-content\/uploads\/2026\/03\/Uprava-u-togama-bez-grafita-300x200.png 300w, https:\/\/web.kifst.unist.hr\/wp-content\/uploads\/2026\/03\/Uprava-u-togama-bez-grafita-768x512.png 768w, https:\/\/web.kifst.unist.hr\/wp-content\/uploads\/2026\/03\/Uprava-u-togama-bez-grafita.png 1536w\" sizes=\"(max-width: 800px) 100vw, 800px\" \/>\t\t\t\t\t\t\t\t\t\t\t\t\t\t\t<\/div>\n\t\t\t\t<\/div>\n\t\t\t\t\t<\/div>\n\t\t<\/div>\n\t\t\t\t\t\t\t<\/div>\n\t\t<\/section>\n\t\t\t\t<section class=\"elementor-section elementor-top-section elementor-element elementor-element-338286b elementor-section-boxed elementor-section-height-default elementor-section-height-default\" data-id=\"338286b\" data-element_type=\"section\" data-settings=\"{&quot;jet_parallax_layout_list&quot;:[]}\">\n\t\t\t\t\t\t<div class=\"elementor-container elementor-column-gap-default\">\n\t\t\t\t\t<div class=\"elementor-column elementor-col-100 elementor-top-column elementor-element elementor-element-d2077df\" data-id=\"d2077df\" data-element_type=\"column\">\n\t\t\t<div class=\"elementor-widget-wrap elementor-element-populated\">\n\t\t\t\t\t\t\t\t<div class=\"elementor-element elementor-element-f20cd93 elementor-widget elementor-widget-text-editor\" data-id=\"f20cd93\" data-element_type=\"widget\" data-widget_type=\"text-editor.default\">\n\t\t\t\t<div class=\"elementor-widget-container\">\n\t\t\t\t\t\t\t<p style=\"text-align: center;\"><strong>Dean<\/strong><\/p>\n<p style=\"text-align: center;\">Professor <strong>Frane \u017duvela, PhD<\/strong><\/p>\n<p style=\"text-align: center;\"><strong>VIce Deans:<\/strong><\/p>\n<p style=\"text-align: center;\">for International Cooperation: Associate Professor<strong> Ana Penjak<\/strong>, PhD<\/p>\n<p style=\"text-align: center;\">for Science: Assistant Professor <strong>Goran Kuva\u010di\u0107<\/strong>, PhD<\/p>\n<p style=\"text-align: center;\">for Teaching and Students : Assistant Professor<strong> \u0160ime Ver\u0161i\u0107<\/strong>,<strong>\u00a0<\/strong>PhD<\/p>\n<p style=\"text-align: center;\">for for Business Policy and Finance: Professor <strong>Marko Erceg<\/strong>, PhD<\/p>\n<p style=\"text-align: center;\">\u00a0<\/p>\n<p style=\"text-align: center;\"><strong>Faculty secretary<\/strong><\/p>\n<p style=\"text-align: center;\">Jelena Palaversi\u0107, LL.M.<\/p>\n<p style=\"text-align: center;\"><strong>Dean\u00b4s office<\/strong><\/p>\n<p style=\"text-align: center;\">Phone: ++385 21 302 447<br \/>E-mail:\u00a0 dekanat@kifst.hr<\/p>\n<p>\u00a0<\/p>\n<figure class=\"wp-block-table is-style-stripes\"><\/figure>\t\t\t\t\t\t<\/div>\n\t\t\t\t<\/div>\n\t\t\t\t\t<\/div>\n\t\t<\/div>\n\t\t\t\t\t\t\t<\/div>\n\t\t<\/section>\n\t\t\t\t\t\t\t<\/div>\n\t\t","protected":false},"excerpt":{"rendered":"<p>Dean Professor Frane \u017duvela, PhD VIce Deans: for International Cooperation: Associate Professor Ana Penjak, PhD for Science: Assistant Professor Goran Kuva\u010di\u0107, PhD for Teaching and Students : Assistant Professor \u0160ime Ver\u0161i\u0107,\u00a0PhD for for Business Policy and Finance: Professor Marko Erceg, PhD \u00a0 Faculty secretary Jelena Palaversi\u0107, LL.M. Dean\u00b4s office Phone: ++385 21 302 447 E-mail:\u00a0<\/p>\n","protected":false},"author":31,"featured_media":24942,"parent":33048,"menu_order":0,"comment_status":"closed","ping_status":"closed","template":"elementor_theme","meta":{"footnotes":""},"acf":[],"_links":{"self":[{"href":"https:\/\/web.kifst.unist.hr\/en\/wp-json\/wp\/v2\/pages\/3261"}],"collection":[{"href":"https:\/\/web.kifst.unist.hr\/en\/wp-json\/wp\/v2\/pages"}],"about":[{"href":"https:\/\/web.kifst.unist.hr\/en\/wp-json\/wp\/v2\/types\/page"}],"author":[{"embeddable":true,"href":"https:\/\/web.kifst.unist.hr\/en\/wp-json\/wp\/v2\/users\/31"}],"replies":[{"embeddable":true,"href":"https:\/\/web.kifst.unist.hr\/en\/wp-json\/wp\/v2\/comments?post=3261"}],"version-history":[{"count":20,"href":"https:\/\/web.kifst.unist.hr\/en\/wp-json\/wp\/v2\/pages\/3261\/revisions"}],"predecessor-version":[{"id":32797,"href":"https:\/\/web.kifst.unist.hr\/en\/wp-json\/wp\/v2\/pages\/3261\/revisions\/32797"}],"up":[{"embeddable":true,"href":"https:\/\/web.kifst.unist.hr\/en\/wp-json\/wp\/v2\/pages\/33048"}],"wp:featuredmedia":[{"embeddable":true,"href":"https:\/\/web.kifst.unist.hr\/en\/wp-json\/wp\/v2\/media\/24942"}],"wp:attachment":[{"href":"https:\/\/web.kifst.unist.hr\/en\/wp-json\/wp\/v2\/media?parent=3261"}],"curies":[{"name":"wp","href":"https:\/\/api.w.org\/{rel}","templated":true}]}}