{"id":32601,"date":"2026-05-07T18:20:00","date_gmt":"2026-05-07T18:20:00","guid":{"rendered":"https:\/\/web.kifst.unist.hr\/study\/professional-undergraduate-study\/"},"modified":"2026-05-07T18:35:10","modified_gmt":"2026-05-07T18:35:10","slug":"professional-undergraduate-study","status":"publish","type":"page","link":"https:\/\/web.kifst.unist.hr\/en\/study\/professional-undergraduate-study\/","title":{"rendered":"Professional undergraduate study"},"content":{"rendered":"\t\t<div data-elementor-type=\"wp-post\" data-elementor-id=\"32601\" class=\"elementor elementor-32601 elementor-18289\" data-elementor-post-type=\"page\">\n\t\t\t\t\t\t\t\t\t<section class=\"elementor-section elementor-top-section elementor-element elementor-element-401d0ec elementor-section-boxed elementor-section-height-default elementor-section-height-default\" data-id=\"401d0ec\" data-element_type=\"section\" data-settings=\"{&quot;jet_parallax_layout_list&quot;:[]}\">\n\t\t\t\t\t\t<div class=\"elementor-container elementor-column-gap-default\">\n\t\t\t\t\t<div class=\"elementor-column elementor-col-100 elementor-top-column elementor-element elementor-element-93af8c4\" data-id=\"93af8c4\" data-element_type=\"column\">\n\t\t\t<div class=\"elementor-widget-wrap elementor-element-populated\">\n\t\t\t\t\t\t\t\t<div class=\"elementor-element elementor-element-d54d3e1 elementor-widget elementor-widget-text-editor\" data-id=\"d54d3e1\" data-element_type=\"widget\" data-widget_type=\"text-editor.default\">\n\t\t\t\t<div class=\"elementor-widget-container\">\n\t\t\t\t\t\t\t<p><strong>PROFESSIONAL UNDERGRADUATE STUDIES<\/strong><\/p>\n<p>Professional undergraduate studies in kinesiology are aimed at acquiring practical knowledge and skills necessary for work in various areas of applied kinesiology. The programs are designed to enable students to develop competencies for direct involvement in professional practice. <\/p>\n<p>At this level of study, students of all studies attend joint classes in basic kinesiological sciences and interdisciplinary areas (required courses), and in particular classes in specialist subjects (per individual study program), and elective subjects.<\/p>\n<p>The decision on the start of studies in a particular academic year is made by the relevant bodies of the Faculty of Kinesiology, University of Split, according to established criteria (number of applicants registered for enrollment, results of the entrance exam, priorities highlighted by individual national sports federations, etc.).<\/p>\t\t\t\t\t\t<\/div>\n\t\t\t\t<\/div>\n\t\t\t\t\t<\/div>\n\t\t<\/div>\n\t\t\t\t\t\t\t<\/div>\n\t\t<\/section>\n\t\t\t\t<section class=\"elementor-section elementor-top-section elementor-element elementor-element-4d495ea elementor-section-boxed elementor-section-height-default elementor-section-height-default\" data-id=\"4d495ea\" data-element_type=\"section\" data-settings=\"{&quot;jet_parallax_layout_list&quot;:[]}\">\n\t\t\t\t\t\t<div class=\"elementor-container elementor-column-gap-default\">\n\t\t\t\t\t<div class=\"elementor-column elementor-col-25 elementor-top-column elementor-element elementor-element-e5bf237\" data-id=\"e5bf237\" data-element_type=\"column\">\n\t\t\t<div class=\"elementor-widget-wrap elementor-element-populated\">\n\t\t\t\t\t\t\t\t<div class=\"elementor-element elementor-element-c2f77bb elementor-widget elementor-widget-jet-button\" data-id=\"c2f77bb\" data-element_type=\"widget\" data-widget_type=\"jet-button.default\">\n\t\t\t\t<div class=\"elementor-widget-container\">\n\t\t\t<div class=\"elementor-jet-button jet-elements\"><div class=\"jet-button__container\">\n\t<a class=\"jet-button__instance jet-button__instance--icon-left hover-effect-0\" href=\"https:\/\/web.kifst.unist.hr\/en\/study-recreation-and-fitness\/\">\n\t\t<div class=\"jet-button__plane jet-button__plane-normal\"><\/div>\n\t\t<div class=\"jet-button__plane jet-button__plane-hover\"><\/div>\n\t\t<div class=\"jet-button__state jet-button__state-normal\">\n\t\t\t<span class=\"jet-button__label\">Recreation and Fitness<\/span>\t\t<\/div>\n\t\t<div class=\"jet-button__state jet-button__state-hover\">\n\t\t\t<span class=\"jet-button__label\">Go<\/span>\t\t<\/div>\n\t<\/a>\n<\/div>\n<\/div>\t\t<\/div>\n\t\t\t\t<\/div>\n\t\t\t\t\t<\/div>\n\t\t<\/div>\n\t\t\t\t<div class=\"elementor-column elementor-col-25 elementor-top-column elementor-element elementor-element-2cbab3f\" data-id=\"2cbab3f\" data-element_type=\"column\">\n\t\t\t<div class=\"elementor-widget-wrap elementor-element-populated\">\n\t\t\t\t\t\t\t\t<div class=\"elementor-element elementor-element-9742bd9 elementor-widget elementor-widget-jet-button\" data-id=\"9742bd9\" data-element_type=\"widget\" data-widget_type=\"jet-button.default\">\n\t\t\t\t<div class=\"elementor-widget-container\">\n\t\t\t<div class=\"elementor-jet-button jet-elements\"><div class=\"jet-button__container\">\n\t<a class=\"jet-button__instance jet-button__instance--icon-left hover-effect-0\" href=\"https:\/\/web.kifst.unist.hr\/en\/sports-coach-study\/\">\n\t\t<div class=\"jet-button__plane jet-button__plane-normal\"><\/div>\n\t\t<div class=\"jet-button__plane jet-button__plane-hover\"><\/div>\n\t\t<div class=\"jet-button__state jet-button__state-normal\">\n\t\t\t<span class=\"jet-button__label\">Sports Coaching<\/span>\t\t<\/div>\n\t\t<div class=\"jet-button__state jet-button__state-hover\">\n\t\t\t<span class=\"jet-button__label\">GO<\/span>\t\t<\/div>\n\t<\/a>\n<\/div>\n<\/div>\t\t<\/div>\n\t\t\t\t<\/div>\n\t\t\t\t\t<\/div>\n\t\t<\/div>\n\t\t\t\t<div class=\"elementor-column elementor-col-25 elementor-top-column elementor-element elementor-element-34c410c\" data-id=\"34c410c\" data-element_type=\"column\">\n\t\t\t<div class=\"elementor-widget-wrap elementor-element-populated\">\n\t\t\t\t\t\t\t\t<div class=\"elementor-element elementor-element-76f1c43 elementor-widget elementor-widget-jet-button\" data-id=\"76f1c43\" data-element_type=\"widget\" data-widget_type=\"jet-button.default\">\n\t\t\t\t<div class=\"elementor-widget-container\">\n\t\t\t<div class=\"elementor-jet-button jet-elements\"><div class=\"jet-button__container\">\n\t<a class=\"jet-button__instance jet-button__instance--icon-left hover-effect-0\" href=\"https:\/\/web.kifst.unist.hr\/en\/study-athletes-fitness-training\/\">\n\t\t<div class=\"jet-button__plane jet-button__plane-normal\"><\/div>\n\t\t<div class=\"jet-button__plane jet-button__plane-hover\"><\/div>\n\t\t<div class=\"jet-button__state jet-button__state-normal\">\n\t\t\t<span class=\"jet-button__label\">Strength and Conditioning<\/span>\t\t<\/div>\n\t\t<div class=\"jet-button__state jet-button__state-hover\">\n\t\t\t<span class=\"jet-button__label\">GO<\/span>\t\t<\/div>\n\t<\/a>\n<\/div>\n<\/div>\t\t<\/div>\n\t\t\t\t<\/div>\n\t\t\t\t\t<\/div>\n\t\t<\/div>\n\t\t\t\t<div class=\"elementor-column elementor-col-25 elementor-top-column elementor-element elementor-element-3640be9\" data-id=\"3640be9\" data-element_type=\"column\">\n\t\t\t<div class=\"elementor-widget-wrap elementor-element-populated\">\n\t\t\t\t\t\t\t\t<div class=\"elementor-element elementor-element-8f1cb17 elementor-widget elementor-widget-jet-button\" data-id=\"8f1cb17\" data-element_type=\"widget\" data-widget_type=\"jet-button.default\">\n\t\t\t\t<div class=\"elementor-widget-container\">\n\t\t\t<div class=\"elementor-jet-button jet-elements\"><div class=\"jet-button__container\">\n\t<a class=\"jet-button__instance jet-button__instance--icon-left hover-effect-0\" href=\"https:\/\/web.kifst.unist.hr\/en\/study-kinesitherapy\/\">\n\t\t<div class=\"jet-button__plane jet-button__plane-normal\"><\/div>\n\t\t<div class=\"jet-button__plane jet-button__plane-hover\"><\/div>\n\t\t<div class=\"jet-button__state jet-button__state-normal\">\n\t\t\t<span class=\"jet-button__label\">Kinesitherapy<\/span>\t\t<\/div>\n\t\t<div class=\"jet-button__state jet-button__state-hover\">\n\t\t\t<span class=\"jet-button__label\">GO<\/span>\t\t<\/div>\n\t<\/a>\n<\/div>\n<\/div>\t\t<\/div>\n\t\t\t\t<\/div>\n\t\t\t\t\t<\/div>\n\t\t<\/div>\n\t\t\t\t\t\t\t<\/div>\n\t\t<\/section>\n\t\t\t\t<section class=\"elementor-section elementor-top-section elementor-element elementor-element-1ed006d elementor-section-boxed elementor-section-height-default elementor-section-height-default\" data-id=\"1ed006d\" data-element_type=\"section\" data-settings=\"{&quot;jet_parallax_layout_list&quot;:[]}\">\n\t\t\t\t\t\t<div class=\"elementor-container elementor-column-gap-default\">\n\t\t\t\t\t<div class=\"elementor-column elementor-col-100 elementor-top-column elementor-element elementor-element-2f6e483\" data-id=\"2f6e483\" data-element_type=\"column\">\n\t\t\t<div class=\"elementor-widget-wrap elementor-element-populated\">\n\t\t\t\t\t\t\t\t<div class=\"elementor-element elementor-element-a9ddeaa elementor-widget elementor-widget-jet-accordion\" data-id=\"a9ddeaa\" data-element_type=\"widget\" data-widget_type=\"jet-accordion.default\">\n\t\t\t\t<div class=\"elementor-widget-container\">\n\t\t\t\t\t<div class=\"jet-accordion\" data-settings=\"{&quot;collapsible&quot;:false,&quot;ajaxTemplate&quot;:false,&quot;switchScrolling&quot;:false,&quot;switchScrollingOffset&quot;:0,&quot;switchScrollingDelay&quot;:500}\" role=\"tablist\">\n\t\t\t<div class=\"jet-accordion__inner\">\n\t\t\t\t<div class=\"jet-accordion__item jet-toggle jet-toggle-move-up-effect \">\n\t\t\t\t\t\t\t<div id=\"jet-toggle-control-1781\" class=\"jet-toggle__control elementor-menu-anchor\" data-toggle=\"1\" role=\"tab\" tabindex=\"0\" aria-controls=\"jet-toggle-content-1781\" aria-expanded=\"false\" data-template-id=\"false\">\n\t\t\t\t\t\t\t\t<div class=\"jet-toggle__label-icon jet-toggle-icon-position-left\"><span class=\"jet-toggle__icon icon-normal jet-tabs-icon\"><i class=\"fas fa-plus\"><\/i><\/span><span class=\"jet-toggle__icon icon-active jet-tabs-icon\"><i class=\"fas fa-minus\"><\/i><\/span><\/div><div class=\"jet-toggle__label-text\">Contact information<\/div>\t\t\t\t\t\t\t<\/div>\n\t\t\t\t\t\t\t<div id=\"jet-toggle-content-1781\" class=\"jet-toggle__content\" data-toggle=\"1\" role=\"tabpanel\" data-template-id=\"false\">\n\t\t\t\t\t\t\t\t<div class=\"jet-toggle__content-inner\"><p><b>Professional practice leaders:<\/b><\/p>\n<p>Assistant Professor \u0160ime Ver\u0161i\u0107, PhD<\/p>\n<p>Email: simver@kifst.hr<\/p>\n<p><strong>SPORTS COACHING\u00a0<\/strong><\/p>\n<p>Dr. sc. Vladimir Pavlinovi\u0107, &#8211; course coordinator, deputy head of the Department of Professional Studies<\/p>\n<p>Email: vladimir.pavlinovic@kifst.eu<\/p>\n<p>Phone: 021\/ 302-440<\/p>\n<p><strong>STRENGTH AND CONDITIONING<\/strong><\/p>\n<p>mag. cin. Mate Kuko &#8211; course coordinator<\/p>\n<p>Email: mate.kuko@kifst.eu<\/p>\n<p>Phone: 021\/ 302-440<\/p>\n<p><strong>RECREATION AND FITNESS<\/strong><\/p>\n<p><span style=\"color: var( --e-global-color-text ); font-family: var( --e-global-typography-primary-font-family ), Sans-serif; font-size: var( --e-global-typography-primary-font-size ); font-weight: var( --e-global-typography-primary-font-weight );\">Dr. Barbara Gili\u0107 \u0160kugor &#8211; course coordinator <\/span><\/p>\n<p>Email: barbaragilic@gmail.com<\/p>\n<p>Phone: 021\/ 302-440<\/p>\n<p><strong>KINESITHERAPY<\/strong><\/p>\n<p>M.Sc. Petra Rajkovi\u0107 Vuleti\u0107 &#8211; course coordinator<\/p>\n<p>Email: petra.rajkovic@kifst.eu<\/p>\n<p>Phone: 021\/ 302-44<\/p>\n<p><a href=\"https:\/\/web.kifst.unist.hr\/wp-content\/uploads\/2024\/11\/Emailovi-nositelja-.xlsx\"><strong>Email list of all teachers<\/strong><\/a><\/p><\/div>\n\t\t\t\t\t\t\t<\/div>\n\t\t\t\t\t\t<\/div><div class=\"jet-accordion__item jet-toggle jet-toggle-move-up-effect \">\n\t\t\t\t\t\t\t<div id=\"jet-toggle-control-1782\" class=\"jet-toggle__control elementor-menu-anchor\" data-toggle=\"2\" role=\"tab\" tabindex=\"0\" aria-controls=\"jet-toggle-content-1782\" aria-expanded=\"false\" data-template-id=\"false\">\n\t\t\t\t\t\t\t\t<div class=\"jet-toggle__label-icon jet-toggle-icon-position-left\"><span class=\"jet-toggle__icon icon-normal jet-tabs-icon\"><i class=\"fas fa-plus\"><\/i><\/span><span class=\"jet-toggle__icon icon-active jet-tabs-icon\"><i class=\"fas fa-minus\"><\/i><\/span><\/div><div class=\"jet-toggle__label-text\">Documents<\/div>\t\t\t\t\t\t\t<\/div>\n\t\t\t\t\t\t\t<div id=\"jet-toggle-content-1782\" class=\"jet-toggle__content\" data-toggle=\"2\" role=\"tabpanel\" data-template-id=\"false\">\n\t\t\t\t\t\t\t\t<div class=\"jet-toggle__content-inner\"><ul>\n<li><a href=\"https:\/\/web.kifst.unist.hr\/wp-content\/uploads\/2025\/06\/Pravilnik-o-studiranju-na-strucnin-studijima-na-Kinezioloskom-fakultetu-u-Splitu.pdf\">Regulations on studying at professional studies<\/a><\/li>\n<li><a href=\"https:\/\/web.kifst.unist.hr\/wp-content\/uploads\/2015\/09\/strucni_studij.pdf\">Interpretation of the AZZO for professional studies and decisions of the Faculty of Kinesiology for professional studies<\/a><\/li>\n<li><a href=\"https:\/\/web.kifst.unist.hr\/wp-content\/uploads\/2015\/09\/Dopusnica_specijalisticki_diplomski_studij.pdf\">Specialist graduate study permit<\/a><\/li>\n<li><a href=\"https:\/\/web.kifst.unist.hr\/wp-content\/uploads\/2015\/09\/Dopusnica_strucni_preddiplomski.pdf\">Professional undergraduate study permit<\/a><\/li>\n<li><a href=\"https:\/\/web.kifst.unist.hr\/wp-content\/uploads\/2015\/09\/Pravilnik_o_priznanju_kvalifikacija.pdf\">Rulebook on recognition of qualifications<\/a><\/li>\n<li><a href=\"http:\/\/web.kifst.unist.hr\/wp-content\/uploads\/2015\/11\/Odluka-o-olak%C5%A1anim-uvjetima-studiranja-studenata-koji-su-zavr%C5%A1ili-program-HOA.pdf\" rel=\"\">Decision on facilitated study conditions for students who have completed the Croatian Olympic Academy program<\/a><\/li>\n<li><a href=\"https:\/\/web.kifst.unist.hr\/wp-content\/uploads\/2026\/04\/ODLUKA2-1.pdf\">Decision on changing the enrolled study program for students of professional undergraduate studies in kinesiology and changing the enrolled major for students of professional graduate studies in kinesiology<\/a><\/li>\n<li><a href=\"https:\/\/web.kifst.unist.hr\/wp-content\/uploads\/2026\/04\/ODLUKA3.pdf\">Decision on the conditions for transition to professional undergraduate and graduate studies in kinesiology<\/a><\/li>\n<li><a href=\"https:\/\/web.kifst.unist.hr\/wp-content\/uploads\/2026\/04\/Odluka-o-uvjetima-upisa-u-vise-godine-strucnih-studija-novo-1.pdf\">Decision on the conditions for admission to multi-year professional studies<\/a><\/li>\n<li><a href=\"https:\/\/web.kifst.unist.hr\/wp-content\/uploads\/2026\/04\/Odluka-o-posebnim-uvjetima-upisa-na-diplomski-2026-2027-1.pdf\">Decision on special conditions for enrollment in professional graduate studies 2026 2027<\/a><\/li>\n<li><a href=\"https:\/\/web.kifst.unist.hr\/wp-content\/uploads\/2026\/04\/PRAVIL1-1.pdf\">Regulations on the preparation and defense of the final thesis at the professional undergraduate and graduate studies at the professional graduate studies at the Faculty of Kinesiology in Split<\/a><\/li>\n<li><a href=\"https:\/\/web.kifst.unist.hr\/wp-content\/uploads\/2026\/04\/PRAVIL2.pdf\">Regulations on professional practice at professional studies at the Faculty of Kinesiology in Split<\/a><\/li>\n<\/ul>\n<\/div>\n\t\t\t\t\t\t\t<\/div>\n\t\t\t\t\t\t<\/div>\t\t\t\t\t\t\t\t<\/div>\n\t\t<\/div>\n\t\t\t\t<\/div>\n\t\t\t\t<\/div>\n\t\t\t\t\t<\/div>\n\t\t<\/div>\n\t\t\t\t\t\t\t<\/div>\n\t\t<\/section>\n\t\t\t\t\t\t\t<\/div>\n\t\t","protected":false},"excerpt":{"rendered":"<p>PROFESSIONAL UNDERGRADUATE STUDIES Professional undergraduate studies in kinesiology are aimed at acquiring practical knowledge and skills necessary for work in various areas of applied kinesiology. The programs are designed to enable students to develop competencies for direct involvement in professional practice. At this level of study, students of all studies attend joint classes in basic<\/p>\n","protected":false},"author":34,"featured_media":26740,"parent":23384,"menu_order":0,"comment_status":"closed","ping_status":"closed","template":"elementor_theme","meta":{"footnotes":""},"acf":[],"_links":{"self":[{"href":"https:\/\/web.kifst.unist.hr\/en\/wp-json\/wp\/v2\/pages\/32601"}],"collection":[{"href":"https:\/\/web.kifst.unist.hr\/en\/wp-json\/wp\/v2\/pages"}],"about":[{"href":"https:\/\/web.kifst.unist.hr\/en\/wp-json\/wp\/v2\/types\/page"}],"author":[{"embeddable":true,"href":"https:\/\/web.kifst.unist.hr\/en\/wp-json\/wp\/v2\/users\/34"}],"replies":[{"embeddable":true,"href":"https:\/\/web.kifst.unist.hr\/en\/wp-json\/wp\/v2\/comments?post=32601"}],"version-history":[{"count":20,"href":"https:\/\/web.kifst.unist.hr\/en\/wp-json\/wp\/v2\/pages\/32601\/revisions"}],"predecessor-version":[{"id":32677,"href":"https:\/\/web.kifst.unist.hr\/en\/wp-json\/wp\/v2\/pages\/32601\/revisions\/32677"}],"up":[{"embeddable":true,"href":"https:\/\/web.kifst.unist.hr\/en\/wp-json\/wp\/v2\/pages\/23384"}],"wp:featuredmedia":[{"embeddable":true,"href":"https:\/\/web.kifst.unist.hr\/en\/wp-json\/wp\/v2\/media\/26740"}],"wp:attachment":[{"href":"https:\/\/web.kifst.unist.hr\/en\/wp-json\/wp\/v2\/media?parent=32601"}],"curies":[{"name":"wp","href":"https:\/\/api.w.org\/{rel}","templated":true}]}}