{"id":28786,"date":"2024-10-18T08:51:42","date_gmt":"2024-10-18T08:51:42","guid":{"rendered":"https:\/\/web.kifst.unist.hr\/?page_id=28786"},"modified":"2024-10-18T08:51:42","modified_gmt":"2024-10-18T08:51:42","slug":"faculty-administration","status":"publish","type":"page","link":"https:\/\/web.kifst.unist.hr\/en\/about-faculty-2\/faculty-administration\/","title":{"rendered":"Faculty administration"},"content":{"rendered":"<p><strong>Dean&#8217;s Office<\/strong><\/p>\n<p>Prof. Frane \u017duvela (Dean)<\/p>\n<p>Maja Bijeli\u0107 (Secretary)<\/p>\n<p>Contact: +385 21 302 440 (Central), +385 21 302 447 (Dean&#8217;s Office)<\/p>\n<p><strong>Faculty Administration:<\/strong><\/p>\n<p>Prof.\u00a0 Marko Erceg (Vice Dean for Finance)<\/p>\n<p>Assoc. Prof. Ana Penjak (Vice Dean for International Cooperation)<\/p>\n<p>Asst. Prof. \u0160ime Ver\u0161i\u0107 (Vice Dean for Teaching)<\/p>\n<p>Asst. Prof. Goran Kuva\u010di\u0107 (Vice Dean for Science)<\/p>\n","protected":false},"excerpt":{"rendered":"<p>Dean&#8217;s Office Prof. Frane \u017duvela (Dean) Maja Bijeli\u0107 (Secretary) Contact: +385 21 302 440 (Central), +385 21 302 447 (Dean&#8217;s Office) Faculty Administration: Prof.\u00a0 Marko Erceg (Vice Dean for Finance) Assoc. Prof. Ana Penjak (Vice Dean for International Cooperation) Asst. Prof. \u0160ime Ver\u0161i\u0107 (Vice Dean for Teaching) Asst. Prof. Goran Kuva\u010di\u0107 (Vice Dean for Science)<\/p>\n","protected":false},"author":31,"featured_media":0,"parent":28780,"menu_order":0,"comment_status":"closed","ping_status":"closed","template":"","meta":{"footnotes":""},"acf":[],"_links":{"self":[{"href":"https:\/\/web.kifst.unist.hr\/en\/wp-json\/wp\/v2\/pages\/28786"}],"collection":[{"href":"https:\/\/web.kifst.unist.hr\/en\/wp-json\/wp\/v2\/pages"}],"about":[{"href":"https:\/\/web.kifst.unist.hr\/en\/wp-json\/wp\/v2\/types\/page"}],"author":[{"embeddable":true,"href":"https:\/\/web.kifst.unist.hr\/en\/wp-json\/wp\/v2\/users\/31"}],"replies":[{"embeddable":true,"href":"https:\/\/web.kifst.unist.hr\/en\/wp-json\/wp\/v2\/comments?post=28786"}],"version-history":[{"count":1,"href":"https:\/\/web.kifst.unist.hr\/en\/wp-json\/wp\/v2\/pages\/28786\/revisions"}],"predecessor-version":[{"id":28787,"href":"https:\/\/web.kifst.unist.hr\/en\/wp-json\/wp\/v2\/pages\/28786\/revisions\/28787"}],"up":[{"embeddable":true,"href":"https:\/\/web.kifst.unist.hr\/en\/wp-json\/wp\/v2\/pages\/28780"}],"wp:attachment":[{"href":"https:\/\/web.kifst.unist.hr\/en\/wp-json\/wp\/v2\/media?parent=28786"}],"curies":[{"name":"wp","href":"https:\/\/api.w.org\/{rel}","templated":true}]}}