{"id":28735,"date":"2024-10-17T18:29:28","date_gmt":"2024-10-17T18:29:28","guid":{"rendered":"https:\/\/web.kifst.unist.hr\/?page_id=28735"},"modified":"2024-10-17T18:29:28","modified_gmt":"2024-10-17T18:29:28","slug":"course-catalog","status":"publish","type":"page","link":"https:\/\/web.kifst.unist.hr\/en\/students\/incoming-students\/course-catalog\/","title":{"rendered":"Course catalog"},"content":{"rendered":"<p style=\"text-align: left;\"><strong>Faculty of Kinesiology<\/strong><br \/>\n<strong>Course Catalogue 2024-2025<\/strong><\/p>\n<p style=\"text-align: left;\">The contents of the online Course Catalogue of the Faculty of Kinesiology are updated every new academic year with the greatest possible care. However, some changes might occur as a result of, for example, governmental measures to limit the Coronavirus outbreak, etc. Course adaptations resulting from such changes take precedence over the listed course in the online Course Catalogue. As such they will be communicated to all the incoming students as promptly as possible via mail.<\/p>\n<p style=\"text-align: left;\"><strong>Important note!<\/strong><br \/>\nWhen choosing courses, students are allowed to choose <strong>max. 4 sports courses\/semester!<\/strong>\u00a0There is no limitation for the theoretical courses\/semester.<br \/>\nAll the listed courses are entirely delivered in English. <strong>All courses equal 3ECTS credits\/ semester<\/strong>. You can download the detailed course description by clicking on each course. You can also check the University of Split Grading system.<\/p>\n<p><strong>Autumn\/winter semester<\/strong><\/p>\n<p><strong>Sports course\u00a0<\/strong><\/p>\n<ol>\n<li><a href=\"https:\/\/web.kifst.unist.hr\/wp-content\/uploads\/2022\/06\/Athletics.pdf\">Athletics\/Atletika<\/a><\/li>\n<li><a href=\"https:\/\/web.kifst.unist.hr\/wp-content\/uploads\/2022\/06\/Artistic-gymnastics-1.pdf\">Artistic gymnastics\/Sportska gimnastika<\/a><\/li>\n<li><a href=\"https:\/\/web.kifst.unist.hr\/wp-content\/uploads\/2022\/06\/Football.pdf\">Football\/Nogomet<\/a><\/li>\n<li><a href=\"https:\/\/web.kifst.unist.hr\/wp-content\/uploads\/2022\/06\/Futsal.pdf\">Futsal\/Futsal\u00a0<\/a><\/li>\n<li><a href=\"https:\/\/web.kifst.unist.hr\/wp-content\/uploads\/2022\/06\/Rowing.pdf\">Rowing\/Veslanje<\/a><\/li>\n<li><a href=\"https:\/\/web.kifst.unist.hr\/wp-content\/uploads\/2022\/06\/Volleyball.pdf\">Volleyball\/Odbojka\u00a0\u00a0<\/a><\/li>\n<li><a href=\"https:\/\/web.kifst.unist.hr\/wp-content\/uploads\/2023\/05\/Taekwondo.pdf\">Taekwondo\/Taekwondo\u00a0<\/a><\/li>\n<li><a href=\"https:\/\/web.kifst.unist.hr\/wp-content\/uploads\/2022\/06\/Physical-activity-and-health.pdf\">Physical activity and health\/Tjelesno vje\u017ebanje i zdravlje\u00a0<\/a><\/li>\n<li><a href=\"https:\/\/web.kifst.unist.hr\/wp-content\/uploads\/2022\/06\/Kinesiological-and-sport-recreation.pdf\">Kinesiological and sport recreation\/Kineziolo\u0161ka rekreacija<\/a><\/li>\n<li><a href=\"https:\/\/web.kifst.unist.hr\/wp-content\/uploads\/2022\/06\/Dances.pdf\">Dances\/Plesovi<\/a><\/li>\n<\/ol>\n<p>&nbsp;<\/p>\n<p><strong>Theoretical courses<\/strong><\/p>\n<ol>\n<li><a href=\"https:\/\/web.kifst.unist.hr\/wp-content\/uploads\/2022\/06\/Exercise-physiology.pdf\">Exercise physiology\/Fiziologija vje\u017ebanja<\/a><\/li>\n<li><a href=\"https:\/\/web.kifst.unist.hr\/wp-content\/uploads\/2023\/05\/Fundamental-movement-skills.pdf\">Fundamental movement skills assessment\/Mjerenje bazi\u010dnih motori\u010dkih\u00a0 vje\u0161tina<\/a><\/li>\n<li><a href=\"https:\/\/web.kifst.unist.hr\/wp-content\/uploads\/2022\/06\/English-in-sport-and-exercise-sciences.pdf\">English in sport and exercise sciences\/Engleski jezik u\u00a0 znanosti o sportu i tjelesnom vje\u017ebanju<\/a><\/li>\n<li><a href=\"https:\/\/web.kifst.unist.hr\/wp-content\/uploads\/2022\/06\/English-for-sport.pdf\">English for sport\/Engleski jezik za sport<\/a><\/li>\n<li><a href=\"https:\/\/web.kifst.unist.hr\/wp-content\/uploads\/2022\/06\/Sports-management.pdf\">Sports management\/Sportski mend\u017eement<\/a><\/li>\n<li><a href=\"https:\/\/web.kifst.unist.hr\/wp-content\/uploads\/2022\/06\/Physics-in-sports.pdf\">Physics in sports\/Fizika u sportu<\/a><\/li>\n<li><a href=\"https:\/\/web.kifst.unist.hr\/wp-content\/uploads\/2022\/06\/Methodology-of-preparation-development-and-aplication-of-scientific-projects.pdf\">Methodology of preparation, development and application of scientific projects\/Metodologija pripreme, izrade i primjene znanstvenih projekata<\/a><\/li>\n<li><a href=\"https:\/\/web.kifst.unist.hr\/wp-content\/uploads\/2023\/05\/Sustainable-Management-of-Marinas-and-Nautical-Tourism.pdf\">Sustainable management of marinas and nautical tourism\/Odr\u017eivi menad\u017ement marina i nauti\u010dkog turizma<\/a><\/li>\n<li><a href=\"https:\/\/web.kifst.unist.hr\/wp-content\/uploads\/2023\/05\/Service-learning-in-kinesiology.pdf\">Service learning in kinesiology\/Dru\u0161tveno korisno u\u010denje u kineziologiji<\/a><\/li>\n<\/ol>\n<p><strong>Spring\/Summer semester<\/strong><\/p>\n<p><strong>Sport courses<\/strong><\/p>\n<ol>\n<li><a href=\"https:\/\/web.kifst.unist.hr\/wp-content\/uploads\/2022\/06\/Boxing.pdf\">Boxing\/Boks<\/a><\/li>\n<li><a href=\"https:\/\/web.kifst.unist.hr\/wp-content\/uploads\/2022\/06\/Synchronized-swimming.pdf\">Artistic swimming\/Umjetni\u010dko plivanje<\/a><\/li>\n<li><a href=\"https:\/\/web.kifst.unist.hr\/wp-content\/uploads\/2023\/05\/Rollerskating.pdf\">Rollerskating\/Rolanje<\/a><\/li>\n<li><a href=\"https:\/\/web.kifst.unist.hr\/wp-content\/uploads\/2022\/06\/Rhythmic-gymnastics.pdf\">Rhythmic gymnastics\/Ritmi\u010dka gimnastika<\/a><\/li>\n<li><a href=\"https:\/\/web.kifst.unist.hr\/wp-content\/uploads\/2022\/06\/Outdoor-activities.pdf\">Outdoor activities\/Aktivnosti na otvorenom<\/a><\/li>\n<li><a href=\"https:\/\/web.kifst.unist.hr\/wp-content\/uploads\/2022\/06\/Olympic-weightlifting-in-strength-and-conditioning.pdf\">Olympic weightlifting in strength and conditioning\/Olimpijsko dizanje u fizi\u010dkoj pripremi<\/a><\/li>\n<li><a href=\"https:\/\/web.kifst.unist.hr\/wp-content\/uploads\/2022\/06\/Judo.pdf\">Judo\/Judo<\/a><\/li>\n<li><a href=\"https:\/\/web.kifst.unist.hr\/wp-content\/uploads\/2022\/06\/Basketball.pdf\">Basketball\/Ko\u0161arka<\/a><\/li>\n<li><a href=\"https:\/\/web.kifst.unist.hr\/wp-content\/uploads\/2022\/06\/Artistic-gymnastics-2.pdf\">Artistic gymnastics 2*\/Sportska gimnastika 2<\/a><\/li>\n<li><a href=\"https:\/\/web.kifst.unist.hr\/wp-content\/uploads\/2022\/06\/Aquatic-fitness.pdf\">Aquatic fitness\/Fines u vodi<\/a><\/li>\n<li><a href=\"https:\/\/web.kifst.unist.hr\/wp-content\/uploads\/2022\/06\/Wrestling.pdf\">Wrestling\/Hrvanje<\/a><\/li>\n<li><a href=\"https:\/\/web.kifst.unist.hr\/wp-content\/uploads\/2022\/06\/Waterpolo.pdf\">Waterpolo\/Vaterpolo<\/a><\/li>\n<li><a href=\"https:\/\/web.kifst.unist.hr\/wp-content\/uploads\/2023\/05\/Windsurfing.pdf\">Windsurfing\/Jedrenje<\/a><\/li>\n<li>Climbing\/Penjanje<\/li>\n<\/ol>\n<p>*Course enrolment requires some entry competences. Please look at the course description before enrolling.<\/p>\n<p><strong>Theoretical courses<\/strong><\/p>\n<ol>\n<li><a href=\"https:\/\/web.kifst.unist.hr\/wp-content\/uploads\/2022\/06\/Research-methods-in-sport-and-exercise-sciences.pdf\">Research methods in kinesiology (sport and exercise sciences)\/Metode istra\u017eivanja u kineziologiji (sportu i znanosti)<\/a><\/li>\n<li><a href=\"https:\/\/web.kifst.unist.hr\/wp-content\/uploads\/2023\/11\/Doping-and-Sports-Medicine.pdf\">Doping and sports medicine\/Doping i medicina sporta<\/a><\/li>\n<li><a href=\"https:\/\/web.kifst.unist.hr\/wp-content\/uploads\/2022\/06\/Conditioning-in-team-sport-games.pdf\">Conditioning in team sport games\/Kondicijska priprema u timskim sportskim igrama<\/a><\/li>\n<li><a href=\"https:\/\/web.kifst.unist.hr\/wp-content\/uploads\/2023\/07\/Systematic-kinesiology.pdf\">Systematic kinesiology\/Sistematska kineziologija<\/a><\/li>\n<li><a href=\"https:\/\/web.kifst.unist.hr\/wp-content\/uploads\/2022\/06\/Sports-marketing.pdf\">Sports marketing\/Sportski marketing<\/a><\/li>\n<li><a href=\"https:\/\/web.kifst.unist.hr\/wp-content\/uploads\/2022\/06\/Selected-topics-in-quantitative-methods.pdf\">Selected topics in quantitative methods\/Odabrane teme iz kvantitativnih metoda<\/a><\/li>\n<li><a href=\"https:\/\/web.kifst.unist.hr\/wp-content\/uploads\/2022\/06\/Theory-and-methodology-of-Olympic-racquet-sports.pdf\">Theory and methodology of Olympic racquet sports\/Teorija i metodologija olimpjskih sportova s reketom<\/a><\/li>\n<\/ol>\n<p><strong>Croatian language course<\/strong><\/p>\n<p>Incoming students can also select one of the following semestral courses delivered at the Faculty of Humanities and Social Sciences:<\/p>\n<ul>\n<li>Croatian Language for Foreigners 1 (5 ECTS)\u2013basic user<\/li>\n<li>Croatian Language for Foreigners 2 (5 ECTS)\u2013independent user<\/li>\n<li>Croatian Language for Foreigners 3 (5 ECTS)\u2013proficient user<\/li>\n<li>Croatian Culture and Civilization I (5 ECTS)<\/li>\n<li>Croatian Culture and Civilization II (5 ECTS)<\/li>\n<\/ul>\n","protected":false},"excerpt":{"rendered":"<p>Faculty of Kinesiology Course Catalogue 2024-2025 The contents of the online Course Catalogue of the Faculty of Kinesiology are updated every new academic year with the greatest possible care. However, some changes might occur as a result of, for example, governmental measures to limit the Coronavirus outbreak, etc. Course adaptations resulting from such changes take<\/p>\n","protected":false},"author":31,"featured_media":0,"parent":28724,"menu_order":0,"comment_status":"closed","ping_status":"closed","template":"","meta":{"footnotes":""},"acf":[],"_links":{"self":[{"href":"https:\/\/web.kifst.unist.hr\/en\/wp-json\/wp\/v2\/pages\/28735"}],"collection":[{"href":"https:\/\/web.kifst.unist.hr\/en\/wp-json\/wp\/v2\/pages"}],"about":[{"href":"https:\/\/web.kifst.unist.hr\/en\/wp-json\/wp\/v2\/types\/page"}],"author":[{"embeddable":true,"href":"https:\/\/web.kifst.unist.hr\/en\/wp-json\/wp\/v2\/users\/31"}],"replies":[{"embeddable":true,"href":"https:\/\/web.kifst.unist.hr\/en\/wp-json\/wp\/v2\/comments?post=28735"}],"version-history":[{"count":1,"href":"https:\/\/web.kifst.unist.hr\/en\/wp-json\/wp\/v2\/pages\/28735\/revisions"}],"predecessor-version":[{"id":28738,"href":"https:\/\/web.kifst.unist.hr\/en\/wp-json\/wp\/v2\/pages\/28735\/revisions\/28738"}],"up":[{"embeddable":true,"href":"https:\/\/web.kifst.unist.hr\/en\/wp-json\/wp\/v2\/pages\/28724"}],"wp:attachment":[{"href":"https:\/\/web.kifst.unist.hr\/en\/wp-json\/wp\/v2\/media?parent=28735"}],"curies":[{"name":"wp","href":"https:\/\/api.w.org\/{rel}","templated":true}]}}