{"id":28701,"date":"2024-10-17T18:19:44","date_gmt":"2024-10-17T18:19:44","guid":{"rendered":"https:\/\/web.kifst.unist.hr\/?page_id=28701"},"modified":"2024-10-17T18:21:32","modified_gmt":"2024-10-17T18:21:32","slug":"erasmus-inter-institutional-agreements-programme-countries-ka103","status":"publish","type":"page","link":"https:\/\/web.kifst.unist.hr\/en\/international-2\/international-partners\/erasmus-inter-institutional-agreements-programme-countries-ka103\/","title":{"rendered":"ERASMUS+ Inter-Institutional Agreements Programme countries (KA103)"},"content":{"rendered":"<p><strong>Suradnja s programskim zemljama <\/strong><strong>(zemlje \u010dlanice EU, Island, Norve\u0161ka, Lihten\u0161tajn, Turska, Makedonija, Srbija)<\/strong><\/p>\n<p>&nbsp;<\/p>\n<table width=\"100%\">\n<tbody>\n<tr>\n<td colspan=\"2\" width=\"27%\">\n<p><strong>University<\/strong><\/p>\n<\/td>\n<td width=\"15%\">\n<p><strong>Country<\/strong><\/p>\n<\/td>\n<td width=\"19%\">\n<p><strong>Web page<\/strong><\/p>\n<\/td>\n<td width=\"18%\">\n<p><strong>Contact person<\/strong><\/p>\n<\/td>\n<td width=\"19%\">\n<p><strong>Erasmus ID code<\/strong><\/p>\n<\/td>\n<\/tr>\n<tr>\n<td width=\"5%\">\n<p>1.<\/p>\n<\/td>\n<td width=\"21%\">\n<p>Palack\u00fd University Olomouc<\/p>\n<p><em>Faculty of Physical Culture<\/em><\/p>\n<\/td>\n<td width=\"15%\">\n<p>Czech Republic<\/p>\n<\/td>\n<td width=\"19%\">\n<p><a href=\"https:\/\/www.upol.cz\/\">https:\/\/www.upol.cz\/<\/a><\/p>\n<p>https:\/\/ftk.upol.cz\/en\/<\/p>\n<\/td>\n<td width=\"18%\">\n<p>Manek Jiri, <a href=\"mailto:jiri.manek@upol.cz\">jiri.manek@upol.cz<\/a><\/p>\n<p>&nbsp;<\/p>\n<p>yvona.vyhnankova@upol.cz<\/p>\n<\/td>\n<td width=\"19%\">\n<p>CZ OLOMOUC01<\/p>\n<p>&nbsp;<\/p>\n<\/td>\n<\/tr>\n<tr>\n<td width=\"5%\">\n<p>2.<\/p>\n<\/td>\n<td width=\"21%\">\n<p>Charles University<\/p>\n<p>\u00a0<em>Faculty of Physical Education and Sport<\/em><\/p>\n<\/td>\n<td width=\"15%\">\n<p>Czech Republic<\/p>\n<\/td>\n<td width=\"19%\">\n<p>https:\/\/ftvs.cuni.cz\/FTVSEN-5.html<\/p>\n<\/td>\n<td width=\"18%\">\n<p>Mgr. Hana Sl\u00e1dkov\u00e1<\/p>\n<p><a href=\"mailto:international@ftvs.cuni.cz\">international@ftvs.cuni.cz<\/a><\/p>\n<p>&nbsp;<\/p>\n<p><a href=\"mailto:jelizaveta.getta@ruk.cuni.cz\">jelizaveta.getta@ruk.cuni.cz<\/a><\/p>\n<\/td>\n<td width=\"19%\">\n<p>CZ PRAHA07<\/p>\n<\/td>\n<\/tr>\n<tr>\n<td width=\"5%\">\n<p>3.<\/p>\n<\/td>\n<td width=\"21%\">\n<p>Masaryk University<\/p>\n<p><em>\u00a0Faculty of Sport Studies <\/em><\/p>\n<\/td>\n<td width=\"15%\">\n<p>Czech Republic<\/p>\n<\/td>\n<td width=\"19%\">\n<p>www.muni.cz<\/p>\n<p>www.fsps.muni.cz<\/p>\n<p>www.fsps.muni.cz\/courses<\/p>\n<\/td>\n<td width=\"18%\">\n<p>Michal Kumst\u00e1t<\/p>\n<p><a href=\"mailto:kumstat@fsps.muni.cz\">kumstat@fsps.muni.cz<\/a><\/p>\n<p>&nbsp;<\/p>\n<p>Violeta Osouchov\u00e1<\/p>\n<p>osouchova@czs.muni.cz<\/p>\n<p>&nbsp;<\/p>\n<p>Tom\u00e1\u0161 Vespalec<\/p>\n<p>vespalec@fsps.muni.cz<\/p>\n<p>&nbsp;<\/p>\n<p>Andrea Kakulidu<\/p>\n<p>kakulidu@fsps.muni.cz<\/p>\n<\/td>\n<td width=\"19%\">\n<p>CZ BRNO05<\/p>\n<\/td>\n<\/tr>\n<tr>\n<td width=\"5%\">\n<p>4.<\/p>\n<\/td>\n<td width=\"21%\">\n<p>Universite Claude Bernard Lyon 1<\/p>\n<p>&nbsp;<\/p>\n<p><em>Sciences et teachniques des activit\u00e9 (STAPS) <\/em><\/p>\n<p>&nbsp;<\/p>\n<p><strong>\u00a0<\/strong><\/p>\n<\/td>\n<td width=\"15%\">\n<p>France<\/p>\n<\/td>\n<td width=\"19%\">\n<p>ufr-staps.univ-lyon1.fr<\/p>\n<\/td>\n<td width=\"18%\">\n<p>Karine Monteil,<\/p>\n<p>karine.monteil@univ-lyon1.fr<\/p>\n<\/td>\n<td width=\"19%\">\n<p>F LYON01<\/p>\n<\/td>\n<\/tr>\n<tr>\n<td width=\"5%\">\n<p>5.<\/p>\n<\/td>\n<td width=\"21%\">\n<p>Universit\u00e9 de Bretagne Occidentale in Brest<\/p>\n<\/td>\n<td width=\"15%\">\n<p>France<\/p>\n<\/td>\n<td width=\"19%\">\n<p>contact-sea-eu@univ-brest.fr<\/p>\n<\/td>\n<td width=\"18%\">\n<p>Christelle Bideaux<\/p>\n<p><a href=\"mailto:deve@univ-brest.fr\">deve@univ-brest.fr<\/a><\/p>\n<p>&nbsp;<\/p>\n<p>Julia Foug\u00e8re, <a href=\"mailto:jfougere@univ-brest.fr\">jfougere@univ-brest.fr<\/a><\/p>\n<p>&nbsp;<\/p>\n<p>&nbsp;<\/p>\n<p>Caroline L&#8217;haridon <a href=\"mailto:caroline.lharidon@univ-brest.fr\">caroline.lharidon@univ-brest.fr<\/a><\/p>\n<p>&nbsp;<\/p>\n<p>MAZET Eric, eric.mazet@univ-brest.fr<\/p>\n<\/td>\n<td width=\"19%\">\n<p>F BREST01<\/p>\n<\/td>\n<\/tr>\n<tr>\n<td width=\"5%\">\n<p>6.<\/p>\n<\/td>\n<td width=\"21%\">\n<p>Universit\u00e9 Rennes 2<\/p>\n<\/td>\n<td width=\"15%\">\n<p>France<\/p>\n<\/td>\n<td width=\"19%\">\n<p>www.univ-rennes.fr\/<\/p>\n<\/td>\n<td width=\"18%\">\n<p>\u00a0Jean-Jacques Grimm,\u00a0\u00a0\u00a0<\/p>\n<p>\u00a0<a href=\"mailto:jean-jacques.grimm@univ-rennes2.fr\">jean-jacques.grimm@univ-rennes2.fr<\/a><\/p>\n<p>&nbsp;<\/p>\n<p><a href=\"mailto:gwenaelle.lemeur@univ-rennes2.fr\">gwenaelle.lemeur@univ-rennes2.fr<\/a><\/p>\n<p>&nbsp;<\/p>\n<p>international@univ-rennes2.fr<\/p>\n<\/td>\n<td width=\"19%\">\n<p>F RENNES02<\/p>\n<p>&nbsp;<\/p>\n<\/td>\n<\/tr>\n<tr>\n<td width=\"5%\">\n<p><strong>7.<\/strong><\/p>\n<\/td>\n<td width=\"21%\">\n<p>\u00c9cole Sup\u00e9rieure des M\u00e9tiers du Sport et de l\u2019Enseignement (ILEPS)<\/p>\n<\/td>\n<td width=\"15%\">\n<p>France<\/p>\n<\/td>\n<td width=\"19%\">\n<p>www.ileps.fr<\/p>\n<\/td>\n<td width=\"18%\">\n<p>Burghart Roessle Anais, <a href=\"mailto:a.burghart@ileps.fr\">a.burghart@ileps.fr<\/a><\/p>\n<p>&nbsp;<\/p>\n<p>Carton Elsa,<\/p>\n<p>e.carton@ileps.fr<\/p>\n<\/td>\n<td width=\"19%\">\n<p>F CERGY PO8<\/p>\n<\/td>\n<\/tr>\n<tr>\n<td width=\"5%\">\n<p>8.<\/p>\n<\/td>\n<td width=\"21%\">\n<p>Carl von Ossietzky University Oldenburg<\/p>\n<p>&nbsp;<\/p>\n<p>\u00a0<em>Institute of Sport Science<\/em><\/p>\n<\/td>\n<td width=\"15%\">\n<p>Germany<\/p>\n<\/td>\n<td width=\"19%\">\n<p>www.uol.de<\/p>\n<\/td>\n<td width=\"18%\">\n<p>Andreas M\u00e4nnle, <a href=\"mailto:andreas.maennle@uni-oldenburg.de\">andreas.maennle@uni-oldenburg.de<\/a><\/p>\n<p>&nbsp;<\/p>\n<p>Bj\u00f6rn Staas, bjoern.staas@uni-oldenburg.de<\/p>\n<p>&nbsp;<\/p>\n<\/td>\n<td width=\"19%\">\n<p>D OLDENBU01<\/p>\n<\/td>\n<\/tr>\n<tr>\n<td width=\"5%\">\n<p>9.<\/p>\n<\/td>\n<td width=\"21%\">\n<p>Kiel University<\/p>\n<p>&nbsp;<\/p>\n<p><em>Christian-Albrechts-Universitaet zu Kiel<\/em><\/p>\n<\/td>\n<td width=\"15%\">\n<p>Germany<\/p>\n<\/td>\n<td width=\"19%\">\n<p>www.uni-kiel.de\/en\/no_cache<\/p>\n<\/td>\n<td width=\"18%\">\n<p>&nbsp;<\/p>\n<p>Petra Struck, <a href=\"mailto:pstruck@v.uni-kiel.de\">pstruck@v.uni-kiel.de<\/a><\/p>\n<p>&nbsp;<\/p>\n<p>Prof. Dr. Manfred Wegner,<\/p>\n<p><a href=\"mailto:mwegner@email.uni-kiel.de\">mwegner@email.uni-kiel.de<\/a><\/p>\n<p>&nbsp;<\/p>\n<p>Elisabeth Grunwald,<\/p>\n<p><a href=\"mailto:go-out@uv.uni-kiel.de\">go-out@uv.uni-kiel.de<\/a><\/p>\n<p>&nbsp;<\/p>\n<p>&nbsp;<\/p>\n<\/td>\n<td width=\"19%\">\n<p>D KIEL01<\/p>\n<\/td>\n<\/tr>\n<tr>\n<td width=\"5%\">\n<p>10.<\/p>\n<\/td>\n<td width=\"21%\">\n<p>Eszterh\u00e1zy K\u00e1roly Catholic University<\/p>\n<p>&nbsp;<\/p>\n<p><em>Institute of Sports Science <\/em><\/p>\n<\/td>\n<td width=\"15%\">\n<p>Hungary<\/p>\n<\/td>\n<td width=\"19%\">\n<p>www.uni-eszterhazy.hu<\/p>\n<\/td>\n<td width=\"18%\">\n<p>Gy\u0151rv\u00e1ry-Kiss \u00c1gnes<\/p>\n<p><a href=\"mailto:kiss.agnes@uni-eszterhazy.hu\">kiss.agnes@uni-eszterhazy.hu<\/a><\/p>\n<p>&nbsp;<\/p>\n<p>international@ektf.hu<\/p>\n<\/td>\n<td width=\"19%\">\n<p>HU EGER01<\/p>\n<p>&nbsp;<\/p>\n<\/td>\n<\/tr>\n<tr>\n<td width=\"5%\">\n<p>11.<\/p>\n<\/td>\n<td width=\"21%\">\n<p>Reykjavik University<\/p>\n<\/td>\n<td width=\"15%\">\n<p>Island<\/p>\n<\/td>\n<td width=\"19%\">\n<p>www.en.ru.is<\/p>\n<\/td>\n<td width=\"18%\">\n<p>Jose Saacedra<\/p>\n<p><a href=\"mailto:saavedra@ru.is\">saavedra@ru.is<\/a><\/p>\n<p>&nbsp;<\/p>\n<p>gudlaugm@ru.is<\/p>\n<\/td>\n<td width=\"19%\">\n<p>IS REYKJAV05<\/p>\n<\/td>\n<\/tr>\n<tr>\n<td width=\"5%\">\n<p>12.<\/p>\n<\/td>\n<td width=\"21%\">\n<p>University of Palermo<\/p>\n<p>&nbsp;<\/p>\n<p><em>Scienze<\/em><\/p>\n<p><em>Psicologiche,<\/em><\/p>\n<p><em>Pedagogiche,<\/em><\/p>\n<p><em>dell&#8217;esercizio<\/em><\/p>\n<p><em>Fisico e della<\/em><\/p>\n<p><em>Formazione<\/em><\/p>\n<\/td>\n<td width=\"15%\">\n<p>Italy<\/p>\n<\/td>\n<td width=\"19%\">\n<p>www.unipa.it<\/p>\n<\/td>\n<td width=\"18%\">\n<p>Antonino Bianco, <a href=\"mailto:antonino.bianco@unipa.it\">antonino.bianco@unipa.it<\/a><\/p>\n<p>&nbsp;<\/p>\n<p>Giuseppe Battaglia,<\/p>\n<p>giuseppe.battaglia@unipa.it<\/p>\n<\/td>\n<td width=\"19%\">\n<p>&nbsp;<\/p>\n<p>I PALERMO01<\/p>\n<p>&nbsp;<\/p>\n<\/td>\n<\/tr>\n<tr>\n<td width=\"5%\">\n<p>13.<\/p>\n<\/td>\n<td width=\"21%\">\n<p>University &#8220;Gabriele d&#8217;Annuzio&#8221; Chieti Pescara<\/p>\n<p>&nbsp;<\/p>\n<p><em>Department of Medicine and Science of Aging<\/em><\/p>\n<\/td>\n<td width=\"15%\">\n<p>Italy<\/p>\n<\/td>\n<td width=\"19%\">\n<p>erasmus@unich.it<\/p>\n<\/td>\n<td width=\"18%\">\n<p>Gianmario Tiboni,<\/p>\n<p><a href=\"mailto:gianmario.tiboni@unich.it\">gianmario.tiboni@unich.it<\/a><\/p>\n<p>&nbsp;<\/p>\n<p>Erasmus Office<\/p>\n<p>erasmus@unich.it<\/p>\n<\/td>\n<td width=\"19%\">\n<p>I CHIETI01<\/p>\n<\/td>\n<\/tr>\n<tr>\n<td width=\"5%\">\n<p>14.<\/p>\n<\/td>\n<td width=\"21%\">\n<p>University of Milan<\/p>\n<p>&nbsp;<\/p>\n<p><em>Scienze biomediche per la salute<\/em><\/p>\n<\/td>\n<td width=\"15%\">\n<p>Italy<\/p>\n<\/td>\n<td width=\"19%\">\n<p>unimi.it<\/p>\n<\/td>\n<td width=\"18%\">\n<p>International Mobility Office <a href=\"mailto:mobility.in@unimi.it\">mobility.in@unimi.it<\/a><\/p>\n<p>&nbsp;<\/p>\n<p>CE&#8217; EMILIANO<\/p>\n<p>emiliano.ce@unimi.it<\/p>\n<\/td>\n<td width=\"19%\">\n<p>I MILANO01<\/p>\n<\/td>\n<\/tr>\n<tr>\n<td width=\"5%\">\n<p>15.<\/p>\n<\/td>\n<td width=\"21%\">\n<p>University of Rome &#8220;Foro Italico&#8221;<\/p>\n<\/td>\n<td width=\"15%\">\n<p>Italy<\/p>\n<\/td>\n<td width=\"19%\">\n<p>www.uniroma4.it<\/p>\n<\/td>\n<td width=\"18%\">\n<p>Paola Teti<\/p>\n<p><a href=\"mailto:paola.teti@uniroma4.it\">paola.teti@uniroma4.it<\/a> (teaching)<\/p>\n<p>&nbsp;<\/p>\n<p>relazioni.internazionali@uniroma4.it<\/p>\n<\/td>\n<td width=\"19%\">\n<p>I ROMA05<\/p>\n<\/td>\n<\/tr>\n<tr>\n<td width=\"5%\">\n<p>16.<\/p>\n<\/td>\n<td width=\"21%\">\n<p>University of Napoli &#8220;Parthenope&#8221;<\/p>\n<p><strong>\u00a0<\/strong><\/p>\n<p><em>Department of Movement Science and Wellness<\/em><\/p>\n<\/td>\n<td width=\"15%\">\n<p>Italy<\/p>\n<\/td>\n<td width=\"19%\">\n<p>www.international.uniparthenope.it<\/p>\n<\/td>\n<td width=\"18%\">\n<p>Bronwen Hughes<\/p>\n<p><a href=\"mailto:erasmus.dismeb@uniparthenope.it\">erasmus.dismeb@uniparthenope.it<\/a><\/p>\n<p>&nbsp;<\/p>\n<p>Rosaria Arcone rosaria.arcone@uniparthenope.it<\/p>\n<\/td>\n<td width=\"19%\">\n<p>&nbsp;<\/p>\n<p>&nbsp;<\/p>\n<p>&nbsp;<\/p>\n<p>I NAPOLI03<\/p>\n<\/td>\n<\/tr>\n<tr>\n<td width=\"5%\">\n<p>17.<\/p>\n<\/td>\n<td width=\"21%\">\n<p>Lithuanian Sports University<\/p>\n<\/td>\n<td width=\"15%\">\n<p>Lithuania<\/p>\n<\/td>\n<td width=\"19%\">\n<p>www.lsu.lt<\/p>\n<\/td>\n<td width=\"18%\">\n<p>Just\u0117 Knatauskait\u0117<\/p>\n<p><a href=\"mailto:juste.knatauskaite@lsu.lt\">juste.knatauskaite@lsu.lt<\/a><\/p>\n<p>&nbsp;<\/p>\n<p>University-erasmus@lsu.lt<\/p>\n<\/td>\n<td width=\"19%\">\n<p>LT KAUNAS04<\/p>\n<\/td>\n<\/tr>\n<tr>\n<td width=\"5%\">\n<p>18.<\/p>\n<\/td>\n<td width=\"21%\">\n<p>LUNEX International University<\/p>\n<\/td>\n<td width=\"15%\">\n<p>Luxemburg<\/p>\n<\/td>\n<td width=\"19%\">\n<p>www.lunex-university.net<\/p>\n<\/td>\n<td width=\"18%\">\n<p><a href=\"mailto:erasmus@lunex-university.net\">erasmus@lunex-university.net<\/a><\/p>\n<p>&nbsp;<\/p>\n<p>Dr. Daniel Tozzini<\/p>\n<p><a href=\"mailto:daniel.tozzini@lunex-university.net\">daniel.tozzini@lunex-university.net<\/a><\/p>\n<p>&nbsp;<\/p>\n<\/td>\n<td width=\"19%\">\n<p>LUXDIFFERRD01<\/p>\n<\/td>\n<\/tr>\n<tr>\n<td width=\"5%\">\n<p>19.<\/p>\n<\/td>\n<td width=\"21%\">\n<p>University NORD<\/p>\n<p><strong>\u00a0<\/strong><\/p>\n<p><em>Faculty of Education and Arts<\/em><\/p>\n<\/td>\n<td width=\"15%\">\n<p>Norway<\/p>\n<\/td>\n<td width=\"19%\">\n<p>www.nord.no\/en<\/p>\n<\/td>\n<td width=\"18%\">\n<p>Tove Holm<\/p>\n<p><a href=\"mailto:tove.holm@nord.no\">tove.holm@nord.no<\/a><\/p>\n<p>&nbsp;<\/p>\n<p><a href=\"mailto:elena.popova@nord.no\">elena.popova@nord.no<\/a><\/p>\n<p>\u00a0\u00a0\u00a0\u00a0\u00a0\u00a0\u00a0\u00a0\u00a0\u00a0\u00a0\u00a0\u00a0\u00a0\u00a0\u00a0\u00a0\u00a0\u00a0\u00a0\u00a0\u00a0\u00a0\u00a0\u00a0 international@nord.no<\/p>\n<\/td>\n<td width=\"19%\">\n<p>N BODO04<\/p>\n<\/td>\n<\/tr>\n<tr>\n<td width=\"5%\">\n<p>20.<\/p>\n<\/td>\n<td width=\"21%\">\n<p>University of Malta<\/p>\n<p>&nbsp;<\/p>\n<p><em>Institute for Physical Education &amp; Sport <\/em><\/p>\n<p>&nbsp;<\/p>\n<\/td>\n<td width=\"15%\">\n<p>Malta<\/p>\n<\/td>\n<td width=\"19%\">\n<p>ipes@um.edu.mt<\/p>\n<\/td>\n<td width=\"18%\">\n<p>Michaela Stivala\u00a0 <a href=\"mailto:michaela.stivala@um.edu.mt\">michaela.stivala@um.edu.mt<\/a><\/p>\n<p>&nbsp;<\/p>\n<p>Andrew Decelis\u00a0\u00a0 <a href=\"mailto:andrew.decelis@um.edu.mt\">andrew.decelis@um.edu.mt<\/a><\/p>\n<p>&nbsp;<\/p>\n<p>isabella.bianco@um.edu.mt<\/p>\n<\/td>\n<td width=\"19%\">\n<p>MTMALTA01<\/p>\n<\/td>\n<\/tr>\n<tr>\n<td width=\"5%\">\n<p>21.<\/p>\n<\/td>\n<td width=\"21%\">\n<p>Gdansk University of Physical Education and Sport<\/p>\n<\/td>\n<td width=\"15%\">\n<p>Poland<\/p>\n<\/td>\n<td width=\"19%\">\n<p>www.en.awf.gda.pl<\/p>\n<\/td>\n<td width=\"18%\">\n<p>&nbsp;<\/p>\n<p>Urszula Czepukoj\u0107,<\/p>\n<p><a href=\"mailto:erasmus@awf.gda.pl\">erasmus@awf.gda.pl<\/a><\/p>\n<p>&nbsp;<\/p>\n<p>Tomasz Afta\u0144ski<\/p>\n<p>tomasz.aftanski@ug.edu.pl<\/p>\n<\/td>\n<td width=\"19%\">\n<p>PL GDANSK06<\/p>\n<\/td>\n<\/tr>\n<tr>\n<td width=\"5%\">\n<p>22.<\/p>\n<\/td>\n<td width=\"21%\">\n<p>The President Stanis\u0142aw Wojciechowski State University of Applied Sciences in Kalisz<\/p>\n<\/td>\n<td width=\"15%\">\n<p>Poland<\/p>\n<\/td>\n<td width=\"19%\">\n<p>www.pwsz.kalisz.pl\/index.php\/en\/main-page<\/p>\n<\/td>\n<td width=\"18%\">\n<p><a href=\"mailto:tmanasterska@wp.pl\">tmanasterska@wp.pl<\/a><\/p>\n<p>&nbsp;<\/p>\n<p><a href=\"mailto:e.wasielewska@pwsz.kalisz.pl\">e.wasielewska@pwsz.kalisz.pl<\/a><\/p>\n<p>&nbsp;<\/p>\n<p>monika.napadlek@pwsz.kalisz.pl<\/p>\n<\/td>\n<td width=\"19%\">\n<p>PL KALISZ01<\/p>\n<\/td>\n<\/tr>\n<tr>\n<td width=\"5%\">\n<p>23.<\/p>\n<\/td>\n<td width=\"21%\">\n<p>Akademia Wychowania Fizycznego we Wroclawiu<\/p>\n<\/td>\n<td width=\"15%\">\n<p>Poland<\/p>\n<\/td>\n<td width=\"19%\">\n<p>www.awf.wroc.pl\/en\/index<\/p>\n<\/td>\n<td width=\"18%\">\n<p>monika.ilecka@awf.wroc.pl<\/p>\n<\/td>\n<td width=\"19%\">\n<p>PL WROCLAW08<\/p>\n<\/td>\n<\/tr>\n<tr>\n<td width=\"5%\">\n<p>24.<\/p>\n<\/td>\n<td width=\"21%\">\n<p>Universidade De Tras-os-Montes e Alto Douro<\/p>\n<\/td>\n<td width=\"15%\">\n<p>Portugal<\/p>\n<\/td>\n<td width=\"19%\">\n<p>www.utad.pt<\/p>\n<\/td>\n<td width=\"18%\">\n<p><a href=\"mailto:luciafg@utad.pt\">luciafg@utad.pt<\/a><\/p>\n<p>\u00a0<a href=\"mailto:grim.coord@utad.pt\">grim.coord@utad.pt<\/a><\/p>\n<p>&nbsp;<\/p>\n<p>grim.sec@utad.pt<\/p>\n<\/td>\n<td width=\"19%\">\n<p>P VILA-RE01<\/p>\n<\/td>\n<\/tr>\n<tr>\n<td width=\"5%\">\n<p>25.<\/p>\n<\/td>\n<td width=\"21%\">\n<p>University of Algarve<\/p>\n<p>&nbsp;<\/p>\n<p><em>Escola Superior de Educa\u00e7\u00e3o e Comunica\u00e7\u00e3o<\/em><\/p>\n<\/td>\n<td width=\"15%\">\n<p>Portugal<\/p>\n<\/td>\n<td width=\"19%\">\n<p>www.ualg.pt<\/p>\n<\/td>\n<td width=\"18%\">\n<p>Elsa Pereira<\/p>\n<p><a href=\"mailto:epereira@ualg.pt\">epereira@ualg.pt<\/a><\/p>\n<p>&nbsp;<\/p>\n<p>Vanda Correia<\/p>\n<p>vicorreia@ualg.pt<\/p>\n<p>&nbsp;<\/p>\n<p>International<\/p>\n<p>Relations<\/p>\n<p>Office<\/p>\n<p>international@ualg.pt<\/p>\n<p>&nbsp;<\/p>\n<\/td>\n<td width=\"19%\">\n<p>PFARO02<\/p>\n<\/td>\n<\/tr>\n<tr>\n<td width=\"5%\">\n<p>26.<\/p>\n<\/td>\n<td width=\"21%\">\n<p>Universidade de Lisboa<\/p>\n<\/td>\n<td width=\"15%\">\n<p>Portugal<\/p>\n<\/td>\n<td width=\"19%\">\n<p>www.ulisboa.pt<\/p>\n<\/td>\n<td width=\"18%\">\n<p><a href=\"mailto:erasmus@ulisboa.pt\">erasmus@ulisboa.pt<\/a><\/p>\n<p>&nbsp;<\/p>\n<p><a href=\"mailto:rute.pimenta@reitoria.ulisboa.pt\">rute.pimenta@reitoria.ulisboa.pt<\/a><\/p>\n<p>&nbsp;<\/p>\n<p>Isabel Morais<\/p>\n<p>imorais@fmh.ulisboa.pt<\/p>\n<\/td>\n<td width=\"19%\">\n<p>P LISBOA109<\/p>\n<\/td>\n<\/tr>\n<tr>\n<td width=\"5%\">\n<p>27.<\/p>\n<\/td>\n<td width=\"21%\">\n<p>Instituto politecnico de Porto<\/p>\n<\/td>\n<td width=\"15%\">\n<p>Portugal<\/p>\n<\/td>\n<td width=\"19%\">\n<p>www.ipp.pt<\/p>\n<\/td>\n<td width=\"18%\">\n<p><a href=\"mailto:gri@ese.ipp.pt\">gri@ese.ipp.pt<\/a><\/p>\n<p>&nbsp;<\/p>\n<p>Diana Kruma Ferreira<\/p>\n<p>gri@ese.ipp.pt<\/p>\n<p>&nbsp;<\/p>\n<\/td>\n<td width=\"19%\">\n<p>P PORTO05<\/p>\n<\/td>\n<\/tr>\n<tr>\n<td width=\"5%\">\n<p>28.<\/p>\n<\/td>\n<td width=\"21%\">\n<p>Escola Superior de Desporto de Rio Maior<\/p>\n<p>Instituto politecnico de Santarem<\/p>\n<\/td>\n<td width=\"15%\">\n<p>Portugal<\/p>\n<p>&nbsp;<\/p>\n<\/td>\n<td width=\"19%\">\n<p>www.ipsantarem.pt\/en\/655-2<\/p>\n<\/td>\n<td width=\"18%\">\n<p><a href=\"mailto:helder.pereira@esg.ipsantarem.pt\">helder.pereira@esg.ipsantarem.pt<\/a><\/p>\n<p>\u00a0<a href=\"mailto:ceu.martins@sc.ipsantarem.pt\">ceu.martins@sc.ipsantarem.pt<\/a><\/p>\n<p>&nbsp;<\/p>\n<p>Ilda Marques<\/p>\n<p>imarques@esdrm.ipsantarem.pt<\/p>\n<\/td>\n<td width=\"19%\">\n<p>P SANTARE01<\/p>\n<\/td>\n<\/tr>\n<tr>\n<td width=\"5%\">\n<p>29.<\/p>\n<\/td>\n<td width=\"21%\">\n<p>Universitatea Constantin Br\u00e2ncu\u015fi<\/p>\n<\/td>\n<td width=\"15%\">\n<p>Romania<\/p>\n<\/td>\n<td width=\"19%\">\n<p>www.utgjiu.ro<\/p>\n<p>&nbsp;<\/p>\n<\/td>\n<td width=\"18%\">\n<p><a href=\"mailto:erasmus.ucb.targujiu@gmail.com\">erasmus.ucb.targujiu@gmail.com<\/a><\/p>\n<p>&nbsp;<\/p>\n<p>Maria Modoran<\/p>\n<p>modoranm0286@gmail.com<\/p>\n<\/td>\n<td width=\"19%\">\n<p>RO TARGU04<\/p>\n<p>&nbsp;<\/p>\n<\/td>\n<\/tr>\n<tr>\n<td width=\"5%\">\n<p>30.<\/p>\n<\/td>\n<td width=\"21%\">\n<p>Transilvania University of Brasov<\/p>\n<\/td>\n<td width=\"15%\">\n<p>Romania<\/p>\n<\/td>\n<td width=\"19%\">\n<p>www.old.unitbv.ro\/en\/Home.aspx<\/p>\n<\/td>\n<td width=\"18%\">\n<p><a href=\"mailto:erasmus@unitbv.ro\">erasmus@unitbv.ro<\/a><\/p>\n<p>&nbsp;<\/p>\n<p>Sorin Drug\u0103u<\/p>\n<p><a href=\"mailto:sorin.drugau@unitbv.ro\">sorin.drugau@unitbv.ro<\/a><\/p>\n<\/td>\n<td width=\"19%\">\n<p>RO BRASOV01<\/p>\n<p>&nbsp;<\/p>\n<\/td>\n<\/tr>\n<tr>\n<td width=\"5%\">\n<p>31.<\/p>\n<\/td>\n<td width=\"21%\">\n<p>Univeristy of Ni\u0161<\/p>\n<\/td>\n<td width=\"15%\">\n<p>Serbia<\/p>\n<\/td>\n<td width=\"19%\">\n<p>www.ni.ac.rs\/en<\/p>\n<\/td>\n<td width=\"18%\">\n<p>Ivica Manic<\/p>\n<p>ivica.manic@elfak.ni.ac.rs<\/p>\n<\/td>\n<td width=\"19%\">\n<p>RS NIS01<\/p>\n<\/td>\n<\/tr>\n<tr>\n<td width=\"5%\">\n<p>32.<\/p>\n<\/td>\n<td width=\"21%\">\n<p>University of Belgrade<\/p>\n<p>&nbsp;<\/p>\n<p><em>Faculty of Sport and Physical Education<\/em><\/p>\n<\/td>\n<td width=\"15%\">\n<p>Serbia<\/p>\n<\/td>\n<td width=\"19%\">\n<p>http:\/\/www.fsfv.bg.ac.rs\/en\/about-the-faculty<\/p>\n<\/td>\n<td width=\"18%\">\n<p>markob@rect.bg.ac.rs<\/p>\n<\/td>\n<td width=\"19%\">\n<p>RS BELGRAD02<\/p>\n<\/td>\n<\/tr>\n<tr>\n<td width=\"5%\">\n<p>33.<\/p>\n<\/td>\n<td width=\"21%\">\n<p>University of Novi Sad<\/p>\n<p><strong>\u00a0<\/strong><\/p>\n<p><em>Faculty of Sport and Physical Education <\/em><\/p>\n<\/td>\n<td width=\"15%\">\n<p>Sebia<\/p>\n<\/td>\n<td width=\"19%\">\n<p><a href=\"https:\/\/sites.google.com\/view\/safsfvns\/po%C4%8Detna\">https:\/\/sites.google.com\/view\/safsfvns\/po%C4%8Detna<\/a><\/p>\n<p>&nbsp;<\/p>\n<\/td>\n<td width=\"18%\">\n<p>Bojana Harrison<\/p>\n<p>bojanaharrison@yahoo.com<\/p>\n<\/td>\n<td width=\"19%\">\n<p>RS NOVISAD 02<\/p>\n<\/td>\n<\/tr>\n<tr>\n<td width=\"5%\">\n<p>34.<\/p>\n<\/td>\n<td width=\"21%\">\n<p>Comenius University<\/p>\n<\/td>\n<td width=\"15%\">\n<p>Slovakia<\/p>\n<\/td>\n<td width=\"19%\">\n<p>www.uniba.sk<\/p>\n<\/td>\n<td width=\"18%\">\n<p>Marcela Rycht\u00e1rikov\u00e1 erasmus@fsport.uniba.sk<\/p>\n<\/td>\n<td width=\"19%\">\n<p>SK BRATISL02<\/p>\n<\/td>\n<\/tr>\n<tr>\n<td width=\"5%\">\n<p>35.<\/p>\n<\/td>\n<td width=\"21%\">\n<p>University of Presov<\/p>\n<\/td>\n<td width=\"15%\">\n<p>Slovakia<\/p>\n<\/td>\n<td width=\"19%\">\n<p>www.unipo.sk<\/p>\n<\/td>\n<td width=\"18%\">\n<p>erasmus@unipo.sk<\/p>\n<\/td>\n<td width=\"19%\">\n<p>SK PRESOV01<\/p>\n<\/td>\n<\/tr>\n<tr>\n<td width=\"5%\">\n<p>36.<\/p>\n<\/td>\n<td width=\"21%\">\n<p>University of Primorska<\/p>\n<\/td>\n<td width=\"15%\">\n<p>Slovenia<\/p>\n<\/td>\n<td width=\"19%\">\n<p>www.upr.si\/sl<\/p>\n<\/td>\n<td width=\"18%\">\n<p>erasmus@upr.si<\/p>\n<\/td>\n<td width=\"19%\">\n<p>SI KOPER03<\/p>\n<\/td>\n<\/tr>\n<tr>\n<td width=\"5%\">\n<p>37.<\/p>\n<\/td>\n<td width=\"21%\">\n<p>University of Maribor<\/p>\n<\/td>\n<td width=\"15%\">\n<p>Slovenia<\/p>\n<\/td>\n<td width=\"19%\">\n<p>www.um.si\/en\/Pages\/default.aspx<\/p>\n<\/td>\n<td width=\"18%\">\n<p>erasmus@um.si<\/p>\n<\/td>\n<td width=\"19%\">\n<p>SI MARIBOR01<\/p>\n<p>&nbsp;<\/p>\n<\/td>\n<\/tr>\n<tr>\n<td width=\"5%\">\n<p>38.<\/p>\n<\/td>\n<td width=\"21%\">\n<p>University of Ljubljana<\/p>\n<p>&nbsp;<\/p>\n<p><em>Faculty of Sport<\/em><\/p>\n<\/td>\n<td width=\"15%\">\n<p>Slovenia<\/p>\n<\/td>\n<td width=\"19%\">\n<p>www.uni-lj.si\/academies_and_faculties\/faculties\/2013071111471775<\/p>\n<\/td>\n<td width=\"18%\">\n<p>Jo\u017eef Kri\u017eaj Jozef.Krizaj@fsp.uni-lj.si<\/p>\n<\/td>\n<td width=\"19%\">\n<p>SI LJUBLJA01<\/p>\n<\/td>\n<\/tr>\n<tr>\n<td width=\"5%\">\n<p>39.<\/p>\n<\/td>\n<td width=\"21%\">\n<p>INEFC Barcelona<\/p>\n<\/td>\n<td width=\"15%\">\n<p>Spain<\/p>\n<\/td>\n<td width=\"19%\">\n<p>www.inefc.gencat.cat\/en\/inici<\/p>\n<\/td>\n<td width=\"18%\">\n<p>erasmus@ub.edu<\/p>\n<p>&nbsp;<\/p>\n<p><a href=\"mailto:noreplyompi@ub.edu\">noreplyompi@ub.edu<\/a><\/p>\n<p>&nbsp;<\/p>\n<p><a href=\"mailto:mobilitat.inefcbcn@gencat.cat\">mobilitat.inefcbcn@gencat.cat<\/a><\/p>\n<p>&nbsp;<\/p>\n<p>&nbsp;<\/p>\n<p>For Teaching staff: https:\/\/inefc.gencat.cat\/ca\/inefc_barcelona\/programes_mobilitat\/mobilitat-entrant\/personal-docent-investigador-pdi\/<\/p>\n<p>&nbsp;<\/p>\n<p>E-mail:<\/p>\n<p>For teaching staff: inefc.pd@gencat.cat<\/p>\n<p>&nbsp;<\/p>\n<p>International\/general query: mobilitat.inefcbcn@gencat.cat<\/p>\n<p>&nbsp;<\/p>\n<p>relacions.internacionals@ub.edu<\/p>\n<\/td>\n<td width=\"19%\">\n<p>E BARCELO01<\/p>\n<p>&nbsp;<\/p>\n<\/td>\n<\/tr>\n<tr>\n<td width=\"5%\">\n<p>40.-41.<\/p>\n<\/td>\n<td width=\"21%\">\n<p>&nbsp;<\/p>\n<p>University of C\u00e1diz<\/p>\n<p>&nbsp;<\/p>\n<p>&nbsp;<\/p>\n<p>&nbsp;<\/p>\n<p>&nbsp;<\/p>\n<p><em>Facultad de Ciencias de la Educaci\u00f3n<\/em><\/p>\n<p>&nbsp;<\/p>\n<p>&nbsp;<\/p>\n<p>&nbsp;<\/p>\n<p><em>Faculty of Nursing and Physiotherapy<\/em><\/p>\n<\/td>\n<td width=\"15%\">\n<p>Spain<\/p>\n<\/td>\n<td width=\"19%\">\n<p>www.localmanager.seaeu@uca.es<\/p>\n<\/td>\n<td width=\"18%\">\n<p>Laura Howard internacional.educacion@uca.es<\/p>\n<p>&nbsp;<\/p>\n<p>Jos\u00e9 Castro Pi\u00f1ero jose.castro@uca.es<\/p>\n<p>&nbsp;<\/p>\n<p>&nbsp;<\/p>\n<p>&nbsp;<\/p>\n<p>Alejandro Gal\u00e1n-Mercant<\/p>\n<p><a href=\"mailto:alejandro.galan@uca.es\">alejandro.galan@uca.es<\/a><\/p>\n<p>&nbsp;<\/p>\n<p>Jos\u00e9Abell\u00e1n Herv\u00e1s<\/p>\n<p><a href=\"mailto:mariajose.hervas@uca.es\">mariajose.hervas@uca.es<\/a><\/p>\n<p>&nbsp;<\/p>\n<p>International Staff Exchange Programmes<\/p>\n<p>staff.in@gm.uca.es<\/p>\n<\/td>\n<td width=\"19%\">\n<p>E CADIZ01<\/p>\n<\/td>\n<\/tr>\n<tr>\n<td width=\"5%\">\n<p>42.<\/p>\n<\/td>\n<td width=\"21%\">\n<p>University of Deusto<\/p>\n<p>&nbsp;<\/p>\n<p><em>Faculty of Education and Sport<\/em><\/p>\n<\/td>\n<td width=\"15%\">\n<p>Spain<\/p>\n<\/td>\n<td width=\"19%\">\n<p>www.deusto.es\/cs\/Satellite\/deusto\/es\/universidad-deusto<\/p>\n<\/td>\n<td width=\"18%\">\n<p><a href=\"mailto:relint@deusto.es\">relint@deusto.es<\/a><\/p>\n<p>&nbsp;<\/p>\n<p>Iker Saez<\/p>\n<p>iker.saez@deusto.es<\/p>\n<\/td>\n<td width=\"19%\">\n<p>E BILBAO02<\/p>\n<\/td>\n<\/tr>\n<tr>\n<td width=\"5%\">\n<p>43.<\/p>\n<\/td>\n<td width=\"21%\">\n<p>Universitat de Lleida<\/p>\n<\/td>\n<td width=\"15%\">\n<p>Spain<\/p>\n<\/td>\n<td width=\"19%\">\n<p>www.udl.es\/ca<\/p>\n<\/td>\n<td width=\"18%\">\n<p>Eva Barallat Gimeno<\/p>\n<p><a href=\"mailto:fif.international@udl.cat\">fif.international@udl.cat<\/a><\/p>\n<p>&nbsp;<\/p>\n<p>Fermina Berzosa<\/p>\n<p>ri@udl.cat<\/p>\n<\/td>\n<td width=\"19%\">\n<p>E LLEIDA01<\/p>\n<\/td>\n<\/tr>\n<tr>\n<td width=\"5%\">\n<p>44.<\/p>\n<\/td>\n<td width=\"21%\">\n<p>Universidad de Murcia<\/p>\n<\/td>\n<td width=\"15%\">\n<p>Spain<\/p>\n<\/td>\n<td width=\"19%\">\n<p>www.um.es<\/p>\n<\/td>\n<td width=\"18%\">\n<p><a href=\"mailto:incoming@int.udl.cat\">incoming@int.udl.cat<\/a><\/p>\n<p>\u00a0<a href=\"mailto:josepmaria.marti@udl.cat\">josepmaria.marti@udl.cat<\/a><\/p>\n<p>&nbsp;<\/p>\n<p>Maria Jes\u00fas Bazaco Belmonte y <a href=\"mailto:mjbazaco@um.es\">mjbazaco@um.es<\/a><\/p>\n<p>&nbsp;<\/p>\n<p>Alicia M\u00e9ndez Hern\u00e1ndez erasmus@um.es<\/p>\n<\/td>\n<td width=\"19%\">\n<p>E MURCIA01<\/p>\n<\/td>\n<\/tr>\n<tr>\n<td width=\"5%\">\n<p>45.<\/p>\n<\/td>\n<td width=\"21%\">\n<p>Ege University<\/p>\n<\/td>\n<td width=\"15%\">\n<p>Turkey<\/p>\n<\/td>\n<td width=\"19%\">\n<p>www.ege.edu.tr\/eng-0\/homepage.html<\/p>\n<\/td>\n<td width=\"18%\">\n<p><a href=\"mailto:erasmus@mail.ege.edu.tr\">erasmus@mail.ege.edu.tr<\/a><\/p>\n<p>\u00a0<a href=\"mailto:cagrilimanege@gmail.com\">cagrilimanege@gmail.com<\/a><\/p>\n<p>&nbsp;<\/p>\n<p>Mustafa ENG\u00dcR<\/p>\n<p>mustafa.engur@ege.edu.tr<\/p>\n<\/td>\n<td width=\"19%\">\n<p>TR IZMIR02<\/p>\n<\/td>\n<\/tr>\n<tr>\n<td width=\"5%\">\n<p>46.<\/p>\n<\/td>\n<td width=\"21%\">\n<p>Nevsehir Haci Bektas Veli University<\/p>\n<\/td>\n<td width=\"15%\">\n<p>Turkey<\/p>\n<\/td>\n<td width=\"19%\">\n<p>www.nevsehir.edu.tr<\/p>\n<\/td>\n<td width=\"18%\">\n<p>erasmus@nevsehir.edu.tr<\/p>\n<\/td>\n<td width=\"19%\">\n<p>TR NEVSEHI02<\/p>\n<\/td>\n<\/tr>\n<\/tbody>\n<\/table>\n<p>&nbsp;<\/p>\n","protected":false},"excerpt":{"rendered":"<p>Suradnja s programskim zemljama (zemlje \u010dlanice EU, Island, Norve\u0161ka, Lihten\u0161tajn, Turska, Makedonija, Srbija) &nbsp; University Country Web page Contact person Erasmus ID code 1. Palack\u00fd University Olomouc Faculty of Physical Culture Czech Republic https:\/\/www.upol.cz\/ https:\/\/ftk.upol.cz\/en\/ Manek Jiri, jiri.manek@upol.cz &nbsp; yvona.vyhnankova@upol.cz CZ OLOMOUC01 &nbsp; 2. Charles University \u00a0Faculty of Physical Education and Sport Czech Republic https:\/\/ftvs.cuni.cz\/FTVSEN-5.html<\/p>\n","protected":false},"author":31,"featured_media":0,"parent":28705,"menu_order":0,"comment_status":"closed","ping_status":"closed","template":"","meta":{"footnotes":""},"acf":[],"_links":{"self":[{"href":"https:\/\/web.kifst.unist.hr\/en\/wp-json\/wp\/v2\/pages\/28701"}],"collection":[{"href":"https:\/\/web.kifst.unist.hr\/en\/wp-json\/wp\/v2\/pages"}],"about":[{"href":"https:\/\/web.kifst.unist.hr\/en\/wp-json\/wp\/v2\/types\/page"}],"author":[{"embeddable":true,"href":"https:\/\/web.kifst.unist.hr\/en\/wp-json\/wp\/v2\/users\/31"}],"replies":[{"embeddable":true,"href":"https:\/\/web.kifst.unist.hr\/en\/wp-json\/wp\/v2\/comments?post=28701"}],"version-history":[{"count":1,"href":"https:\/\/web.kifst.unist.hr\/en\/wp-json\/wp\/v2\/pages\/28701\/revisions"}],"predecessor-version":[{"id":28702,"href":"https:\/\/web.kifst.unist.hr\/en\/wp-json\/wp\/v2\/pages\/28701\/revisions\/28702"}],"up":[{"embeddable":true,"href":"https:\/\/web.kifst.unist.hr\/en\/wp-json\/wp\/v2\/pages\/28705"}],"wp:attachment":[{"href":"https:\/\/web.kifst.unist.hr\/en\/wp-json\/wp\/v2\/media?parent=28701"}],"curies":[{"name":"wp","href":"https:\/\/api.w.org\/{rel}","templated":true}]}}