{"id":28692,"date":"2024-10-17T18:07:58","date_gmt":"2024-10-17T18:07:58","guid":{"rendered":"https:\/\/web.kifst.unist.hr\/?page_id=28692"},"modified":"2024-10-17T18:18:47","modified_gmt":"2024-10-17T18:18:47","slug":"welcome-note","status":"publish","type":"page","link":"https:\/\/web.kifst.unist.hr\/en\/international-2\/welcome-note\/","title":{"rendered":"Welcome note"},"content":{"rendered":"<section class=\"elementor-section elementor-top-section elementor-element elementor-element-97c8130 elementor-section-height-min-height elementor-section-boxed elementor-section-height-default elementor-section-items-middle jet-parallax-section\" data-id=\"97c8130\" data-element_type=\"section\" data-settings=\"{&quot;jet_parallax_layout_list&quot;:[{&quot;jet_parallax_layout_image&quot;:{&quot;url&quot;:&quot;&quot;,&quot;id&quot;:&quot;&quot;,&quot;size&quot;:&quot;&quot;},&quot;_id&quot;:&quot;b18579b&quot;,&quot;jet_parallax_layout_image_tablet&quot;:{&quot;url&quot;:&quot;&quot;,&quot;id&quot;:&quot;&quot;,&quot;size&quot;:&quot;&quot;},&quot;jet_parallax_layout_image_mobile&quot;:{&quot;url&quot;:&quot;&quot;,&quot;id&quot;:&quot;&quot;,&quot;size&quot;:&quot;&quot;},&quot;jet_parallax_layout_speed&quot;:{&quot;unit&quot;:&quot;%&quot;,&quot;size&quot;:50,&quot;sizes&quot;:[]},&quot;jet_parallax_layout_type&quot;:&quot;scroll&quot;,&quot;jet_parallax_layout_direction&quot;:null,&quot;jet_parallax_layout_fx_direction&quot;:null,&quot;jet_parallax_layout_z_index&quot;:&quot;&quot;,&quot;jet_parallax_layout_bg_x&quot;:50,&quot;jet_parallax_layout_bg_x_tablet&quot;:&quot;&quot;,&quot;jet_parallax_layout_bg_x_mobile&quot;:&quot;&quot;,&quot;jet_parallax_layout_bg_y&quot;:50,&quot;jet_parallax_layout_bg_y_tablet&quot;:&quot;&quot;,&quot;jet_parallax_layout_bg_y_mobile&quot;:&quot;&quot;,&quot;jet_parallax_layout_bg_size&quot;:&quot;auto&quot;,&quot;jet_parallax_layout_bg_size_tablet&quot;:&quot;&quot;,&quot;jet_parallax_layout_bg_size_mobile&quot;:&quot;&quot;,&quot;jet_parallax_layout_animation_prop&quot;:&quot;transform&quot;,&quot;jet_parallax_layout_on&quot;:[&quot;desktop&quot;,&quot;tablet&quot;]}]}\">\n<div class=\"elementor-container elementor-column-gap-default\">\n<div class=\"elementor-column elementor-col-100 elementor-top-column elementor-element elementor-element-763c50a\" data-id=\"763c50a\" data-element_type=\"column\">\n<div class=\"elementor-widget-wrap elementor-element-populated\">\n<section class=\"elementor-section elementor-inner-section elementor-element elementor-element-4d0a8d7 elementor-section-boxed elementor-section-height-default elementor-section-height-default jet-parallax-section\" data-id=\"4d0a8d7\" data-element_type=\"section\" data-settings=\"{&quot;jet_parallax_layout_list&quot;:[{&quot;jet_parallax_layout_image&quot;:{&quot;url&quot;:&quot;&quot;,&quot;id&quot;:&quot;&quot;,&quot;size&quot;:&quot;&quot;},&quot;_id&quot;:&quot;43054cf&quot;,&quot;jet_parallax_layout_image_tablet&quot;:{&quot;url&quot;:&quot;&quot;,&quot;id&quot;:&quot;&quot;,&quot;size&quot;:&quot;&quot;},&quot;jet_parallax_layout_image_mobile&quot;:{&quot;url&quot;:&quot;&quot;,&quot;id&quot;:&quot;&quot;,&quot;size&quot;:&quot;&quot;},&quot;jet_parallax_layout_speed&quot;:{&quot;unit&quot;:&quot;%&quot;,&quot;size&quot;:50,&quot;sizes&quot;:[]},&quot;jet_parallax_layout_type&quot;:&quot;scroll&quot;,&quot;jet_parallax_layout_direction&quot;:null,&quot;jet_parallax_layout_fx_direction&quot;:null,&quot;jet_parallax_layout_z_index&quot;:&quot;&quot;,&quot;jet_parallax_layout_bg_x&quot;:50,&quot;jet_parallax_layout_bg_x_tablet&quot;:&quot;&quot;,&quot;jet_parallax_layout_bg_x_mobile&quot;:&quot;&quot;,&quot;jet_parallax_layout_bg_y&quot;:50,&quot;jet_parallax_layout_bg_y_tablet&quot;:&quot;&quot;,&quot;jet_parallax_layout_bg_y_mobile&quot;:&quot;&quot;,&quot;jet_parallax_layout_bg_size&quot;:&quot;auto&quot;,&quot;jet_parallax_layout_bg_size_tablet&quot;:&quot;&quot;,&quot;jet_parallax_layout_bg_size_mobile&quot;:&quot;&quot;,&quot;jet_parallax_layout_animation_prop&quot;:&quot;transform&quot;,&quot;jet_parallax_layout_on&quot;:[&quot;desktop&quot;,&quot;tablet&quot;]}]}\">\n<div class=\"elementor-container elementor-column-gap-default\">\n<div class=\"elementor-column elementor-col-50 elementor-inner-column elementor-element elementor-element-0105ee1\" data-id=\"0105ee1\" data-element_type=\"column\">\n<div class=\"elementor-widget-wrap elementor-element-populated\">\n<div class=\"elementor-element elementor-element-19e04de elementor-widget elementor-widget-heading\" data-id=\"19e04de\" data-element_type=\"widget\" data-widget_type=\"heading.default\">\n<div class=\"elementor-widget-container\">\n<h3 class=\"elementor-heading-title elementor-size-default\">Welcome to the Faculty of Kinesiology<\/h3>\n<\/div>\n<\/div>\n<div class=\"elementor-element elementor-element-5c481f2 elementor-widget elementor-widget-text-editor\" data-id=\"5c481f2\" data-element_type=\"widget\" data-widget_type=\"text-editor.default\">\n<div class=\"elementor-widget-container\">\n<p>The Faculty of Kinesiology (KIF) is a friendly and down-to-earth higher education and scientific institution that welcomes all suitable for entry applicants to one of its three study programmes:<\/p>\n<ul>\n<li>Bachelor\u2019s degree study programme (BA)<\/li>\n<li>Master\u2019s degree study programme (MA)<\/li>\n<li>Postgraduate doctoral degree study programme (PhD)<\/li>\n<\/ul>\n<p>Although the Faculty of Kinesiology is one of the smallest units of the University of Split, its international cooperation is very fruitful.<\/p>\n<p>International cooperation of the Faculty of Kinesiology focuses on several activities:<\/p>\n<ul>\n<li>international exchanges (students, teachers, researchers, administrative)<\/li>\n<li>international partner collaboration (different types of institutional agreements)<\/li>\n<li>international projects<\/li>\n<li>international memberships<\/li>\n<\/ul>\n<\/div>\n<\/div>\n<\/div>\n<\/div>\n<div class=\"elementor-column elementor-col-50 elementor-inner-column elementor-element elementor-element-cddd5d1\" data-id=\"cddd5d1\" data-element_type=\"column\">\n<div class=\"elementor-widget-wrap elementor-element-populated\">\n<div class=\"elementor-element elementor-element-51fb0f8 elementor-widget elementor-widget-text-editor\" data-id=\"51fb0f8\" data-element_type=\"widget\" data-widget_type=\"text-editor.default\">\n<div class=\"elementor-widget-container\">\n<p>By enrolling an increasing number of partner universities worldwide, we encourage the mobility of students, researchers, teaching and non-teaching staff to participate in the international programmes and projects that help fostering and co-creating new experiences and opinions in studying and teaching methods.<\/p>\n<p>Our versatile elective courses held in English encourage students to choose and meet their interests (whether as future PE teachers, professional athletes or other field of interest) within broader context of kinesiology, sports science and research. It is also ideal for anyone wishing to engage critically with contemporary issues through a wide variety of multidisciplinary aspects and approaches (Social Sciences, Medical Sciences, Mathematics, Arts and Humanities).<\/p>\n<p>Since the Faculty\u2019s purpose is to be friendly yet academically demanding, we believe that establishing healthy and collaborative inter-institutional co-operation helps our students, teachers and staff members obtain competencies, skills and experience needed in educational and research processes. In this way the Faculty of Kinesiology tries to be more recognizable within the European and global higher education context.<\/p>\n<p><strong>\u00a0<\/strong><\/p>\n<p><strong>Name of the institution:\u00a0<\/strong>Faculty of Kinesiology, University of Split<br \/>\n<strong>Erasmus ID Code<\/strong>: HR SPLIT01<br \/>\n<strong>ECHE No<\/strong>:<a href=\"https:\/\/web.kifst.unist.hr\/international\/internationalisation\/Documents\/ECHE_UNIST.pdf\">\u00a0255210-EPP-1-2014-1-HR-EPPKA3-ECHE<\/a><\/p>\n<p>Erasmus Data Sheet 2020\/2021<\/p>\n<\/div>\n<\/div>\n<\/div>\n<\/div>\n<\/div>\n<\/section>\n<\/div>\n<\/div>\n<\/div>\n<\/section>\n<section class=\"elementor-section elementor-top-section elementor-element elementor-element-11ae0c76 elementor-section-boxed elementor-section-height-default elementor-section-height-default jet-parallax-section\" data-id=\"11ae0c76\" data-element_type=\"section\" data-settings=\"{&quot;background_background&quot;:&quot;classic&quot;,&quot;jet_parallax_layout_list&quot;:[{&quot;_id&quot;:&quot;e334a41&quot;,&quot;jet_parallax_layout_image&quot;:{&quot;url&quot;:&quot;&quot;,&quot;id&quot;:&quot;&quot;,&quot;size&quot;:&quot;&quot;},&quot;jet_parallax_layout_image_tablet&quot;:{&quot;url&quot;:&quot;&quot;,&quot;id&quot;:&quot;&quot;,&quot;size&quot;:&quot;&quot;},&quot;jet_parallax_layout_image_mobile&quot;:{&quot;url&quot;:&quot;&quot;,&quot;id&quot;:&quot;&quot;,&quot;size&quot;:&quot;&quot;},&quot;jet_parallax_layout_speed&quot;:{&quot;unit&quot;:&quot;%&quot;,&quot;size&quot;:50,&quot;sizes&quot;:[]},&quot;jet_parallax_layout_type&quot;:&quot;scroll&quot;,&quot;jet_parallax_layout_direction&quot;:null,&quot;jet_parallax_layout_fx_direction&quot;:null,&quot;jet_parallax_layout_z_index&quot;:&quot;&quot;,&quot;jet_parallax_layout_bg_x&quot;:50,&quot;jet_parallax_layout_bg_x_tablet&quot;:&quot;&quot;,&quot;jet_parallax_layout_bg_x_mobile&quot;:&quot;&quot;,&quot;jet_parallax_layout_bg_y&quot;:50,&quot;jet_parallax_layout_bg_y_tablet&quot;:&quot;&quot;,&quot;jet_parallax_layout_bg_y_mobile&quot;:&quot;&quot;,&quot;jet_parallax_layout_bg_size&quot;:&quot;auto&quot;,&quot;jet_parallax_layout_bg_size_tablet&quot;:&quot;&quot;,&quot;jet_parallax_layout_bg_size_mobile&quot;:&quot;&quot;,&quot;jet_parallax_layout_animation_prop&quot;:&quot;transform&quot;,&quot;jet_parallax_layout_on&quot;:[&quot;desktop&quot;,&quot;tablet&quot;]}]}\">\n<div class=\"jet-parallax-section__layout elementor-repeater-item-e334a41 jet-parallax-section__scroll-layout\">\n<div class=\"jet-parallax-section__image\">\n<hr \/>\n<\/div>\n<\/div>\n<div class=\"elementor-container elementor-column-gap-wider\">\n<div class=\"elementor-column elementor-col-50 elementor-top-column elementor-element elementor-element-4812d4c9\" data-id=\"4812d4c9\" data-element_type=\"column\">\n<div class=\"elementor-widget-wrap elementor-element-populated\">\n<div class=\"elementor-element elementor-element-008a59e elementor-widget elementor-widget-text-editor\" data-id=\"008a59e\" data-element_type=\"widget\" data-widget_type=\"text-editor.default\">\n<div class=\"elementor-widget-container\">\n<h3><strong>International partners<\/strong><\/h3>\n<p>The Faculty of Kinesiology has been working with a wide range of educational partner universities worldwide. Our goal is to develop and deliver outstanding teaching and research collaboration together with our international partners. Collaborating with enthusiastic partners enables our students not only unique new practical experiences but it also exposes them to the right knowledge that will improve their employability skills.<\/p>\n<p>The Faculty of Kinesiology performs three types of international collaboration through:<\/p>\n<ul>\n<li><a href=\"https:\/\/d.docs.live.net\/eff8e53e9211a2fc\/Radna%20povr%C5%A1ina\/Ana%20stranica\/Internationalisation\/Programme%20counrties_Agreements.docx\">ERASMUS+ Inter-Institutional Agreements\u2013Programme countries (KA103)<\/a><\/li>\n<li><a href=\"https:\/\/d.docs.live.net\/eff8e53e9211a2fc\/Radna%20povr%C5%A1ina\/Ana%20stranica\/Internationalisation\/Partner%20counrties_Agreements.docx\">Inter-Institutional Agreements\u2013Partner countries (KA107)<\/a><\/li>\n<li><a href=\"https:\/\/d.docs.live.net\/eff8e53e9211a2fc\/Radna%20povr%C5%A1ina\/Ana%20stranica\/Internationalisation\/SEA_EU\">European University of the Seas Alliance (SEA-EU)<\/a><\/li>\n<li><a href=\"https:\/\/d.docs.live.net\/eff8e53e9211a2fc\/Radna%20povr%C5%A1ina\/Ana%20stranica\/Internationalisation\/CEEPUS%20countries.docx\">Central European Exchange Programme for University Studies (CEEPUS)<\/a><\/li>\n<\/ul>\n<p>For more information please visit the full list of our partner universities.<\/p>\n<\/div>\n<\/div>\n<\/div>\n<\/div>\n<div class=\"elementor-column elementor-col-50 elementor-top-column elementor-element elementor-element-fc2604a\" data-id=\"fc2604a\" data-element_type=\"column\">\n<div class=\"elementor-widget-wrap elementor-element-populated\">\n<div class=\"elementor-element elementor-element-e9bfbf7 elementor-widget elementor-widget-text-editor\" data-id=\"e9bfbf7\" data-element_type=\"widget\" data-widget_type=\"text-editor.default\">\n<div class=\"elementor-widget-container\">\n<hr \/>\n<h3><strong>International memberships<\/strong><\/h3>\n<p>Faculty of Kinesiology is a memebr of the following international organisations:<\/p>\n<ul>\n<li>European Association for Sport Management (EASM)<\/li>\n<li>European Physical Education Association\u00a0(EUPEA)<\/li>\n<li>Association for the study of Sport and the European Union (<a href=\"http:\/\/www.sportandeu.com\/\">SPORT&amp;EU<\/a>)<\/li>\n<li>European Network of Physiotherapy in Higher Education \u00a0(ENPHE)<\/li>\n<li>European Educational Research Association \u00a0(EERA) \u2013 \u010dlanstvo preko Hrvatskog udru\u017eenja za obrazovna istra\u017eivanja (HUOI)<\/li>\n<li>European Network of Sport Education (<a href=\"http:\/\/sporteducation.eu\/\">ENSE\u00a0<\/a>)<\/li>\n<\/ul>\n<\/div>\n<\/div>\n<\/div>\n<\/div>\n<\/div>\n<\/section>\n<section class=\"elementor-section elementor-top-section elementor-element elementor-element-25a2cd5 elementor-section-boxed elementor-section-height-default elementor-section-height-default jet-parallax-section\" data-id=\"25a2cd5\" data-element_type=\"section\" data-settings=\"{&quot;background_background&quot;:&quot;classic&quot;,&quot;jet_parallax_layout_list&quot;:[{&quot;_id&quot;:&quot;e334a41&quot;,&quot;jet_parallax_layout_image&quot;:{&quot;url&quot;:&quot;&quot;,&quot;id&quot;:&quot;&quot;,&quot;size&quot;:&quot;&quot;},&quot;jet_parallax_layout_image_tablet&quot;:{&quot;url&quot;:&quot;&quot;,&quot;id&quot;:&quot;&quot;,&quot;size&quot;:&quot;&quot;},&quot;jet_parallax_layout_image_mobile&quot;:{&quot;url&quot;:&quot;&quot;,&quot;id&quot;:&quot;&quot;,&quot;size&quot;:&quot;&quot;},&quot;jet_parallax_layout_speed&quot;:{&quot;unit&quot;:&quot;%&quot;,&quot;size&quot;:50,&quot;sizes&quot;:[]},&quot;jet_parallax_layout_type&quot;:&quot;scroll&quot;,&quot;jet_parallax_layout_direction&quot;:null,&quot;jet_parallax_layout_fx_direction&quot;:null,&quot;jet_parallax_layout_z_index&quot;:&quot;&quot;,&quot;jet_parallax_layout_bg_x&quot;:50,&quot;jet_parallax_layout_bg_x_tablet&quot;:&quot;&quot;,&quot;jet_parallax_layout_bg_x_mobile&quot;:&quot;&quot;,&quot;jet_parallax_layout_bg_y&quot;:50,&quot;jet_parallax_layout_bg_y_tablet&quot;:&quot;&quot;,&quot;jet_parallax_layout_bg_y_mobile&quot;:&quot;&quot;,&quot;jet_parallax_layout_bg_size&quot;:&quot;auto&quot;,&quot;jet_parallax_layout_bg_size_tablet&quot;:&quot;&quot;,&quot;jet_parallax_layout_bg_size_mobile&quot;:&quot;&quot;,&quot;jet_parallax_layout_animation_prop&quot;:&quot;transform&quot;,&quot;jet_parallax_layout_on&quot;:[&quot;desktop&quot;,&quot;tablet&quot;]}]}\">\n<div class=\"jet-parallax-section__layout elementor-repeater-item-e334a41 jet-parallax-section__scroll-layout\">\n<div class=\"jet-parallax-section__image\">\n<hr \/>\n<\/div>\n<\/div>\n<div class=\"elementor-container elementor-column-gap-wider\">\n<div class=\"elementor-column elementor-col-33 elementor-top-column elementor-element elementor-element-755ad94\" data-id=\"755ad94\" data-element_type=\"column\">\n<div class=\"elementor-widget-wrap elementor-element-populated\">\n<div class=\"elementor-element elementor-element-1d8ba89 elementor-widget elementor-widget-text-editor\" data-id=\"1d8ba89\" data-element_type=\"widget\" data-widget_type=\"text-editor.default\">\n<div class=\"elementor-widget-container\">\n<p><strong>Address:<\/strong><\/p>\n<p>Faculty of Kinesiology<br \/>\nNikola Tesla 6a (3rd floor)<br \/>\n21000 Split<br \/>\nCroatia<\/p>\n<p><strong>Telephone:<\/strong><br \/>\n+385 (0)21 30 24 44<\/p>\n<\/div>\n<\/div>\n<div class=\"elementor-element elementor-element-5cf3406 elementor-widget elementor-widget-google_maps\" data-id=\"5cf3406\" data-element_type=\"widget\" data-widget_type=\"google_maps.default\">\n<div class=\"elementor-widget-container\">\n<div class=\"elementor-custom-embed\"><iframe title=\"teslina 6, SPlit\" src=\"https:\/\/maps.google.com\/maps?q=teslina%206%2C%20SPlit&amp;t=m&amp;z=10&amp;output=embed&amp;iwloc=near\" aria-label=\"teslina 6, SPlit\" data-mce-fragment=\"1\"><\/iframe><\/div>\n<\/div>\n<\/div>\n<\/div>\n<\/div>\n<div class=\"elementor-column elementor-col-66 elementor-top-column elementor-element elementor-element-c9fb671\" data-id=\"c9fb671\" data-element_type=\"column\">\n<div class=\"elementor-widget-wrap elementor-element-populated\">\n<div class=\"elementor-element elementor-element-ad9cd87 elementor-widget elementor-widget-text-editor\" data-id=\"ad9cd87\" data-element_type=\"widget\" data-widget_type=\"text-editor.default\">\n<div class=\"elementor-widget-container\">\n<p>If you have any questions, please contact us:<\/p>\n<p><strong><b>Head of the International Relations Office<\/b><\/strong><\/p>\n<p>Ana Penjak:\u00a0<a href=\"mailto:apenjak@kifst.hr\">apenjak@kifst.hr<\/a><\/p>\n<p>&nbsp;<\/p>\n<p><b>Departmental coordinator:<\/b><\/p>\n<p>Petra Rajkovi\u0107 Vuleti\u0107:\u00a0<a href=\"mailto:erasmus@kifst.hr\" rel=\"noreferrer\">erasmus@kifst.hr<\/a><\/p>\n<p>&nbsp;<\/p>\n<p><strong>CEEPUS coordinators:<\/strong><\/p>\n<p>Tanja Veljak: ceepus@mobilnost.hr<br \/>\nMia Peri\u0107: miaper@kifst.hr<\/p>\n<\/div>\n<\/div>\n<\/div>\n<\/div>\n<\/div>\n<\/section>\n","protected":false},"excerpt":{"rendered":"<p>Welcome to the Faculty of Kinesiology The Faculty of Kinesiology (KIF) is a friendly and down-to-earth higher education and scientific institution that welcomes all suitable for entry applicants to one of its three study programmes: Bachelor\u2019s degree study programme (BA) Master\u2019s degree study programme (MA) Postgraduate doctoral degree study programme (PhD) Although the Faculty of<\/p>\n","protected":false},"author":31,"featured_media":0,"parent":28697,"menu_order":0,"comment_status":"closed","ping_status":"closed","template":"","meta":{"footnotes":""},"acf":[],"_links":{"self":[{"href":"https:\/\/web.kifst.unist.hr\/en\/wp-json\/wp\/v2\/pages\/28692"}],"collection":[{"href":"https:\/\/web.kifst.unist.hr\/en\/wp-json\/wp\/v2\/pages"}],"about":[{"href":"https:\/\/web.kifst.unist.hr\/en\/wp-json\/wp\/v2\/types\/page"}],"author":[{"embeddable":true,"href":"https:\/\/web.kifst.unist.hr\/en\/wp-json\/wp\/v2\/users\/31"}],"replies":[{"embeddable":true,"href":"https:\/\/web.kifst.unist.hr\/en\/wp-json\/wp\/v2\/comments?post=28692"}],"version-history":[{"count":3,"href":"https:\/\/web.kifst.unist.hr\/en\/wp-json\/wp\/v2\/pages\/28692\/revisions"}],"predecessor-version":[{"id":28700,"href":"https:\/\/web.kifst.unist.hr\/en\/wp-json\/wp\/v2\/pages\/28692\/revisions\/28700"}],"up":[{"embeddable":true,"href":"https:\/\/web.kifst.unist.hr\/en\/wp-json\/wp\/v2\/pages\/28697"}],"wp:attachment":[{"href":"https:\/\/web.kifst.unist.hr\/en\/wp-json\/wp\/v2\/media?parent=28692"}],"curies":[{"name":"wp","href":"https:\/\/api.w.org\/{rel}","templated":true}]}}