{"id":27289,"date":"2024-06-25T11:43:06","date_gmt":"2024-06-25T11:43:06","guid":{"rendered":"https:\/\/web.kifst.unist.hr\/?page_id=27289"},"modified":"2024-06-25T11:43:17","modified_gmt":"2024-06-25T11:43:17","slug":"projects","status":"publish","type":"page","link":"https:\/\/web.kifst.unist.hr\/en\/science-2\/projects\/","title":{"rendered":"Projects"},"content":{"rendered":"<p><strong>Current projects<\/strong><\/p>\n<p><a href=\"https:\/\/web.kifst.unist.hr\/wp-content\/uploads\/2024\/02\/cular-bioloska_kronoloska_i_relativna_dob-2020-kifst_1197.pdf\">Biolo\u0161ka, kronolo\u0161ka i relativna dob u funkciji uspostave nacionalnog sustava detekcije i razvoja sportskih talenata (IP-2020-02-3366)<\/a><\/p>\n<p><strong>Past projects<\/strong><\/p>\n<table style=\"width: 80.7583%; height: 3233px;\" width=\"89\">\n<tbody>\n<tr>\n<td width=\"89\">\n<p><a href=\"http:\/\/bib.irb.hr\/lista-radova?sif_proj=315-0000000-3410&amp;period=2007\">Antropolo\u0161ka istra\u017eivanja biomotori\u010dkog razvoja i kineziolo\u0161kih aktivnosti<\/a><\/p>\n<\/td>\n<\/tr>\n<tr>\n<td>\n<p>Ratko Kati\u0107<\/p>\n<\/td>\n<\/tr>\n<tr>\n<td>\n<p>2008.-2013.<\/p>\n<\/td>\n<\/tr>\n<tr>\n<td>\n<p>MZOS<\/p>\n<\/td>\n<\/tr>\n<tr>\n<td>\n<p>180.335,32 kn<\/p>\n<\/td>\n<\/tr>\n<tr>\n<td>&nbsp;<\/td>\n<\/tr>\n<tr>\n<td>\n<p><a href=\"http:\/\/bib.irb.hr\/lista-radova?sif_proj=315-0342607-1815&amp;period=2007\">Dijagnostika specifi\u010dnih psihosocijalnih obilje\u017eja sporta\u0161a u sportskim igrama<\/a><\/p>\n<\/td>\n<\/tr>\n<tr>\n<td>\n<p>Slavko Trnini\u0107<\/p>\n<\/td>\n<\/tr>\n<tr>\n<td>\n<p>2007.-2013.<\/p>\n<\/td>\n<\/tr>\n<tr>\n<td>\n<p>MZOS<\/p>\n<\/td>\n<\/tr>\n<tr>\n<td>\n<p>194.666,68 kn<\/p>\n<\/td>\n<\/tr>\n<tr>\n<td>&nbsp;<\/td>\n<\/tr>\n<tr>\n<td>\n<p><a href=\"http:\/\/bib.irb.hr\/lista-radova?sif_proj=315-1773397-3334&amp;period=2007\">Mjerni instrumenti u kineziterapiji<\/a><\/p>\n<\/td>\n<\/tr>\n<tr>\n<td>\n<p>Nikola Rausavljevi\u0107<\/p>\n<\/td>\n<\/tr>\n<tr>\n<td>\n<p>2008.-2013.<\/p>\n<\/td>\n<\/tr>\n<tr>\n<td>\n<p>MZOS<\/p>\n<\/td>\n<\/tr>\n<tr>\n<td>\n<p>100.001,32 kn<\/p>\n<\/td>\n<\/tr>\n<tr>\n<td>&nbsp;<\/td>\n<\/tr>\n<tr>\n<td>\n<p><a href=\"http:\/\/bib.irb.hr\/lista-radova?sif_proj=315-1773397-3333&amp;period=2007\">Mjerenje motori\u010dkih znanja u kineziologiji<\/a><\/p>\n<\/td>\n<\/tr>\n<tr>\n<td>\n<p>\u0110urdica Mileti\u0107<\/p>\n<\/td>\n<\/tr>\n<tr>\n<td>\n<p>2008.-2013.<\/p>\n<\/td>\n<\/tr>\n<tr>\n<td>\n<p>MZOS<\/p>\n<\/td>\n<\/tr>\n<tr>\n<td>\n<p>150.000,00 kn<\/p>\n<\/td>\n<\/tr>\n<tr>\n<td>&nbsp;<\/td>\n<\/tr>\n<tr>\n<td>\n<p><a href=\"http:\/\/bib.irb.hr\/lista-radova?sif_proj=315-1773397-3407&amp;period=2007\">Terenski i specifi\u010dno-situacijski mjerni instrumenti u kineziologiji<\/a><\/p>\n<\/td>\n<\/tr>\n<tr>\n<td>\n<p>Damir Sekuli\u0107<\/p>\n<\/td>\n<\/tr>\n<tr>\n<td>\n<p>2008.-2013.<\/p>\n<\/td>\n<\/tr>\n<tr>\n<td>\n<p>MZOS<\/p>\n<\/td>\n<\/tr>\n<tr>\n<td>\n<p>124.998,68 kn<\/p>\n<\/td>\n<\/tr>\n<tr>\n<td>&nbsp;<\/td>\n<\/tr>\n<tr>\n<td>\n<p><a href=\"http:\/\/bib.irb.hr\/lista-radova?sif_proj=315-1773397-3332&amp;period=2007\">Laboratorijski mjerni instrumenti u kineziologiji<\/a><\/p>\n<\/td>\n<\/tr>\n<tr>\n<td>\n<p>Boris Male\u0161<\/p>\n<\/td>\n<\/tr>\n<tr>\n<td>\n<p>2008.-2013.<\/p>\n<\/td>\n<\/tr>\n<tr>\n<td>\n<p>MZOS<\/p>\n<\/td>\n<\/tr>\n<tr>\n<td>\n<p>124.998,68 kn<\/p>\n<\/td>\n<\/tr>\n<tr>\n<td>&nbsp;<\/td>\n<\/tr>\n<tr>\n<td>\n<p><a href=\"http:\/\/bib.irb.hr\/lista-radova?sif_proj=315-0000000-1811&amp;period=2007\">Otkrivanje talenata u sportu<\/a><\/p>\n<\/td>\n<\/tr>\n<tr>\n<td>\n<p>Nenad Rogulj<\/p>\n<\/td>\n<\/tr>\n<tr>\n<td>\n<p>2007.-2013.<\/p>\n<\/td>\n<\/tr>\n<tr>\n<td>\n<p>MZOS<\/p>\n<\/td>\n<\/tr>\n<tr>\n<td>\n<p>141.666,68 kn<\/p>\n<\/td>\n<\/tr>\n<tr>\n<td>&nbsp;<\/td>\n<\/tr>\n<tr>\n<td>\n<p><a href=\"https:\/\/croris.hr\/projekti\/projekt\/3716\">Predplanirana i reaktivna agilnost; razvoj i validacija specifi\u010dnih metoda mjerenja, utvr\u0111ivanje faktora utjecaja i u\u010dinkovitost transformacijskih postupaka<\/a><\/p>\n<\/td>\n<\/tr>\n<tr>\n<td>\n<p>Damir Sekuli\u0107<\/p>\n<\/td>\n<\/tr>\n<tr>\n<td>\n<p>2018.-2022.<\/p>\n<\/td>\n<\/tr>\n<tr>\n<td>\n<p>MZOS<\/p>\n<\/td>\n<\/tr>\n<tr>\n<td>\n<p>560.102,00 kn<\/p>\n<\/td>\n<\/tr>\n<\/tbody>\n<\/table>\n","protected":false},"excerpt":{"rendered":"<p>Current projects Biolo\u0161ka, kronolo\u0161ka i relativna dob u funkciji uspostave nacionalnog sustava detekcije i razvoja sportskih talenata (IP-2020-02-3366) Past projects Antropolo\u0161ka istra\u017eivanja biomotori\u010dkog razvoja i kineziolo\u0161kih aktivnosti Ratko Kati\u0107 2008.-2013. MZOS 180.335,32 kn &nbsp; Dijagnostika specifi\u010dnih psihosocijalnih obilje\u017eja sporta\u0161a u sportskim igrama Slavko Trnini\u0107 2007.-2013. MZOS 194.666,68 kn &nbsp; Mjerni instrumenti u kineziterapiji Nikola Rausavljevi\u0107<\/p>\n","protected":false},"author":31,"featured_media":0,"parent":27260,"menu_order":0,"comment_status":"closed","ping_status":"closed","template":"","meta":{"footnotes":""},"acf":[],"_links":{"self":[{"href":"https:\/\/web.kifst.unist.hr\/en\/wp-json\/wp\/v2\/pages\/27289"}],"collection":[{"href":"https:\/\/web.kifst.unist.hr\/en\/wp-json\/wp\/v2\/pages"}],"about":[{"href":"https:\/\/web.kifst.unist.hr\/en\/wp-json\/wp\/v2\/types\/page"}],"author":[{"embeddable":true,"href":"https:\/\/web.kifst.unist.hr\/en\/wp-json\/wp\/v2\/users\/31"}],"replies":[{"embeddable":true,"href":"https:\/\/web.kifst.unist.hr\/en\/wp-json\/wp\/v2\/comments?post=27289"}],"version-history":[{"count":1,"href":"https:\/\/web.kifst.unist.hr\/en\/wp-json\/wp\/v2\/pages\/27289\/revisions"}],"predecessor-version":[{"id":27290,"href":"https:\/\/web.kifst.unist.hr\/en\/wp-json\/wp\/v2\/pages\/27289\/revisions\/27290"}],"up":[{"embeddable":true,"href":"https:\/\/web.kifst.unist.hr\/en\/wp-json\/wp\/v2\/pages\/27260"}],"wp:attachment":[{"href":"https:\/\/web.kifst.unist.hr\/en\/wp-json\/wp\/v2\/media?parent=27289"}],"curies":[{"name":"wp","href":"https:\/\/api.w.org\/{rel}","templated":true}]}}