{"id":27253,"date":"2024-06-25T11:15:39","date_gmt":"2024-06-25T11:15:39","guid":{"rendered":"https:\/\/web.kifst.unist.hr\/?page_id=27253"},"modified":"2024-06-25T11:16:01","modified_gmt":"2024-06-25T11:16:01","slug":"useful-informations","status":"publish","type":"page","link":"https:\/\/web.kifst.unist.hr\/en\/for-students-2\/useful-informations\/","title":{"rendered":"Useful information&#8217;s"},"content":{"rendered":"<div class=\"flex-shrink-0 flex flex-col relative items-end\">\n<div>\n<div class=\"pt-0.5 juice:pt-0\">\n<div class=\"gizmo-bot-avatar flex h-6 w-6 items-center justify-center overflow-hidden rounded-full juice:h-8 juice:w-8\">\n<div class=\"relative p-1 rounded-sm flex items-center justify-center bg-token-main-surface-primary text-token-text-primary h-8 w-8\"><strong>YEAR COORDINATORS<\/strong><\/div>\n<\/div>\n<\/div>\n<\/div>\n<\/div>\n<div class=\"group\/conversation-turn relative flex w-full min-w-0 flex-col agent-turn\">\n<div class=\"flex-col gap-1 md:gap-3\">\n<div class=\"flex flex-grow flex-col max-w-full\">\n<div class=\"min-h-[20px] text-message flex flex-col items-start whitespace-pre-wrap break-words [.text-message+&amp;]:mt-5 juice:w-full juice:items-end overflow-x-auto gap-2\" dir=\"auto\" data-message-author-role=\"assistant\" data-message-id=\"52025fa1-1a60-4968-9511-bd7926e9e174\">\n<div class=\"flex w-full flex-col gap-1 juice:empty:hidden juice:first:pt-[3px]\">\n<div class=\"result-streaming markdown prose w-full break-words dark:prose-invert dark\">\n<p><strong>1st Year Undergraduate<\/strong><\/p>\n<p>Andrija Kuva\u010di\u0107: <a rel=\"noreferrer\">andrijakuva@gmail.com<\/a><\/p>\n<p>Jelena Sabli\u0107: <a rel=\"noreferrer\">sablicjelena@gmail.com<\/a><\/p>\n<p><strong>2nd Year Undergraduate<\/strong><\/p>\n<p>Antonio Kolovrat: <a rel=\"noreferrer\">antonio.kolovrat10@gmail.com<\/a><\/p>\n<p>Tonka Martini\u0107: <a rel=\"noreferrer\">tonkaivo15@gmail.com<\/a>, <a rel=\"noreferrer\">tonmar1@kifst.hr<\/a><\/p>\n<p><strong>3rd Year Undergraduate<\/strong><\/p>\n<p>Tomislav Pa\u017eanin: <a rel=\"noreferrer\">tomo.pazanin@gmail.com<\/a><\/p>\n<p>Karla Jonji\u0107: <a rel=\"noreferrer\">karla.jonjic1@gmail.com<\/a>, <a rel=\"noreferrer\">karjon@kifst.hr<\/a><\/p>\n<p><strong>1st Year Graduate<\/strong><\/p>\n<p>Anja Macan: <a rel=\"noreferrer\">a4macan@gmail.com<\/a><\/p>\n<p>Jakov Marasovi\u0107: <a rel=\"noreferrer\">jakov.marasovic1234@gmail.com<\/a><\/p>\n<p><strong>2nd Year Graduate<\/strong><\/p>\n<p>Antea \u0160ipalo: <a rel=\"noreferrer\">anteasipalo@gmail.com<\/a><\/p>\n<p>Tomislav Pranji\u0107: <a rel=\"noreferrer\">tomislav.pranja8@gmail.com<\/a><\/p>\n<\/div>\n<\/div>\n<\/div>\n<\/div>\n<\/div>\n<\/div>\n","protected":false},"excerpt":{"rendered":"<p>YEAR COORDINATORS 1st Year Undergraduate Andrija Kuva\u010di\u0107: andrijakuva@gmail.com Jelena Sabli\u0107: sablicjelena@gmail.com 2nd Year Undergraduate Antonio Kolovrat: antonio.kolovrat10@gmail.com Tonka Martini\u0107: tonkaivo15@gmail.com, tonmar1@kifst.hr 3rd Year Undergraduate Tomislav Pa\u017eanin: tomo.pazanin@gmail.com Karla Jonji\u0107: karla.jonjic1@gmail.com, karjon@kifst.hr 1st Year Graduate Anja Macan: a4macan@gmail.com Jakov Marasovi\u0107: jakov.marasovic1234@gmail.com 2nd Year Graduate Antea \u0160ipalo: anteasipalo@gmail.com Tomislav Pranji\u0107: tomislav.pranja8@gmail.com<\/p>\n","protected":false},"author":31,"featured_media":0,"parent":27244,"menu_order":0,"comment_status":"closed","ping_status":"closed","template":"","meta":{"footnotes":""},"acf":[],"_links":{"self":[{"href":"https:\/\/web.kifst.unist.hr\/en\/wp-json\/wp\/v2\/pages\/27253"}],"collection":[{"href":"https:\/\/web.kifst.unist.hr\/en\/wp-json\/wp\/v2\/pages"}],"about":[{"href":"https:\/\/web.kifst.unist.hr\/en\/wp-json\/wp\/v2\/types\/page"}],"author":[{"embeddable":true,"href":"https:\/\/web.kifst.unist.hr\/en\/wp-json\/wp\/v2\/users\/31"}],"replies":[{"embeddable":true,"href":"https:\/\/web.kifst.unist.hr\/en\/wp-json\/wp\/v2\/comments?post=27253"}],"version-history":[{"count":2,"href":"https:\/\/web.kifst.unist.hr\/en\/wp-json\/wp\/v2\/pages\/27253\/revisions"}],"predecessor-version":[{"id":27255,"href":"https:\/\/web.kifst.unist.hr\/en\/wp-json\/wp\/v2\/pages\/27253\/revisions\/27255"}],"up":[{"embeddable":true,"href":"https:\/\/web.kifst.unist.hr\/en\/wp-json\/wp\/v2\/pages\/27244"}],"wp:attachment":[{"href":"https:\/\/web.kifst.unist.hr\/en\/wp-json\/wp\/v2\/media?parent=27253"}],"curies":[{"name":"wp","href":"https:\/\/api.w.org\/{rel}","templated":true}]}}