{"id":27238,"date":"2024-06-25T10:59:13","date_gmt":"2024-06-25T10:59:13","guid":{"rendered":"https:\/\/web.kifst.unist.hr\/?page_id=27238"},"modified":"2024-06-25T11:05:48","modified_gmt":"2024-06-25T11:05:48","slug":"for-students","status":"publish","type":"page","link":"https:\/\/web.kifst.unist.hr\/en\/for-students-2\/for-students\/","title":{"rendered":"Studying at faculty"},"content":{"rendered":"<div class=\"flex flex-grow flex-col max-w-full\">\n<div class=\"min-h-[20px] text-message flex flex-col items-start whitespace-pre-wrap break-words [.text-message+&amp;]:mt-5 juice:w-full juice:items-end overflow-x-auto gap-2\" dir=\"auto\" data-message-author-role=\"assistant\" data-message-id=\"40b8cb7d-14b2-44dc-9651-6025a3565325\">\n<div class=\"flex w-full flex-col gap-1 juice:empty:hidden juice:first:pt-[3px]\">\n<div class=\"markdown prose w-full break-words dark:prose-invert dark\">\n<p><strong>Student Support and Services<\/strong><\/p>\n<p>All information related to your studies and assistance in resolving any difficulties that may arise during your studies can be obtained by contacting the staff of the student service office.<\/p>\n<p><strong>Student Service Office Hours<\/strong> The office operates with students from 9:00 AM to 2:30 PM.<\/p>\n<p><strong>Contact Information<\/strong><\/p>\n<p><strong>For University Undergraduate and Graduate Studies:<\/strong> Marina Male\u0161<\/p>\n<ul>\n<li>Email: <a rel=\"noreferrer\">studentska.sluzba@kifst.hr<\/a><\/li>\n<li>Phone: 021\/302-444<\/li>\n<\/ul>\n<p><strong>For Professional Undergraduate and Graduate Studies:<\/strong> Ljubica Perko \u017dakni\u0107<\/p>\n<ul>\n<li>Email: <a rel=\"noreferrer\">ljubica.perko@kifst.eu<\/a><\/li>\n<li>Phone: 021\/302-446<\/li>\n<\/ul>\n<p><strong>For Doctoral Studies:<\/strong> Marina Male\u0161<\/p>\n<ul>\n<li>Email: <a rel=\"noreferrer\">mmales@kifst.hr<\/a><\/li>\n<li>Phone: 021\/302-444<\/li>\n<\/ul>\n<p><strong>For Lifelong Learning:<\/strong> Meri Juri\u0107<\/p>\n<ul>\n<li>Email: <a rel=\"noreferrer\">meri@kifst.hr<\/a><\/li>\n<li>Phone: 021\/302-444<\/li>\n<\/ul>\n<p><strong>Health Care<\/strong><\/p>\n<p><strong>Responsible Physician for the Faculty of Kinesiology:<\/strong><\/p>\n<ul>\n<li>Hajdi Krstulovi\u0107, MD, Specialist in School Medicine<\/li>\n<li>\u0110or\u0111ija Vidi\u0107, Bachelor of Nursing<\/li>\n<li>Branch Office Ba\u010dvice, Bijankinijeva 13<\/li>\n<li>Phone: 021\/315-684<\/li>\n<\/ul>\n<p><strong>Psychological Counseling<\/strong> If you have any difficulties related to learning and behavior, you can seek counseling and assistance:<\/p>\n<ul>\n<li>Contact the responsible school medicine physician every morning at: +385 (0)21 315 684 or via email: <a rel=\"noreferrer\">skolska@nzjz-split.hr<\/a><\/li>\n<li>Contact the University of Split Psychological Counseling Center. The Psychological Counseling Service organizes advisory and educational activities aimed at offering help and support to students in resolving personal difficulties, increasing study efficiency, and improving the quality of life. The main activities involve individual counseling for students facing issues related to academic achievement, adaptation, interpersonal relationships, negative emotional states, and similar concerns.<\/li>\n<\/ul>\n<p><strong>Contact:<\/strong><\/p>\n<ul>\n<li>Phone: 021 541 951<\/li>\n<li>Email: <a rel=\"noreferrer\">savjetovanje@ffst.hr<\/a><\/li>\n<\/ul>\n<p><strong>Students with Disabilities<\/strong> For professional assistance to students with disabilities regarding their studies and meeting their educational and socio-psychological needs, you can contact the Commissioner for Students with Disabilities for any questions.<\/p>\n<p>All issues concerning students with disabilities are regulated by the Rules on Studying Students with Disabilities at the University of Split. The University of Split also has a counseling service for students with disabilities.<\/p>\n<p><strong>Contact:<\/strong><\/p>\n<ul>\n<li>Ivan Bogdanovi\u0107, dipl. oec.<\/li>\n<li>Professional Associate for Students with Disabilities, Department for Student Standards and Sports, University of Split<\/li>\n<li>Email: <a rel=\"noreferrer\">ivan.bogdanovic@unist.hr<\/a><\/li>\n<\/ul>\n<p><strong>Student Accident Insurance<\/strong> During their studies, all regular students are insured against the consequences of accidents.<\/p>\n<\/div>\n<\/div>\n<\/div>\n<\/div>\n<div class=\"mt-1 flex gap-3 empty:hidden juice:-ml-3\">\n<div class=\"items-center justify-start rounded-xl p-1 flex\">\n<div class=\"flex items-center\">\u00a0<\/div>\n<\/div>\n<\/div>\n","protected":false},"excerpt":{"rendered":"<p>Student Support and Services All information related to your studies and assistance in resolving any difficulties that may arise during your studies can be obtained by contacting the staff of the student service office. Student Service Office Hours The office operates with students from 9:00 AM to 2:30 PM. Contact Information For University Undergraduate and<\/p>\n","protected":false},"author":31,"featured_media":0,"parent":27244,"menu_order":0,"comment_status":"closed","ping_status":"closed","template":"","meta":{"footnotes":""},"acf":[],"_links":{"self":[{"href":"https:\/\/web.kifst.unist.hr\/en\/wp-json\/wp\/v2\/pages\/27238"}],"collection":[{"href":"https:\/\/web.kifst.unist.hr\/en\/wp-json\/wp\/v2\/pages"}],"about":[{"href":"https:\/\/web.kifst.unist.hr\/en\/wp-json\/wp\/v2\/types\/page"}],"author":[{"embeddable":true,"href":"https:\/\/web.kifst.unist.hr\/en\/wp-json\/wp\/v2\/users\/31"}],"replies":[{"embeddable":true,"href":"https:\/\/web.kifst.unist.hr\/en\/wp-json\/wp\/v2\/comments?post=27238"}],"version-history":[{"count":5,"href":"https:\/\/web.kifst.unist.hr\/en\/wp-json\/wp\/v2\/pages\/27238\/revisions"}],"predecessor-version":[{"id":27243,"href":"https:\/\/web.kifst.unist.hr\/en\/wp-json\/wp\/v2\/pages\/27238\/revisions\/27243"}],"up":[{"embeddable":true,"href":"https:\/\/web.kifst.unist.hr\/en\/wp-json\/wp\/v2\/pages\/27244"}],"wp:attachment":[{"href":"https:\/\/web.kifst.unist.hr\/en\/wp-json\/wp\/v2\/media?parent=27238"}],"curies":[{"name":"wp","href":"https:\/\/api.w.org\/{rel}","templated":true}]}}