{"id":23550,"date":"2023-09-15T16:34:16","date_gmt":"2023-09-15T16:34:16","guid":{"rendered":"https:\/\/web.kifst.unist.hr\/further-education-and-career\/alumni-association\/"},"modified":"2026-05-08T07:32:26","modified_gmt":"2026-05-08T07:32:26","slug":"alumni-association","status":"publish","type":"page","link":"https:\/\/web.kifst.unist.hr\/en\/alumni-association\/","title":{"rendered":"ALUMNI Association"},"content":{"rendered":"\t\t<div data-elementor-type=\"wp-post\" data-elementor-id=\"23550\" class=\"elementor elementor-23550 elementor-17839\" data-elementor-post-type=\"page\">\n\t\t\t\t\t\t\t\t\t<section class=\"elementor-section elementor-top-section elementor-element elementor-element-6e852dd2 elementor-section-boxed elementor-section-height-default elementor-section-height-default\" data-id=\"6e852dd2\" data-element_type=\"section\" data-settings=\"{&quot;jet_parallax_layout_list&quot;:[]}\">\n\t\t\t\t\t\t<div class=\"elementor-container elementor-column-gap-default\">\n\t\t\t\t\t<div class=\"elementor-column elementor-col-100 elementor-top-column elementor-element elementor-element-5f36145f\" data-id=\"5f36145f\" data-element_type=\"column\">\n\t\t\t<div class=\"elementor-widget-wrap elementor-element-populated\">\n\t\t\t\t\t\t\t\t<div class=\"elementor-element elementor-element-ba286ae elementor-widget elementor-widget-text-editor\" data-id=\"ba286ae\" data-element_type=\"widget\" data-widget_type=\"text-editor.default\">\n\t\t\t\t<div class=\"elementor-widget-container\">\n\t\t\t\t\t\t\t<p>The Association of Graduate Students of the Faculty of Kinesiology, University of Split &#8211; Alumni KIF Split is a non-profit civic association founded on April 5, 2011, at the initiative of a group of graduate students of the Faculty of Kinesiology, University of Split.  <\/p>\n<p>Its first president was  <strong>Prof. Dr. Zoran Grgantov <\/strong><\/p>\n<p>Alumni KIFST is a member of the umbrella association of the Alumni of the University of Split (ASUS), the current president of the ASUS association is  <strong>Mario Podrug, PhD <\/strong>.<\/p>\n<section class=\"elementor-section elementor-top-section elementor-element elementor-element-ce0e57a elementor-section-boxed elementor-section-height-default elementor-section-height-default jet-parallax-section\" data-id=\"ce0e57a\" data-element_type=\"section\" data-settings=\"{\"jet_parallax_layout_list\":[{\"jet_parallax_layout_image\":{\"url\":\"\",\"id\":\"\",\"size\":\"\"},\"_id\":\"d6e9531\",\"jet_parallax_layout_image_tablet\":{\"url\":\"\",\"id\":\"\",\"size\":\"\"},\"jet_parallax_layout_image_mobile\":{\"url\":\"\",\"id\":\"\",\"size\":\"\"},\"jet_parallax_layout_speed\":{\"unit\":\"%\",\"size\":50,\"sizes\":[]},\"jet_parallax_layout_type\":\"scroll\",\"jet_parallax_layout_direction\":null,\"jet_parallax_layout_fx_direction\":null,\"jet_parallax_layout_z_index\":\"\",\"jet_parallax_layout_bg_x\":50,\"jet_parallax_layout_bg_x_tablet\":\"\",\"jet_parallax_layout_bg_x_mobile\":\"\",\"jet_parallax_layout_bg_y\":50,\"jet_parallax_layout_bg_y_tablet\":\"\",\"jet_parallax_layout_bg_y_mobile\":\"\",\"jet_parallax_layout_bg_size\":\"auto\",\"jet_parallax_layout_bg_size_tablet\":\"\",\"jet_parallax_layout_bg_size_mobile\":\"\",\"jet_parallax_layout_animation_prop\":\"transform\",\"jet_parallax_layout_on\":[\"desktop\",\"tablet\"]}]}\">\n<div class=\"jet-parallax-section__layout elementor-repeater-item-d6e9531 jet-parallax-section__scroll-layout\"> <\/div>\n<\/section>\t\t\t\t\t\t<\/div>\n\t\t\t\t<\/div>\n\t\t\t\t\t<\/div>\n\t\t<\/div>\n\t\t\t\t\t\t\t<\/div>\n\t\t<\/section>\n\t\t\t\t<section class=\"elementor-section elementor-top-section elementor-element elementor-element-158baa7e elementor-section-boxed elementor-section-height-default elementor-section-height-default\" data-id=\"158baa7e\" data-element_type=\"section\" data-settings=\"{&quot;jet_parallax_layout_list&quot;:[]}\">\n\t\t\t\t\t\t<div class=\"elementor-container elementor-column-gap-default\">\n\t\t\t\t\t<div class=\"elementor-column elementor-col-100 elementor-top-column elementor-element elementor-element-3354f701\" data-id=\"3354f701\" data-element_type=\"column\">\n\t\t\t<div class=\"elementor-widget-wrap elementor-element-populated\">\n\t\t\t\t\t\t\t\t<div class=\"elementor-element elementor-element-187a4096 elementor-widget elementor-widget-jet-accordion\" data-id=\"187a4096\" data-element_type=\"widget\" data-widget_type=\"jet-accordion.default\">\n\t\t\t\t<div class=\"elementor-widget-container\">\n\t\t\t\t\t<div class=\"jet-accordion\" data-settings=\"{&quot;collapsible&quot;:false,&quot;ajaxTemplate&quot;:false,&quot;switchScrolling&quot;:false,&quot;switchScrollingOffset&quot;:0,&quot;switchScrollingDelay&quot;:500}\" role=\"tablist\">\n\t\t\t<div class=\"jet-accordion__inner\">\n\t\t\t\t<div class=\"jet-accordion__item jet-toggle jet-toggle-move-up-effect \">\n\t\t\t\t\t\t\t<div id=\"jet-toggle-control-4101\" class=\"jet-toggle__control elementor-menu-anchor\" data-toggle=\"1\" role=\"tab\" tabindex=\"0\" aria-controls=\"jet-toggle-content-4101\" aria-expanded=\"false\" data-template-id=\"false\">\n\t\t\t\t\t\t\t\t<div class=\"jet-toggle__label-icon jet-toggle-icon-position-left\"><span class=\"jet-toggle__icon icon-normal jet-tabs-icon\"><i class=\"fas fa-plus\"><\/i><\/span><span class=\"jet-toggle__icon icon-active jet-tabs-icon\"><i class=\"fas fa-minus\"><\/i><\/span><\/div><div class=\"jet-toggle__label-text\">Association goals<\/div>\t\t\t\t\t\t\t<\/div>\n\t\t\t\t\t\t\t<div id=\"jet-toggle-content-4101\" class=\"jet-toggle__content\" data-toggle=\"1\" role=\"tabpanel\" data-template-id=\"false\">\n\t\t\t\t\t\t\t\t<div class=\"jet-toggle__content-inner\"><p>The fundamental goals of the Association&#8217;s existence and work are:<\/p>\n<ul>\n<li>Establishing and maintaining connections between the Faculty of Kinesiology in Split and members of the Association and building mutual relationships and cooperation,<\/li>\n<li>Collecting feedback from members on satisfaction with acquired knowledge and skills, on current labor market needs in terms of professional professions, including the Association in the internal quality system of the Faculty of Kinesiology in Split,<\/li>\n<li>Preserving the tradition and promoting the reputation of the Faculty in the Republic of Croatia and abroad, developing cooperation between the Faculty of Kinesiology in Split and economic entities or organizations in which members of the Association operate, networking and exchanging experiences of members of the Association,<\/li>\n<li>Encouraging and improving the professional, scientific, practical, general and social activities of the Association&#8217;s members,<\/li>\n<li>Encouraging cooperation between members of the Association and the Faculty of Kinesiology in Split through the involvement of members of the Association in various projects,<\/li>\n<li>Participation in international scientific and professional exchange and establishing contacts with similar associations in the country and abroad,<\/li>\n<li>Encouraging members to engage in lifelong education and training, as well as improving and promoting the work of kinesiologists, and working to raise awareness of the role of kinesiologists in society,<\/li>\n<li>Improving the activities and promoting the Faculty of Kinesiology as a socially responsible institution.<\/li>\n<\/ul>\n<p>The association, in accordance with its goals, operates in the fields of kinesiology, education, science, research, international cooperation and sustainable development.<\/p>\n<\/div>\n\t\t\t\t\t\t\t<\/div>\n\t\t\t\t\t\t<\/div><div class=\"jet-accordion__item jet-toggle jet-toggle-move-up-effect \">\n\t\t\t\t\t\t\t<div id=\"jet-toggle-control-4102\" class=\"jet-toggle__control elementor-menu-anchor\" data-toggle=\"2\" role=\"tab\" tabindex=\"0\" aria-controls=\"jet-toggle-content-4102\" aria-expanded=\"false\" data-template-id=\"false\">\n\t\t\t\t\t\t\t\t<div class=\"jet-toggle__label-icon jet-toggle-icon-position-left\"><span class=\"jet-toggle__icon icon-normal jet-tabs-icon\"><i class=\"fas fa-plus\"><\/i><\/span><span class=\"jet-toggle__icon icon-active jet-tabs-icon\"><i class=\"fas fa-minus\"><\/i><\/span><\/div><div class=\"jet-toggle__label-text\">Activities of the association<\/div>\t\t\t\t\t\t\t<\/div>\n\t\t\t\t\t\t\t<div id=\"jet-toggle-content-4102\" class=\"jet-toggle__content\" data-toggle=\"2\" role=\"tabpanel\" data-template-id=\"false\">\n\t\t\t\t\t\t\t\t<div class=\"jet-toggle__content-inner\"><p>The activities of the Association are:<\/p>\n<ul>\n<li>Organizing round tables on topics of interest,<\/li>\n<li>Encouraging the organization of meetings, forums, workshops and lectures for members of the Association,<\/li>\n<li>Organization and implementation of various programs and projects in the field of kinesiology and interdisciplinary related fields<\/li>\n<li>Cooperation with other Alumni associations and professional associations in the country and abroad,<\/li>\n<li>Cooperation with the Faculty of Kinesiology in Split in the field of improving teaching, conducting scientific and professional research and projects<\/li>\n<li>Providing information to potential and current students regarding studying at the Faculty of Kinesiology in Split and employment opportunities after graduation<\/li>\n<li>Cooperation with student organizations of the Faculty of Kinesiology in Split<\/li>\n<li>Monitoring and encouraging further development of the best students of the Faculty of Kinesiology in Split<\/li>\n<li>Informing about the activities of the Association and the Faculty of Kinesiology in Split, as well as activities related to the personal and professional development of the membership<\/li>\n<li>Publishing scientific and professional publications and publishing the Association&#8217;s newsletter<\/li>\n<li>Promoting and popularizing kinesiology science and profession<\/li>\n<li>Organizing meetings of the Association members<\/li>\n<li>Organizing study trips for members of the Association<\/li>\n<li>Humanitarian activities<\/li>\n<li>Establishing foundations and providing scholarships to students<\/li>\n<li>Development cooperation \u2013 education, other development cooperation activities, activities in the field of international cooperation<\/li>\n<li>Other activities in the fields of education, science and research and other areas of interest<\/li>\n<\/ul>\n<\/div>\n\t\t\t\t\t\t\t<\/div>\n\t\t\t\t\t\t<\/div><div class=\"jet-accordion__item jet-toggle jet-toggle-move-up-effect \">\n\t\t\t\t\t\t\t<div id=\"jet-toggle-control-4103\" class=\"jet-toggle__control elementor-menu-anchor\" data-toggle=\"3\" role=\"tab\" tabindex=\"0\" aria-controls=\"jet-toggle-content-4103\" aria-expanded=\"false\" data-template-id=\"false\">\n\t\t\t\t\t\t\t\t<div class=\"jet-toggle__label-icon jet-toggle-icon-position-left\"><span class=\"jet-toggle__icon icon-normal jet-tabs-icon\"><i class=\"fas fa-plus\"><\/i><\/span><span class=\"jet-toggle__icon icon-active jet-tabs-icon\"><i class=\"fas fa-minus\"><\/i><\/span><\/div><div class=\"jet-toggle__label-text\">Application and membership fee<\/div>\t\t\t\t\t\t\t<\/div>\n\t\t\t\t\t\t\t<div id=\"jet-toggle-content-4103\" class=\"jet-toggle__content\" data-toggle=\"3\" role=\"tabpanel\" data-template-id=\"false\">\n\t\t\t\t\t\t\t\t<div class=\"jet-toggle__content-inner\"><p><a href=\"https:\/\/docs.google.com\/forms\/d\/e\/1FAIpQLScGy2jkZBed3n87xRDx-RY7iSNCccNA7bep2N2Rbdh3h9TKFQ\/viewform\">Application form<\/a><\/p>\n<p><strong>Membership fee<\/strong><\/p>\n<p>Members of the association pay an annual membership fee of 5.00 euros.<\/p>\n<p>Payment instructions:<\/p>\n<p>IBAN or recipient account number: HR6523600001103124134<\/p>\n<p>Payment description: Membership fee for 2026. payer&#8217;s last name<\/p><\/div>\n\t\t\t\t\t\t\t<\/div>\n\t\t\t\t\t\t<\/div><div class=\"jet-accordion__item jet-toggle jet-toggle-move-up-effect \">\n\t\t\t\t\t\t\t<div id=\"jet-toggle-control-4104\" class=\"jet-toggle__control elementor-menu-anchor\" data-toggle=\"4\" role=\"tab\" tabindex=\"0\" aria-controls=\"jet-toggle-content-4104\" aria-expanded=\"false\" data-template-id=\"false\">\n\t\t\t\t\t\t\t\t<div class=\"jet-toggle__label-icon jet-toggle-icon-position-left\"><span class=\"jet-toggle__icon icon-normal jet-tabs-icon\"><i class=\"fas fa-plus\"><\/i><\/span><span class=\"jet-toggle__icon icon-active jet-tabs-icon\"><i class=\"fas fa-minus\"><\/i><\/span><\/div><div class=\"jet-toggle__label-text\">Association meetings<\/div>\t\t\t\t\t\t\t<\/div>\n\t\t\t\t\t\t\t<div id=\"jet-toggle-content-4104\" class=\"jet-toggle__content\" data-toggle=\"4\" role=\"tabpanel\" data-template-id=\"false\">\n\t\t\t\t\t\t\t\t<div class=\"jet-toggle__content-inner\"><article class=\"post\">\n<h1><span class=\"plavo maliplavi\">7th meeting of the Association&#8217;s board of directors 06.12.2024.<\/span><\/h1>\n<h1><span class=\"plavo maliplavi\">New ALUMNI KIFST presidency elected<\/span><\/h1>\n<p>On the 22nd. 12. 2023. The extraordinary election assembly of Alumni KIFST Split was held. At the session, a new presidency of the association was elected: The president of the association is prof. dr. Hrvoje Karnin\u010di\u0107, vice-president doc. dr. Mateo Bla\u017eevi\u0107, the secretary of the association is univ. bac. cin. Antea \u0160ipalo Lili\u0107. The board of directors of the association: prof. dr. Hrvoje Karnin\u010di\u0107, doc. dr. Mateo Bla\u017eevi\u0107, univ. bac. cin. Antea \u0160ipalo Lili\u0107, mag. cin. Karla \u0160iti\u0107 and mag. cin. Miho Tadi\u0107. The supervisory board: president prof. dr. Mladen Hraste, mag. cin. Petra Rajkovi\u0107 Vuleti\u0107, mag. cin. Zrinka Smoje, Jelena Palaversi\u0107 was elected as the liquidator<\/p>\n<\/article>\n<article class=\"post\">\n<h1><strong><span class=\"maliplavi\">Electoral Assembly of the Association of Graduate Students of the Faculty of Kinesiology \u2013 Alumni KIF Split<\/span><\/strong><\/h1>\n<p>Alumni KIF Split Teslina 6, Split Registration number: 04122917 OIB: 82189677442 alumni@kifst.hr Split, December 14, 2023. Based on Article 21, paragraph 1, of the Statute of the Association of Graduate Students of the Faculty of Kinesiology &#8211; Alumni KIF Split, INVITATION to the session of the Electoral Assembly of the Association of Graduate Students of the Faculty of Kinesiology &#8211; Alumni KIF Split, which will be held on December 22, 2023.<\/p>\n<\/article><\/div>\n\t\t\t\t\t\t\t<\/div>\n\t\t\t\t\t\t<\/div>\t\t\t\t\t\t\t\t<\/div>\n\t\t<\/div>\n\t\t\t\t<\/div>\n\t\t\t\t<\/div>\n\t\t\t\t\t<\/div>\n\t\t<\/div>\n\t\t\t\t\t\t\t<\/div>\n\t\t<\/section>\n\t\t\t\t\t\t\t<\/div>\n\t\t","protected":false},"excerpt":{"rendered":"<p>The Association of Graduate Students of the Faculty of Kinesiology, University of Split &#8211; Alumni KIF Split is a non-profit civic association founded on April 5, 2011, at the initiative of a group of graduate students of the Faculty of Kinesiology, University of Split. Its first president was Prof. Dr. Zoran Grgantov Alumni KIFST is<\/p>\n","protected":false},"author":34,"featured_media":30815,"parent":0,"menu_order":0,"comment_status":"closed","ping_status":"closed","template":"elementor_theme","meta":{"footnotes":""},"acf":[],"_links":{"self":[{"href":"https:\/\/web.kifst.unist.hr\/en\/wp-json\/wp\/v2\/pages\/23550"}],"collection":[{"href":"https:\/\/web.kifst.unist.hr\/en\/wp-json\/wp\/v2\/pages"}],"about":[{"href":"https:\/\/web.kifst.unist.hr\/en\/wp-json\/wp\/v2\/types\/page"}],"author":[{"embeddable":true,"href":"https:\/\/web.kifst.unist.hr\/en\/wp-json\/wp\/v2\/users\/34"}],"replies":[{"embeddable":true,"href":"https:\/\/web.kifst.unist.hr\/en\/wp-json\/wp\/v2\/comments?post=23550"}],"version-history":[{"count":12,"href":"https:\/\/web.kifst.unist.hr\/en\/wp-json\/wp\/v2\/pages\/23550\/revisions"}],"predecessor-version":[{"id":32822,"href":"https:\/\/web.kifst.unist.hr\/en\/wp-json\/wp\/v2\/pages\/23550\/revisions\/32822"}],"wp:featuredmedia":[{"embeddable":true,"href":"https:\/\/web.kifst.unist.hr\/en\/wp-json\/wp\/v2\/media\/30815"}],"wp:attachment":[{"href":"https:\/\/web.kifst.unist.hr\/en\/wp-json\/wp\/v2\/media?parent=23550"}],"curies":[{"name":"wp","href":"https:\/\/api.w.org\/{rel}","templated":true}]}}