{"id":23545,"date":"2023-09-15T16:32:21","date_gmt":"2023-09-15T16:32:21","guid":{"rendered":"https:\/\/web.kifst.unist.hr\/further-education-and-career\/recognition-of-foreign-qualifications\/"},"modified":"2026-05-07T16:46:19","modified_gmt":"2026-05-07T16:46:19","slug":"recognition-of-foreign-qualifications","status":"publish","type":"page","link":"https:\/\/web.kifst.unist.hr\/en\/study\/recognition-of-foreign-qualifications\/","title":{"rendered":"Recognition of foreign qualifications"},"content":{"rendered":"\t\t<div data-elementor-type=\"wp-post\" data-elementor-id=\"23545\" class=\"elementor elementor-23545 elementor-17821\" data-elementor-post-type=\"page\">\n\t\t\t\t\t\t\t\t\t<section class=\"elementor-section elementor-top-section elementor-element elementor-element-6467f2e4 elementor-section-boxed elementor-section-height-default elementor-section-height-default\" data-id=\"6467f2e4\" data-element_type=\"section\" data-settings=\"{&quot;jet_parallax_layout_list&quot;:[]}\">\n\t\t\t\t\t\t<div class=\"elementor-container elementor-column-gap-default\">\n\t\t\t\t\t<div class=\"elementor-column elementor-col-100 elementor-top-column elementor-element elementor-element-6d594663\" data-id=\"6d594663\" data-element_type=\"column\">\n\t\t\t<div class=\"elementor-widget-wrap elementor-element-populated\">\n\t\t\t\t\t\t\t\t<div class=\"elementor-element elementor-element-6d60d699 elementor-widget elementor-widget-text-editor\" data-id=\"6d60d699\" data-element_type=\"widget\" data-widget_type=\"text-editor.default\">\n\t\t\t\t<div class=\"elementor-widget-container\">\n\t\t\t\t\t\t\t<p data-start=\"53\" data-end=\"290\">The process of recognition and evaluation of a foreign educational qualification is intended for persons who obtained the qualification outside the Republic of Croatia and wish to exercise the right to continue their education or other rights in accordance with current regulations.<\/p>\n<p data-start=\"292\" data-end=\"503\">This page provides basic information about the procedure for recognizing foreign qualifications at the Faculty of Kinesiology, University of Split, as well as instructions on the required documentation and how to submit an application.<\/p>\n<p data-start=\"505\" data-end=\"653\">The procedure is carried out in accordance with the valid legal and by-laws governing the recognition and evaluation of foreign educational qualifications.<\/p>\t\t\t\t\t\t<\/div>\n\t\t\t\t<\/div>\n\t\t\t\t\t<\/div>\n\t\t<\/div>\n\t\t\t\t\t\t\t<\/div>\n\t\t<\/section>\n\t\t\t\t<section class=\"elementor-section elementor-top-section elementor-element elementor-element-649234e6 elementor-section-boxed elementor-section-height-default elementor-section-height-default\" data-id=\"649234e6\" data-element_type=\"section\" data-settings=\"{&quot;jet_parallax_layout_list&quot;:[]}\">\n\t\t\t\t\t\t<div class=\"elementor-container elementor-column-gap-default\">\n\t\t\t\t\t<div class=\"elementor-column elementor-col-100 elementor-top-column elementor-element elementor-element-b0dc699\" data-id=\"b0dc699\" data-element_type=\"column\">\n\t\t\t<div class=\"elementor-widget-wrap elementor-element-populated\">\n\t\t\t\t\t\t\t\t<div class=\"elementor-element elementor-element-4196caa5 elementor-widget elementor-widget-jet-accordion\" data-id=\"4196caa5\" data-element_type=\"widget\" data-widget_type=\"jet-accordion.default\">\n\t\t\t\t<div class=\"elementor-widget-container\">\n\t\t\t\t\t<div class=\"jet-accordion\" data-settings=\"{&quot;collapsible&quot;:false,&quot;ajaxTemplate&quot;:false,&quot;switchScrolling&quot;:false,&quot;switchScrollingOffset&quot;:0,&quot;switchScrollingDelay&quot;:500}\" role=\"tablist\">\n\t\t\t<div class=\"jet-accordion__inner\">\n\t\t\t\t<div class=\"jet-accordion__item jet-toggle jet-toggle-move-up-effect \">\n\t\t\t\t\t\t\t<div id=\"jet-toggle-control-1101\" class=\"jet-toggle__control elementor-menu-anchor\" data-toggle=\"1\" role=\"tab\" tabindex=\"0\" aria-controls=\"jet-toggle-content-1101\" aria-expanded=\"false\" data-template-id=\"false\">\n\t\t\t\t\t\t\t\t<div class=\"jet-toggle__label-icon jet-toggle-icon-position-left\"><span class=\"jet-toggle__icon icon-normal jet-tabs-icon\"><i class=\"fas fa-plus\"><\/i><\/span><span class=\"jet-toggle__icon icon-active jet-tabs-icon\"><i class=\"fas fa-minus\"><\/i><\/span><\/div><div class=\"jet-toggle__label-text\">Recognition of foreign educational qualifications<\/div>\t\t\t\t\t\t\t<\/div>\n\t\t\t\t\t\t\t<div id=\"jet-toggle-content-1101\" class=\"jet-toggle__content\" data-toggle=\"1\" role=\"tabpanel\" data-template-id=\"false\">\n\t\t\t\t\t\t\t\t<div class=\"jet-toggle__content-inner\"><p><strong>RECOGNITION OF FOREIGN EDUCATIONAL QUALIFICATIONS<\/strong><\/p>\n<ul>\n<li>An application for academic recognition of foreign higher education qualifications is submitted <em>to the Academic Recognition Office<\/em> at the University.<\/li>\n<li>The application is submitted on the prescribed <strong>form<\/strong> (below) and accompanied by the documents prescribed in Article 12, paragraph 2 of the Act on the Recognition of Foreign Educational Qualifications (OG 69\/2022) <\/li>\n<li>The Office, within 15 days of receiving the completed Request, delivers it to the University component where the party wishes to continue their studies.<\/li>\n<\/ul>\n<p>The following must be attached to the request:<\/p>\n<ul>\n<li>Original or certified copy of a public document proving a foreign educational qualification, with a certified translation into Croatian or English<\/li>\n<li>Original or certified copy of the supplementary document on studies or supplementary document accompanying the certificate in English, if any, with a certified translation into Croatian or English<\/li>\n<li>A copy of the identity card, travel document, proof of citizenship or other appropriate document that can establish the identity of the holder of a foreign educational qualification<\/li>\n<li>Proof of payment of costs (the amount of 60 EUR should be paid to the University of Split, R. Bo\u0161kovi\u0107a 31, 21000 Split, IBAN HR 29845096215)<\/li>\n<\/ul>\n<p>The application and documentation must be submitted to the following address: <strong>University of Split, Ru\u0111era Bo\u0161kovi\u0107a 31, 21000 Split<\/strong> by mail or in person (protocol, 4th floor or room 3.8, 3rd floor).<\/p>\n<\/div>\n\t\t\t\t\t\t\t<\/div>\n\t\t\t\t\t\t<\/div><div class=\"jet-accordion__item jet-toggle jet-toggle-move-up-effect \">\n\t\t\t\t\t\t\t<div id=\"jet-toggle-control-1102\" class=\"jet-toggle__control elementor-menu-anchor\" data-toggle=\"2\" role=\"tab\" tabindex=\"0\" aria-controls=\"jet-toggle-content-1102\" aria-expanded=\"false\" data-template-id=\"false\">\n\t\t\t\t\t\t\t\t<div class=\"jet-toggle__label-icon jet-toggle-icon-position-left\"><span class=\"jet-toggle__icon icon-normal jet-tabs-icon\"><i class=\"fas fa-plus\"><\/i><\/span><span class=\"jet-toggle__icon icon-active jet-tabs-icon\"><i class=\"fas fa-minus\"><\/i><\/span><\/div><div class=\"jet-toggle__label-text\">Recognition of periods of education abroad<\/div>\t\t\t\t\t\t\t<\/div>\n\t\t\t\t\t\t\t<div id=\"jet-toggle-content-1102\" class=\"jet-toggle__content\" data-toggle=\"2\" role=\"tabpanel\" data-template-id=\"false\">\n\t\t\t\t\t\t\t\t<div class=\"jet-toggle__content-inner\"><p><strong>RECOGNITION OF PERIODS OF EDUCATION ABROAD<\/strong><\/p>\n<p><strong><u>The application for Recognition of Periods of Education<\/u><\/strong> is submitted directly to the Faculty, which carries out the entire procedure for recognizing periods of study.<\/p>\n<p>The following shall be attached to the request:<\/p>\n<p>Transcript of passed exams with grades and ECTS points in original<\/p>\n<p>Official study plan and program (omit if published on the official website of the institution)<\/p>\n<p>A copy of your ID card, travel document, proof of citizenship or other appropriate document that can be used to establish your identity<\/p>\n<p>Confirmation of payment of the cost reimbursement (the amount of EUR 30 should be paid to the Faculty of Kinesiology, Teslina 6, 21000 Split, IBAN HR4124070001100643571)<\/p>\n<p>The application and documentation must be submitted to the following address: Faculty of Kinesiology Split, Teslina 6, 21000 Split, by mail or in person at the Student Office (Teslina 10, 4th floor).<\/p>\n<\/div>\n\t\t\t\t\t\t\t<\/div>\n\t\t\t\t\t\t<\/div><div class=\"jet-accordion__item jet-toggle jet-toggle-move-up-effect \">\n\t\t\t\t\t\t\t<div id=\"jet-toggle-control-1103\" class=\"jet-toggle__control elementor-menu-anchor\" data-toggle=\"3\" role=\"tab\" tabindex=\"0\" aria-controls=\"jet-toggle-content-1103\" aria-expanded=\"false\" data-template-id=\"false\">\n\t\t\t\t\t\t\t\t<div class=\"jet-toggle__label-icon jet-toggle-icon-position-left\"><span class=\"jet-toggle__icon icon-normal jet-tabs-icon\"><i class=\"fas fa-plus\"><\/i><\/span><span class=\"jet-toggle__icon icon-active jet-tabs-icon\"><i class=\"fas fa-minus\"><\/i><\/span><\/div><div class=\"jet-toggle__label-text\">Documents<\/div>\t\t\t\t\t\t\t<\/div>\n\t\t\t\t\t\t\t<div id=\"jet-toggle-content-1103\" class=\"jet-toggle__content\" data-toggle=\"3\" role=\"tabpanel\" data-template-id=\"false\">\n\t\t\t\t\t\t\t\t<div class=\"jet-toggle__content-inner\"><ul>\n<li><a href=\"https:\/\/narodne-novine.nn.hr\/clanci\/sluzbeni\/2022_06_69_1023.html\">Act on the Recognition of Foreign Educational Qualifications (Official Gazette 69\/2022)<\/a><\/li>\n<li><a href=\"https:\/\/arhiva.unist.hr\/en\/DesktopModules\/Bring2mind\/DMX\/API\/Entries\/Download?language=en-US&amp;EntryId=112&amp;Command=Core_Download&amp;PortalId=0&amp;TabId=1846\">Regulations of the University of Split on the academic recognition of foreign higher education qualifications and periods of study<\/a><\/li>\n<li><a href=\"https:\/\/narodne-novine.nn.hr\/clanci\/sluzbeni\/2023_07_85_1337.html\">Rulebook on the amount of compensation for the costs of recognition and evaluation procedures, the method of distribution of compensation, exemption from payment of compensation and other issues of procedural costs (Official Gazette 85\/2023)<\/a><\/li>\n<li><a href=\"https:\/\/web.kifst.unist.hr\/wp-content\/uploads\/2025\/04\/Zahtjev-za-priznavanje-inozemne-kvalifikacije-Sveuciliste.doc\">Application for recognition of a foreign educational qualification \u2013 University<\/a><\/li>\n<li><a href=\"https:\/\/web.kifst.unist.hr\/wp-content\/uploads\/2025\/04\/ZAHTJEV-ZA-PRIZNAVANJE-RAZDOBLJA-OBRAZOVANJA.doc\">Application for Recognition of Period of Education &#8211; Faculty<\/a><\/li>\n<\/ul>\n<\/div>\n\t\t\t\t\t\t\t<\/div>\n\t\t\t\t\t\t<\/div>\t\t\t\t\t\t\t\t<\/div>\n\t\t<\/div>\n\t\t\t\t<\/div>\n\t\t\t\t<\/div>\n\t\t\t\t\t<\/div>\n\t\t<\/div>\n\t\t\t\t\t\t\t<\/div>\n\t\t<\/section>\n\t\t\t\t\t\t\t<\/div>\n\t\t","protected":false},"excerpt":{"rendered":"<p>The process of recognition and evaluation of a foreign educational qualification is intended for persons who obtained the qualification outside the Republic of Croatia and wish to exercise the right to continue their education or other rights in accordance with current regulations. This page provides basic information about the procedure for recognizing foreign qualifications at<\/p>\n","protected":false},"author":34,"featured_media":0,"parent":23384,"menu_order":0,"comment_status":"closed","ping_status":"closed","template":"elementor_theme","meta":{"footnotes":""},"acf":[],"_links":{"self":[{"href":"https:\/\/web.kifst.unist.hr\/en\/wp-json\/wp\/v2\/pages\/23545"}],"collection":[{"href":"https:\/\/web.kifst.unist.hr\/en\/wp-json\/wp\/v2\/pages"}],"about":[{"href":"https:\/\/web.kifst.unist.hr\/en\/wp-json\/wp\/v2\/types\/page"}],"author":[{"embeddable":true,"href":"https:\/\/web.kifst.unist.hr\/en\/wp-json\/wp\/v2\/users\/34"}],"replies":[{"embeddable":true,"href":"https:\/\/web.kifst.unist.hr\/en\/wp-json\/wp\/v2\/comments?post=23545"}],"version-history":[{"count":3,"href":"https:\/\/web.kifst.unist.hr\/en\/wp-json\/wp\/v2\/pages\/23545\/revisions"}],"predecessor-version":[{"id":32561,"href":"https:\/\/web.kifst.unist.hr\/en\/wp-json\/wp\/v2\/pages\/23545\/revisions\/32561"}],"up":[{"embeddable":true,"href":"https:\/\/web.kifst.unist.hr\/en\/wp-json\/wp\/v2\/pages\/23384"}],"wp:attachment":[{"href":"https:\/\/web.kifst.unist.hr\/en\/wp-json\/wp\/v2\/media?parent=23545"}],"curies":[{"name":"wp","href":"https:\/\/api.w.org\/{rel}","templated":true}]}}